{"id":29848,"date":"2025-12-02T12:07:51","date_gmt":"2025-12-02T10:07:51","guid":{"rendered":"https:\/\/zamuletas.lt\/?post_type=product&#038;p=29848"},"modified":"2026-02-24T14:05:56","modified_gmt":"2026-02-24T12:05:56","slug":"zalvario-zenkliukas-grazusis-fazanas","status":"publish","type":"product","link":"https:\/\/zamuletas.lt\/en\/produktas\/zalvario-zenkliukas-grazusis-fazanas\/","title":{"rendered":"\u017dalvarinis \u017eenkliukas: Gra\u017eusis Fazanas"},"content":{"rendered":"<h4 data-path-to-node=\"13\"><b>Elegancija ir stilius: Fazanas \u2013 gro\u017eio simbolis<\/b><\/h4>\n<p data-path-to-node=\"14\">\u017dalvarinis \u017eenkliukas: Gra\u017eusis Fazanas. \u0160is rank\u0173 darbo \u017ealvarinis \u017eenkliukas yra sukurtas pabr\u0117\u017eti nat\u016bral\u0173 gro\u017e\u012f ir elegancij\u0105. Fazanas, laikomas vienu gra\u017eiausi\u0173 Lietuvos laukin\u0117s gamtos pauk\u0161\u010di\u0173, da\u017enai asocijuojamas su <b>prabanga ir estetika<\/b>. Jis idealiai tinka tiems, kurie vertina stiliaus detales.<\/p>\n<h4 data-path-to-node=\"15\"><b>Detal\u0117s ir patogumas<\/b><\/h4>\n<ul data-path-to-node=\"16\">\n<li>\n<p data-path-to-node=\"16,0,0\"><b>I\u0161rai\u0161kingumas:<\/b> d\u0117l <b>36 mm plo\u010dio<\/b> \u017eenkliukas yra matomas, bet neapsunkinantis. Itin ma\u017eas svoris u\u017etikrina, kad jis tinka net ploniems, \u0161ilkiniams audiniams.<\/p>\n<\/li>\n<li>\n<p data-path-to-node=\"16,1,0\"><b>U\u017esegimas:<\/b> <strong>t<\/strong><b>virtai prisispaud\u017eiamas u\u017esegimas<\/b> garantuoja patikim\u0105 tvirtinim\u0105.<\/p>\n<\/li>\n<li>\n<p data-path-to-node=\"16,2,0\"><b>Buvein\u0117:<\/b> simbolizuoja ry\u0161\u012f su durpynais, nendrynais ir kr\u016bmynais \u2013 laukine Lietuvos gamta.<\/p>\n<\/li>\n<li>\n<p data-path-to-node=\"16,3,0\"><b>Med\u017eiaga:<\/b> pagamintas i\u0161 autenti\u0161ko <b>\u017ealvario<\/b>.<\/p>\n<\/li>\n<\/ul>\n","protected":false},"excerpt":{"rendered":"<p>Rank\u0173 darbo \u017ealvarinis \u017eenkliukas, \u012fam\u017einantis spalving\u0105j\u012f <b>Fazano<\/b> siluet\u0105. \u0160is pauk\u0161tis simbolizuoja <b>prabang\u0105, elegancij\u0105 ir gro\u017e\u012f<\/b>. D\u0117l <b>36 mm plo\u010dio<\/b> ir itin ma\u017eo <b>3,0\u20133,5 g svorio<\/b> puikiai tinka pabr\u0117\u017eti meil\u0119 gamtai ir stiliui. U\u017esegimas tvirtai prisispaud\u017eiamas. \u017dalvarinis \u017eenkliukas: Gra\u017eusis Fazanas.<img loading=\"lazy\" decoding=\"async\" class=\"aligncenter wp-image-29601 size-full\" src=\"https:\/\/zamuletas.lt\/wp-content\/uploads\/2025\/12\/Pagaminta-Lietuvoje-2.png\" alt=\"\" width=\"600\" height=\"200\" srcset=\"https:\/\/zamuletas.lt\/wp-content\/uploads\/2025\/12\/Pagaminta-Lietuvoje-2.png 600w, https:\/\/zamuletas.lt\/wp-content\/uploads\/2025\/12\/Pagaminta-Lietuvoje-2-430x143.png 430w, https:\/\/zamuletas.lt\/wp-content\/uploads\/2025\/12\/Pagaminta-Lietuvoje-2-150x50.png 150w, https:\/\/zamuletas.lt\/wp-content\/uploads\/2025\/12\/Pagaminta-Lietuvoje-2-400x133.png 400w\" sizes=\"auto, (max-width: 600px) 100vw, 600px\" \/><\/p>\n","protected":false},"featured_media":29850,"comment_status":"open","ping_status":"closed","template":"","meta":[],"product_brand":[],"product_cat":[81],"product_tag":[],"class_list":{"0":"post-29848","1":"product","2":"type-product","3":"status-publish","4":"has-post-thumbnail","6":"product_cat-zenkliukai","8":"first","9":"instock","10":"taxable","11":"shipping-taxable","12":"purchasable","13":"product-type-simple"},"_links":{"self":[{"href":"https:\/\/zamuletas.lt\/en\/wp-json\/wp\/v2\/product\/29848","targetHints":{"allow":["GET"]}}],"collection":[{"href":"https:\/\/zamuletas.lt\/en\/wp-json\/wp\/v2\/product"}],"about":[{"href":"https:\/\/zamuletas.lt\/en\/wp-json\/wp\/v2\/types\/product"}],"replies":[{"embeddable":true,"href":"https:\/\/zamuletas.lt\/en\/wp-json\/wp\/v2\/comments?post=29848"}],"version-history":[{"count":4,"href":"https:\/\/zamuletas.lt\/en\/wp-json\/wp\/v2\/product\/29848\/revisions"}],"predecessor-version":[{"id":30733,"href":"https:\/\/zamuletas.lt\/en\/wp-json\/wp\/v2\/product\/29848\/revisions\/30733"}],"wp:featuredmedia":[{"embeddable":true,"href":"https:\/\/zamuletas.lt\/en\/wp-json\/wp\/v2\/media\/29850"}],"wp:attachment":[{"href":"https:\/\/zamuletas.lt\/en\/wp-json\/wp\/v2\/media?parent=29848"}],"wp:term":[{"taxonomy":"product_brand","embeddable":true,"href":"https:\/\/zamuletas.lt\/en\/wp-json\/wp\/v2\/product_brand?post=29848"},{"taxonomy":"product_cat","embeddable":true,"href":"https:\/\/zamuletas.lt\/en\/wp-json\/wp\/v2\/product_cat?post=29848"},{"taxonomy":"product_tag","embeddable":true,"href":"https:\/\/zamuletas.lt\/en\/wp-json\/wp\/v2\/product_tag?post=29848"}],"curies":[{"name":"wp","href":"https:\/\/api.w.org\/{rel}","templated":true}]}}