{"id":29852,"date":"2025-12-02T12:12:23","date_gmt":"2025-12-02T10:12:23","guid":{"rendered":"https:\/\/zamuletas.lt\/?post_type=product&#038;p=29852"},"modified":"2026-02-24T14:04:42","modified_gmt":"2026-02-24T12:04:42","slug":"29852","status":"publish","type":"product","link":"https:\/\/zamuletas.lt\/en\/produktas\/29852\/","title":{"rendered":"\u017denkliukas \u201eGele\u017einis Vilkas\u201c"},"content":{"rendered":"<h4 data-path-to-node=\"13\"><b>Gedimino vizija: Gele\u017einis Vilkas \u2013 valios simbolis<\/b><\/h4>\n<p data-path-to-node=\"14\">\u017denkliukas \u201eGele\u017einis Vilkas\u201c. \u0160is rank\u0173 darbo \u017eenkliukas atspindi vien\u0105 svarbiausi\u0173 Lietuvos Did\u017eiosios Kunigaik\u0161tyst\u0117s legend\u0173. Gele\u017einis Vilkas, susapnuotas kunigaik\u0161\u010dio Gedimino, rei\u0161kia b\u016bsim\u0105 <b>Vilniaus didyb\u0119<\/b> ir ne\u0161ioja galing\u0105 s\u0117km\u0117s bei ry\u017eto energij\u0105.<\/p>\n<h4 data-path-to-node=\"15\"><b>Simbolika ir poveikis<\/b><\/h4>\n<ul data-path-to-node=\"16\">\n<li>\n<p data-path-to-node=\"16,0,0\"><b>Kovingumas ir agresyvumas:<\/b> simbolis \u012fkvepia ne\u0161iotoj\u0105 did\u017eiule valia, padeda pasiekti u\u017esibr\u0117\u017etus tikslus ir nugal\u0117ti abejones.<\/p>\n<\/li>\n<li>\n<p data-path-to-node=\"16,1,0\"><b>Apsauga:<\/b> Vilkas yra sargas, saugantis nuo i\u0161orin\u0117s blogos energijos.<\/p>\n<\/li>\n<\/ul>\n<h4 data-path-to-node=\"17\"><b>Detal\u0117s ir patogumas<\/b><\/h4>\n<ul data-path-to-node=\"18\">\n<li>\n<p data-path-to-node=\"18,0,0\"><b>Subtilumas:<\/b> \u017eenkliukas yra idealus ne\u0161ioti ant \u0161varko atlapo ar mar\u0161kini\u0173 apykakl\u0117s (20&#215;12 mm, svoris 3\u20134 g).<\/p>\n<\/li>\n<li>\n<p data-path-to-node=\"18,1,0\"><b>Saugumas:<\/b> <strong>t<\/strong><b>virtai u\u017esukamas u\u017esegimas<\/b> yra saugiausia tvirtinimo forma, neleid\u017eianti \u017eenkliukui pasimesti.<\/p>\n<\/li>\n<li>\n<p data-path-to-node=\"18,2,0\"><b>Med\u017eiagos pasirinkimas:<\/b> rinkit\u0117s \u0161ilt\u0105 <b>\u017ealvar\u012f<\/b> arba \u0161alt\u0105, eleganti\u0161k\u0105 <b>pasidabruot\u0105 \u017ealvar\u012f<\/b>.<\/p>\n<\/li>\n<\/ul>\n","protected":false},"excerpt":{"rendered":"<p>Rank\u0173 darbo \u017eenkliukas, \u012fam\u017einantis legendin\u012f <b>Gedimino Gele\u017ein\u012f Vilk\u0105<\/b>. Tai <b>valios, kovingumo ir tiksl\u0173 pasiekiamumo<\/b> simbolis. Kompakti\u0161kas (<b>20&#215;12 mm<\/b>) ir lengvas, su <b>tvirtai u\u017esukamu u\u017esegimu<\/b>, garantuojan\u010diu saugum\u0105. \u017denkliukas \u201eGele\u017einis Vilkas\u201c<img loading=\"lazy\" decoding=\"async\" class=\"aligncenter wp-image-29601 size-full\" src=\"https:\/\/zamuletas.lt\/wp-content\/uploads\/2025\/12\/Pagaminta-Lietuvoje-2.png\" alt=\"\" width=\"600\" height=\"200\" srcset=\"https:\/\/zamuletas.lt\/wp-content\/uploads\/2025\/12\/Pagaminta-Lietuvoje-2.png 600w, https:\/\/zamuletas.lt\/wp-content\/uploads\/2025\/12\/Pagaminta-Lietuvoje-2-430x143.png 430w, https:\/\/zamuletas.lt\/wp-content\/uploads\/2025\/12\/Pagaminta-Lietuvoje-2-150x50.png 150w, https:\/\/zamuletas.lt\/wp-content\/uploads\/2025\/12\/Pagaminta-Lietuvoje-2-400x133.png 400w\" sizes=\"auto, (max-width: 600px) 100vw, 600px\" \/><\/p>\n","protected":false},"featured_media":29856,"comment_status":"open","ping_status":"closed","template":"","meta":[],"product_brand":[],"product_cat":[81],"product_tag":[],"class_list":{"0":"post-29852","1":"product","2":"type-product","3":"status-publish","4":"has-post-thumbnail","6":"product_cat-zenkliukai","8":"first","9":"instock","10":"taxable","11":"shipping-taxable","12":"purchasable","13":"product-type-variable"},"_links":{"self":[{"href":"https:\/\/zamuletas.lt\/en\/wp-json\/wp\/v2\/product\/29852","targetHints":{"allow":["GET"]}}],"collection":[{"href":"https:\/\/zamuletas.lt\/en\/wp-json\/wp\/v2\/product"}],"about":[{"href":"https:\/\/zamuletas.lt\/en\/wp-json\/wp\/v2\/types\/product"}],"replies":[{"embeddable":true,"href":"https:\/\/zamuletas.lt\/en\/wp-json\/wp\/v2\/comments?post=29852"}],"version-history":[{"count":5,"href":"https:\/\/zamuletas.lt\/en\/wp-json\/wp\/v2\/product\/29852\/revisions"}],"predecessor-version":[{"id":30732,"href":"https:\/\/zamuletas.lt\/en\/wp-json\/wp\/v2\/product\/29852\/revisions\/30732"}],"wp:featuredmedia":[{"embeddable":true,"href":"https:\/\/zamuletas.lt\/en\/wp-json\/wp\/v2\/media\/29856"}],"wp:attachment":[{"href":"https:\/\/zamuletas.lt\/en\/wp-json\/wp\/v2\/media?parent=29852"}],"wp:term":[{"taxonomy":"product_brand","embeddable":true,"href":"https:\/\/zamuletas.lt\/en\/wp-json\/wp\/v2\/product_brand?post=29852"},{"taxonomy":"product_cat","embeddable":true,"href":"https:\/\/zamuletas.lt\/en\/wp-json\/wp\/v2\/product_cat?post=29852"},{"taxonomy":"product_tag","embeddable":true,"href":"https:\/\/zamuletas.lt\/en\/wp-json\/wp\/v2\/product_tag?post=29852"}],"curies":[{"name":"wp","href":"https:\/\/api.w.org\/{rel}","templated":true}]}}