{"id":29864,"date":"2025-12-03T13:25:00","date_gmt":"2025-12-03T11:25:00","guid":{"rendered":"https:\/\/zamuletas.lt\/?post_type=product&#038;p=29864"},"modified":"2026-02-24T14:04:20","modified_gmt":"2026-02-24T12:04:20","slug":"zalvario-zenkliukas-lietuvos-greitasis-kiskis","status":"publish","type":"product","link":"https:\/\/zamuletas.lt\/en\/produktas\/zalvario-zenkliukas-lietuvos-greitasis-kiskis\/","title":{"rendered":"\u017dalvarinis \u017eenkliukas: Lietuvos greitasis Ki\u0161kis"},"content":{"rendered":"<h4 data-path-to-node=\"13\"><b>Mi\u0161ko paslaptis: greitasis Ki\u0161kis \u2013 s\u0117km\u0117s simbolis<\/b><\/h4>\n<p data-path-to-node=\"14\">\u017dalvarinis \u017eenkliukas: Lietuvos greitasis Ki\u0161kis. \u0160is \u017ealvarinis \u017eenkliukas \u2013 tai subtilus ir prasmingas aksesuaras, atspindintis gamtos gro\u017e\u012f ir grei\u010dio simbolik\u0105. Ki\u0161kis daugelyje kult\u016br\u0173, \u012fskaitant Balt\u0173, siejamas su <b>s\u0117kme, vaisingumu ir apsauga<\/b> nuo blogio. Be to, jis simbolizuoja intuicij\u0105 ir geb\u0117jim\u0105 greitai reaguoti \u012f poky\u010dius.<\/p>\n<h4 data-path-to-node=\"15\"><b>Detal\u0117s ir saugumas<\/b><\/h4>\n<ul data-path-to-node=\"16\">\n<li>\n<p data-path-to-node=\"16,0,0\"><b>I\u0161rai\u0161kingumas:<\/b> d\u0117l <b>36 mm plo\u010dio<\/b> \u017eenkliukas yra puikus akcentas ant drabu\u017eio. Svoris (<b>5\u20136,0 g<\/b>) yra idealus kasdieniam ne\u0161iojimui.<\/p>\n<\/li>\n<li>\n<p data-path-to-node=\"16,1,0\"><b>Patikimas u\u017esegimas:<\/b> <b>tvirtai u\u017esukamas u\u017esegimas<\/b> u\u017etikrina, kad \u017eenkliukas i\u0161liks vietoje net aktyviai judant.<\/p>\n<\/li>\n<li>\n<p data-path-to-node=\"16,2,0\"><b>Med\u017eiaga:<\/b> pagamintas i\u0161 autenti\u0161ko <b>\u017ealvario<\/b>.<\/p>\n<\/li>\n<\/ul>\n","protected":false},"excerpt":{"rendered":"<p>Rank\u0173 darbo \u017ealvarinis \u017eenkliukas, \u012fam\u017einantis greit\u0105j\u012f <b>mi\u0161k\u0173 Ki\u0161k\u012f<\/b>. Ki\u0161kis simbolizuoja <b>greit\u012f, s\u0117km\u0119, apsaug\u0105 ir intuicij\u0105<\/b>. \u017denkliukas yra pailgos formos (<b>36 mm plo\u010dio<\/b>) ir turi patikim\u0105, tvirtai <b>u\u017esukam\u0105 u\u017esegim\u0105<\/b>. \u017dalvarinis \u017eenkliukas: Lietuvos greitasis Ki\u0161kis.<\/p>\n<p><img loading=\"lazy\" decoding=\"async\" class=\"aligncenter wp-image-29601 size-full\" src=\"https:\/\/zamuletas.lt\/wp-content\/uploads\/2025\/12\/Pagaminta-Lietuvoje-2.png\" alt=\"\" width=\"600\" height=\"200\" srcset=\"https:\/\/zamuletas.lt\/wp-content\/uploads\/2025\/12\/Pagaminta-Lietuvoje-2.png 600w, https:\/\/zamuletas.lt\/wp-content\/uploads\/2025\/12\/Pagaminta-Lietuvoje-2-430x143.png 430w, https:\/\/zamuletas.lt\/wp-content\/uploads\/2025\/12\/Pagaminta-Lietuvoje-2-150x50.png 150w, https:\/\/zamuletas.lt\/wp-content\/uploads\/2025\/12\/Pagaminta-Lietuvoje-2-400x133.png 400w\" sizes=\"auto, (max-width: 600px) 100vw, 600px\" \/><\/p>\n","protected":false},"featured_media":29866,"comment_status":"open","ping_status":"closed","template":"","meta":[],"product_brand":[],"product_cat":[81],"product_tag":[],"class_list":{"0":"post-29864","1":"product","2":"type-product","3":"status-publish","4":"has-post-thumbnail","6":"product_cat-zenkliukai","8":"first","9":"instock","10":"taxable","11":"shipping-taxable","12":"purchasable","13":"product-type-simple"},"_links":{"self":[{"href":"https:\/\/zamuletas.lt\/en\/wp-json\/wp\/v2\/product\/29864","targetHints":{"allow":["GET"]}}],"collection":[{"href":"https:\/\/zamuletas.lt\/en\/wp-json\/wp\/v2\/product"}],"about":[{"href":"https:\/\/zamuletas.lt\/en\/wp-json\/wp\/v2\/types\/product"}],"replies":[{"embeddable":true,"href":"https:\/\/zamuletas.lt\/en\/wp-json\/wp\/v2\/comments?post=29864"}],"version-history":[{"count":8,"href":"https:\/\/zamuletas.lt\/en\/wp-json\/wp\/v2\/product\/29864\/revisions"}],"predecessor-version":[{"id":30731,"href":"https:\/\/zamuletas.lt\/en\/wp-json\/wp\/v2\/product\/29864\/revisions\/30731"}],"wp:featuredmedia":[{"embeddable":true,"href":"https:\/\/zamuletas.lt\/en\/wp-json\/wp\/v2\/media\/29866"}],"wp:attachment":[{"href":"https:\/\/zamuletas.lt\/en\/wp-json\/wp\/v2\/media?parent=29864"}],"wp:term":[{"taxonomy":"product_brand","embeddable":true,"href":"https:\/\/zamuletas.lt\/en\/wp-json\/wp\/v2\/product_brand?post=29864"},{"taxonomy":"product_cat","embeddable":true,"href":"https:\/\/zamuletas.lt\/en\/wp-json\/wp\/v2\/product_cat?post=29864"},{"taxonomy":"product_tag","embeddable":true,"href":"https:\/\/zamuletas.lt\/en\/wp-json\/wp\/v2\/product_tag?post=29864"}],"curies":[{"name":"wp","href":"https:\/\/api.w.org\/{rel}","templated":true}]}}