{"id":29871,"date":"2025-12-03T13:33:02","date_gmt":"2025-12-03T11:33:02","guid":{"rendered":"https:\/\/zamuletas.lt\/?post_type=product&#038;p=29871"},"modified":"2026-02-24T14:03:54","modified_gmt":"2026-02-24T12:03:54","slug":"zalvario-zenkliukas-lietuvos-gudrioji-lapute","status":"publish","type":"product","link":"https:\/\/zamuletas.lt\/en\/produktas\/zalvario-zenkliukas-lietuvos-gudrioji-lapute\/","title":{"rendered":"\u017dalvarinis \u017eenkliukas: Lietuvos gudrioji Laput\u0117"},"content":{"rendered":"<h4 data-path-to-node=\"13\"><b>Mi\u0161ko i\u0161mintis: gudrioji Laput\u0117 \u2013 proto simbolis<\/b><\/h4>\n<p data-path-to-node=\"14\">\u017dalvarinis \u017eenkliukas: Lietuvos gudrioji Laput\u0117. \u0160is \u017ealvarinis \u017eenkliukas yra puikus rank\u0173 darbo aksesuaras, atspindintis lap\u0117s \u017eaves\u012f ir i\u0161mint\u012f. Lap\u0117 tradici\u0161kai vertinama kaip <b>gudrumo ir proto<\/b> simbolis, padedantis ne\u0161iotojui priimti sumanius sprendimus ir s\u0117kmingai prisitaikyti prie aplinkos.<\/p>\n<h4 data-path-to-node=\"15\"><b>Detal\u0117s ir Saugumas<\/b><\/h4>\n<ul data-path-to-node=\"16\">\n<li>\n<p data-path-to-node=\"16,0,0\"><b>I\u0161rai\u0161kingumas:<\/b> d\u0117l <b>40 mm plo\u010dio<\/b> \u017eenkliukas yra matomas, bet lengvas (<b>4\u20135 g<\/b>), tod\u0117l tinka atlapui, kepurei ar kuprinei.<\/p>\n<\/li>\n<li>\n<p data-path-to-node=\"16,1,0\"><b>Patikimas u\u017esegimas:<\/b> <strong>t<\/strong><b>virtai u\u017esukamas u\u017esegimas<\/b> u\u017etikrina maksimal\u0173 saugum\u0105 \u2013 \u017eenkliukas i\u0161liks vietoje net aktyviai judant.<\/p>\n<\/li>\n<li>\n<p data-path-to-node=\"16,2,0\"><b>Med\u017eiaga:<\/b> pagamintas i\u0161 autenti\u0161ko <b>\u017ealvario<\/b>.<\/p>\n<\/li>\n<\/ul>\n<p data-path-to-node=\"17\">Tai ideali dovana, simbolizuojanti sumanum\u0105 ir stili\u0173.<\/p>\n","protected":false},"excerpt":{"rendered":"<p>Rank\u0173 darbo \u017ealvarinis \u017eenkliukas, \u012fam\u017einantis <b>Lietuvos mi\u0161k\u0173 gudri\u0105j\u0105 Laput\u0119<\/b>. Lap\u0117 simbolizuoja <b>gudrum\u0105, prot\u0105, i\u0161mint\u012f ir prisitaikym\u0105<\/b>. \u017denkliukas yra pailgos formos (<b>40 mm plo\u010dio<\/b>) ir turi patikim\u0105, tvirtai <b>u\u017esukam\u0105 u\u017esegim\u0105<\/b>. \u017dalvarinis \u017eenkliukas: Lietuvos gudrioji Laput\u0117.<\/p>\n<p><img loading=\"lazy\" decoding=\"async\" class=\"aligncenter wp-image-29601 size-full\" src=\"https:\/\/zamuletas.lt\/wp-content\/uploads\/2025\/12\/Pagaminta-Lietuvoje-2.png\" alt=\"\" width=\"600\" height=\"200\" srcset=\"https:\/\/zamuletas.lt\/wp-content\/uploads\/2025\/12\/Pagaminta-Lietuvoje-2.png 600w, https:\/\/zamuletas.lt\/wp-content\/uploads\/2025\/12\/Pagaminta-Lietuvoje-2-430x143.png 430w, https:\/\/zamuletas.lt\/wp-content\/uploads\/2025\/12\/Pagaminta-Lietuvoje-2-150x50.png 150w, https:\/\/zamuletas.lt\/wp-content\/uploads\/2025\/12\/Pagaminta-Lietuvoje-2-400x133.png 400w\" sizes=\"auto, (max-width: 600px) 100vw, 600px\" \/><\/p>\n","protected":false},"featured_media":29873,"comment_status":"open","ping_status":"closed","template":"","meta":[],"product_brand":[],"product_cat":[81],"product_tag":[],"class_list":{"0":"post-29871","1":"product","2":"type-product","3":"status-publish","4":"has-post-thumbnail","6":"product_cat-zenkliukai","8":"first","9":"instock","10":"taxable","11":"shipping-taxable","12":"purchasable","13":"product-type-simple"},"_links":{"self":[{"href":"https:\/\/zamuletas.lt\/en\/wp-json\/wp\/v2\/product\/29871","targetHints":{"allow":["GET"]}}],"collection":[{"href":"https:\/\/zamuletas.lt\/en\/wp-json\/wp\/v2\/product"}],"about":[{"href":"https:\/\/zamuletas.lt\/en\/wp-json\/wp\/v2\/types\/product"}],"replies":[{"embeddable":true,"href":"https:\/\/zamuletas.lt\/en\/wp-json\/wp\/v2\/comments?post=29871"}],"version-history":[{"count":4,"href":"https:\/\/zamuletas.lt\/en\/wp-json\/wp\/v2\/product\/29871\/revisions"}],"predecessor-version":[{"id":30730,"href":"https:\/\/zamuletas.lt\/en\/wp-json\/wp\/v2\/product\/29871\/revisions\/30730"}],"wp:featuredmedia":[{"embeddable":true,"href":"https:\/\/zamuletas.lt\/en\/wp-json\/wp\/v2\/media\/29873"}],"wp:attachment":[{"href":"https:\/\/zamuletas.lt\/en\/wp-json\/wp\/v2\/media?parent=29871"}],"wp:term":[{"taxonomy":"product_brand","embeddable":true,"href":"https:\/\/zamuletas.lt\/en\/wp-json\/wp\/v2\/product_brand?post=29871"},{"taxonomy":"product_cat","embeddable":true,"href":"https:\/\/zamuletas.lt\/en\/wp-json\/wp\/v2\/product_cat?post=29871"},{"taxonomy":"product_tag","embeddable":true,"href":"https:\/\/zamuletas.lt\/en\/wp-json\/wp\/v2\/product_tag?post=29871"}],"curies":[{"name":"wp","href":"https:\/\/api.w.org\/{rel}","templated":true}]}}