{"id":29879,"date":"2025-12-03T13:39:58","date_gmt":"2025-12-03T11:39:58","guid":{"rendered":"https:\/\/zamuletas.lt\/?post_type=product&#038;p=29879"},"modified":"2026-02-24T14:02:54","modified_gmt":"2026-02-24T12:02:54","slug":"zalvario-zenkliukas-briedzio-delninis-ragas","status":"publish","type":"product","link":"https:\/\/zamuletas.lt\/en\/produktas\/zalvario-zenkliukas-briedzio-delninis-ragas\/","title":{"rendered":"\u017dalvarinis \u017eenkliukas: Bried\u017eio delninis ragas"},"content":{"rendered":"<h4 data-path-to-node=\"13\"><b>Giri\u0173 didyb\u0117: Delninis ragas \u2013 s\u0117km\u0117s simbolis<\/b><\/h4>\n<p data-path-to-node=\"14\">\u017dalvarinis \u017eenkliukas: Bried\u017eio delninis ragas. \u0160is \u017ealvarinis \u017eenkliukas \u2013 tai subtilus, bet galingas aksesuaras, atspindintis gamtos gali\u0105. Bried\u017eio ragas yra vertinamas kaip <b>trof\u0117jus, j\u0117gos ir pergal\u0117s simbolis<\/b>. Jis primena apie atsinaujinim\u0105 (ragai nukrenta ir u\u017eauga v\u0117l) bei \u012fkvepia i\u0161tvermei.<\/p>\n<h4 data-path-to-node=\"15\"><b>Detal\u0117s ir saugumas<\/b><\/h4>\n<ul data-path-to-node=\"16\">\n<li>\n<p data-path-to-node=\"16,0,0\"><b>Subtilumas:<\/b> \u017eenkliukas yra puikus dydis (<b>28 mm auk\u0161\u010dio<\/b>) ir labai lengvas (<b>5 g<\/b>), tod\u0117l puikiai tinka ne\u0161ioti ant \u0161varko atlapo ar kepur\u0117s.<\/p>\n<\/li>\n<li>\n<p data-path-to-node=\"16,1,0\"><b>Patikimas u\u017esegimas:<\/b> <strong>t<\/strong><b>virtai u\u017esukamas u\u017esegimas<\/b> u\u017etikrina, kad \u017eenkliukas nepasimes.<\/p>\n<\/li>\n<li>\n<p data-path-to-node=\"16,2,0\"><b>Med\u017eiaga:<\/b> pagamintas i\u0161 autenti\u0161ko <b>\u017ealvario<\/b>.<\/p>\n<\/li>\n<\/ul>\n","protected":false},"excerpt":{"rendered":"<p>Rank\u0173 darbo \u017ealvarinis \u017eenkliukas, \u012fam\u017einantis diding\u0105 <b>Bried\u017eio delnin\u012f rag\u0105<\/b>. Ragas simbolizuoja <b>j\u0117g\u0105, ilgaam\u017ei\u0161kum\u0105 ir gamtos didyb\u0119<\/b>. \u017denkliukas yra kompakti\u0161kas (<b>28&#215;24 mm<\/b>) ir lengvas (<b>5 g<\/b>), su patikimu, tvirtai <b>u\u017esukamu u\u017esegimu<\/b>. \u017dalvarinis \u017eenkliukas: Bried\u017eio delninis ragas.<img loading=\"lazy\" decoding=\"async\" class=\"aligncenter wp-image-29601 size-full\" src=\"https:\/\/zamuletas.lt\/wp-content\/uploads\/2025\/12\/Pagaminta-Lietuvoje-2.png\" alt=\"\" width=\"600\" height=\"200\" srcset=\"https:\/\/zamuletas.lt\/wp-content\/uploads\/2025\/12\/Pagaminta-Lietuvoje-2.png 600w, https:\/\/zamuletas.lt\/wp-content\/uploads\/2025\/12\/Pagaminta-Lietuvoje-2-430x143.png 430w, https:\/\/zamuletas.lt\/wp-content\/uploads\/2025\/12\/Pagaminta-Lietuvoje-2-150x50.png 150w, https:\/\/zamuletas.lt\/wp-content\/uploads\/2025\/12\/Pagaminta-Lietuvoje-2-400x133.png 400w\" sizes=\"auto, (max-width: 600px) 100vw, 600px\" \/><\/p>\n","protected":false},"featured_media":29881,"comment_status":"open","ping_status":"closed","template":"","meta":[],"product_brand":[],"product_cat":[81],"product_tag":[],"class_list":{"0":"post-29879","1":"product","2":"type-product","3":"status-publish","4":"has-post-thumbnail","6":"product_cat-zenkliukai","8":"first","9":"instock","10":"taxable","11":"shipping-taxable","12":"purchasable","13":"product-type-simple"},"_links":{"self":[{"href":"https:\/\/zamuletas.lt\/en\/wp-json\/wp\/v2\/product\/29879","targetHints":{"allow":["GET"]}}],"collection":[{"href":"https:\/\/zamuletas.lt\/en\/wp-json\/wp\/v2\/product"}],"about":[{"href":"https:\/\/zamuletas.lt\/en\/wp-json\/wp\/v2\/types\/product"}],"replies":[{"embeddable":true,"href":"https:\/\/zamuletas.lt\/en\/wp-json\/wp\/v2\/comments?post=29879"}],"version-history":[{"count":4,"href":"https:\/\/zamuletas.lt\/en\/wp-json\/wp\/v2\/product\/29879\/revisions"}],"predecessor-version":[{"id":30728,"href":"https:\/\/zamuletas.lt\/en\/wp-json\/wp\/v2\/product\/29879\/revisions\/30728"}],"wp:featuredmedia":[{"embeddable":true,"href":"https:\/\/zamuletas.lt\/en\/wp-json\/wp\/v2\/media\/29881"}],"wp:attachment":[{"href":"https:\/\/zamuletas.lt\/en\/wp-json\/wp\/v2\/media?parent=29879"}],"wp:term":[{"taxonomy":"product_brand","embeddable":true,"href":"https:\/\/zamuletas.lt\/en\/wp-json\/wp\/v2\/product_brand?post=29879"},{"taxonomy":"product_cat","embeddable":true,"href":"https:\/\/zamuletas.lt\/en\/wp-json\/wp\/v2\/product_cat?post=29879"},{"taxonomy":"product_tag","embeddable":true,"href":"https:\/\/zamuletas.lt\/en\/wp-json\/wp\/v2\/product_tag?post=29879"}],"curies":[{"name":"wp","href":"https:\/\/api.w.org\/{rel}","templated":true}]}}