{"id":29883,"date":"2025-12-03T13:43:27","date_gmt":"2025-12-03T11:43:27","guid":{"rendered":"https:\/\/zamuletas.lt\/?post_type=product&#038;p=29883"},"modified":"2026-02-24T14:02:30","modified_gmt":"2026-02-24T12:02:30","slug":"zalvario-zenkliukas-pelkiu-seimininke-didzioji-antis","status":"publish","type":"product","link":"https:\/\/zamuletas.lt\/en\/produktas\/zalvario-zenkliukas-pelkiu-seimininke-didzioji-antis\/","title":{"rendered":"\u017dalvarinis \u017eenkliukas: Pelki\u0173 \u0161eiminink\u0117 did\u017eioji antis"},"content":{"rendered":"<h4 data-path-to-node=\"13\"><b>Gamtos harmonija: Did\u017eioji antis \u2013 klest\u0117jimo simbolis<\/b><\/h4>\n<p data-path-to-node=\"14\">\u017dalvarinis \u017eenkliukas: Pelki\u0173 \u0161eiminink\u0117 did\u017eioji antis. \u0160is \u017ealvarinis \u017eenkliukas \u2013 tai subtilus, bet prasmingas aksesuaras, skirtas pabr\u0117\u017eti meil\u0119 Lietuvos vandens telkiniams ir pelki\u0173 gyventojams. Antis daugelyje kult\u016br\u0173, ypa\u010d prie vandens gyvenan\u010diose, simbolizuoja <b>gaus\u0105, \u0161eimos saugum\u0105<\/b> ir <b>harmoning\u0105 ry\u0161\u012f su gamta<\/b>.<\/p>\n<h4 data-path-to-node=\"15\"><b>Detal\u0117s ir saugumas<\/b><\/h4>\n<ul data-path-to-node=\"16\">\n<li>\n<p data-path-to-node=\"16,0,0\"><b>Subtilumas:<\/b> \u017eenkliukas yra puikus dydis (<b>26 mm auk\u0161\u010dio<\/b>) ir labai lengvas (<b>4\u20135 g<\/b>), tod\u0117l tinka ne\u0161ioti ant \u0161varko atlapo, kepur\u0117s ar krep\u0161io.<\/p>\n<\/li>\n<li>\n<p data-path-to-node=\"16,1,0\"><b>Patikimas u\u017esegimas:<\/b> t<b>virtai u\u017esukamas u\u017esegimas<\/b> u\u017etikrina maksimal\u0173 saugum\u0105.<\/p>\n<\/li>\n<li>\n<p data-path-to-node=\"16,2,0\"><b>Med\u017eiaga:<\/b> pagamintas i\u0161 autenti\u0161ko <b>\u017ealvario<\/b>.<\/p>\n<\/li>\n<\/ul>\n","protected":false},"excerpt":{"rendered":"<p>Rank\u0173 darbo \u017ealvarinis \u017eenkliukas, \u012fam\u017einantis did\u017ei\u0105j\u0105 ant\u012f \u2013 <b>vandens, klest\u0117jimo ir \u0161eimos simbol\u012f<\/b>. \u017denkliukas yra kompakti\u0161kas (<b>26&#215;25 mm<\/b>) ir lengvas (<b>4\u20135 g<\/b>), su patikimu, tvirtai <b>u\u017esukamu u\u017esegimu<\/b>. \u017dalvarinis \u017eenkliukas: Pelki\u0173 \u0161eiminink\u0117 did\u017eioji antis<img loading=\"lazy\" decoding=\"async\" class=\"aligncenter wp-image-29601 size-full\" src=\"https:\/\/zamuletas.lt\/wp-content\/uploads\/2025\/12\/Pagaminta-Lietuvoje-2.png\" alt=\"\" width=\"600\" height=\"200\" srcset=\"https:\/\/zamuletas.lt\/wp-content\/uploads\/2025\/12\/Pagaminta-Lietuvoje-2.png 600w, https:\/\/zamuletas.lt\/wp-content\/uploads\/2025\/12\/Pagaminta-Lietuvoje-2-430x143.png 430w, https:\/\/zamuletas.lt\/wp-content\/uploads\/2025\/12\/Pagaminta-Lietuvoje-2-150x50.png 150w, https:\/\/zamuletas.lt\/wp-content\/uploads\/2025\/12\/Pagaminta-Lietuvoje-2-400x133.png 400w\" sizes=\"auto, (max-width: 600px) 100vw, 600px\" \/><\/p>\n","protected":false},"featured_media":29886,"comment_status":"open","ping_status":"closed","template":"","meta":[],"product_brand":[],"product_cat":[81],"product_tag":[],"class_list":{"0":"post-29883","1":"product","2":"type-product","3":"status-publish","4":"has-post-thumbnail","6":"product_cat-zenkliukai","8":"first","9":"instock","10":"taxable","11":"shipping-taxable","12":"purchasable","13":"product-type-simple"},"_links":{"self":[{"href":"https:\/\/zamuletas.lt\/en\/wp-json\/wp\/v2\/product\/29883","targetHints":{"allow":["GET"]}}],"collection":[{"href":"https:\/\/zamuletas.lt\/en\/wp-json\/wp\/v2\/product"}],"about":[{"href":"https:\/\/zamuletas.lt\/en\/wp-json\/wp\/v2\/types\/product"}],"replies":[{"embeddable":true,"href":"https:\/\/zamuletas.lt\/en\/wp-json\/wp\/v2\/comments?post=29883"}],"version-history":[{"count":4,"href":"https:\/\/zamuletas.lt\/en\/wp-json\/wp\/v2\/product\/29883\/revisions"}],"predecessor-version":[{"id":30727,"href":"https:\/\/zamuletas.lt\/en\/wp-json\/wp\/v2\/product\/29883\/revisions\/30727"}],"wp:featuredmedia":[{"embeddable":true,"href":"https:\/\/zamuletas.lt\/en\/wp-json\/wp\/v2\/media\/29886"}],"wp:attachment":[{"href":"https:\/\/zamuletas.lt\/en\/wp-json\/wp\/v2\/media?parent=29883"}],"wp:term":[{"taxonomy":"product_brand","embeddable":true,"href":"https:\/\/zamuletas.lt\/en\/wp-json\/wp\/v2\/product_brand?post=29883"},{"taxonomy":"product_cat","embeddable":true,"href":"https:\/\/zamuletas.lt\/en\/wp-json\/wp\/v2\/product_cat?post=29883"},{"taxonomy":"product_tag","embeddable":true,"href":"https:\/\/zamuletas.lt\/en\/wp-json\/wp\/v2\/product_tag?post=29883"}],"curies":[{"name":"wp","href":"https:\/\/api.w.org\/{rel}","templated":true}]}}