{"id":29891,"date":"2025-12-03T13:48:21","date_gmt":"2025-12-03T11:48:21","guid":{"rendered":"https:\/\/zamuletas.lt\/?post_type=product&#038;p=29891"},"modified":"2026-03-16T19:06:20","modified_gmt":"2026-03-16T17:06:20","slug":"zalvario-zenkliukas-jogailos-dvigubas-kryzius","status":"publish","type":"product","link":"https:\/\/zamuletas.lt\/en\/produktas\/zalvario-zenkliukas-jogailos-dvigubas-kryzius\/","title":{"rendered":"\u017dalvarinis \u017eenkliukas &#8220;Jogailos dvigubas kry\u017eius&#8221;"},"content":{"rendered":"<h4 data-path-to-node=\"13\"><b>Istorinis simbolis: Jogailos dvigubas kry\u017eius<\/b><\/h4>\n<p data-path-to-node=\"14\">\u017dalvarinis \u017eenkliukas &#8220;Jogailos dvigubas kry\u017eius&#8221;. \u0160is \u017ealvarinis \u017eenkliukas \u2013 tai subtilus ir eleganti\u0161kas aksesuaras, skirtas kasdieniam ne\u0161iojimui. <b>Jogailos dvigubas kry\u017eius<\/b> yra vienas seniausi\u0173 ir svarbiausi\u0173 Lietuvos simboli\u0173, siejamas su krik\u0161\u010dionyb\u0117s pri\u0117mimu ir glaud\u017eiu ry\u0161iu su Lenkija. Kry\u017eius simbolizuoja <b>pergal\u0119, dvasin\u0119 stipryb\u0119<\/b> ir <b>valstybingumo t\u0119stinum\u0105<\/b>.<\/p>\n<h4 data-path-to-node=\"15\"><b>Detal\u0117s ir patogumas<\/b><\/h4>\n<ul data-path-to-node=\"16\">\n<li>\n<p data-path-to-node=\"16,0,0\"><b>Subtilumas:<\/b> d\u0117l <b>19 mm auk\u0161\u010dio<\/b> ir <b>11 mm plo\u010dio<\/b> \u017eenkliukas yra diskreti\u0161kas, bet ai\u0161kiai matomas.<\/p>\n<\/li>\n<li>\n<p data-path-to-node=\"16,1,0\"><b>Svoris:<\/b> <strong>i<\/strong><b>tin lengvas (2 g)<\/b> svoris idealus ploniems audiniams.<\/p>\n<\/li>\n<li>\n<p data-path-to-node=\"16,2,0\"><b>U\u017esegimas:<\/b> <b>tvirtai prisispaud\u017eiantis u\u017esegimas<\/b> u\u017etikrina patikim\u0105 tvirtinim\u0105.<\/p>\n<\/li>\n<li>\n<p data-path-to-node=\"16,3,0\"><b>Med\u017eiaga:<\/b> pagamintas i\u0161 autenti\u0161ko <b>\u017ealvario<\/b>.<\/p>\n<\/li>\n<\/ul>\n","protected":false},"excerpt":{"rendered":"<p>Rank\u0173 darbo \u017ealvarinis \u017eenkliukas, \u012fam\u017einantis istorin\u012f <b>Jogailos dvigub\u0105 kry\u017ei\u0173<\/b> (Lietuvos Did\u017eiosios Kunigaik\u0161tyst\u0117s simbol\u012f). \u0160is simbolis \u012fk\u016bnija <b>valstybingum\u0105, j\u0117g\u0105 ir ry\u017et\u0105<\/b>. \u017denkliukas yra kompakti\u0161kas (<b>19&#215;11 mm<\/b>) ir itin lengvas (<b>2 g<\/b>), su tvirtai prisispaud\u017eian\u010diu u\u017esegimu. \u017dalvarinis \u017eenkliukas &#8220;Jogailos dvigubas kry\u017eius&#8221;<img loading=\"lazy\" decoding=\"async\" class=\"aligncenter wp-image-29601 size-full\" src=\"https:\/\/zamuletas.lt\/wp-content\/uploads\/2025\/12\/Pagaminta-Lietuvoje-2.png\" alt=\"\" width=\"600\" height=\"200\" srcset=\"https:\/\/zamuletas.lt\/wp-content\/uploads\/2025\/12\/Pagaminta-Lietuvoje-2.png 600w, https:\/\/zamuletas.lt\/wp-content\/uploads\/2025\/12\/Pagaminta-Lietuvoje-2-430x143.png 430w, https:\/\/zamuletas.lt\/wp-content\/uploads\/2025\/12\/Pagaminta-Lietuvoje-2-150x50.png 150w, https:\/\/zamuletas.lt\/wp-content\/uploads\/2025\/12\/Pagaminta-Lietuvoje-2-400x133.png 400w\" sizes=\"auto, (max-width: 600px) 100vw, 600px\" \/><\/p>\n","protected":false},"featured_media":29893,"comment_status":"open","ping_status":"closed","template":"","meta":[],"product_brand":[],"product_cat":[81],"product_tag":[],"class_list":{"0":"post-29891","1":"product","2":"type-product","3":"status-publish","4":"has-post-thumbnail","6":"product_cat-zenkliukai","8":"first","9":"instock","10":"taxable","11":"shipping-taxable","12":"purchasable","13":"product-type-simple"},"_links":{"self":[{"href":"https:\/\/zamuletas.lt\/en\/wp-json\/wp\/v2\/product\/29891","targetHints":{"allow":["GET"]}}],"collection":[{"href":"https:\/\/zamuletas.lt\/en\/wp-json\/wp\/v2\/product"}],"about":[{"href":"https:\/\/zamuletas.lt\/en\/wp-json\/wp\/v2\/types\/product"}],"replies":[{"embeddable":true,"href":"https:\/\/zamuletas.lt\/en\/wp-json\/wp\/v2\/comments?post=29891"}],"version-history":[{"count":5,"href":"https:\/\/zamuletas.lt\/en\/wp-json\/wp\/v2\/product\/29891\/revisions"}],"predecessor-version":[{"id":30725,"href":"https:\/\/zamuletas.lt\/en\/wp-json\/wp\/v2\/product\/29891\/revisions\/30725"}],"wp:featuredmedia":[{"embeddable":true,"href":"https:\/\/zamuletas.lt\/en\/wp-json\/wp\/v2\/media\/29893"}],"wp:attachment":[{"href":"https:\/\/zamuletas.lt\/en\/wp-json\/wp\/v2\/media?parent=29891"}],"wp:term":[{"taxonomy":"product_brand","embeddable":true,"href":"https:\/\/zamuletas.lt\/en\/wp-json\/wp\/v2\/product_brand?post=29891"},{"taxonomy":"product_cat","embeddable":true,"href":"https:\/\/zamuletas.lt\/en\/wp-json\/wp\/v2\/product_cat?post=29891"},{"taxonomy":"product_tag","embeddable":true,"href":"https:\/\/zamuletas.lt\/en\/wp-json\/wp\/v2\/product_tag?post=29891"}],"curies":[{"name":"wp","href":"https:\/\/api.w.org\/{rel}","templated":true}]}}