{"id":29895,"date":"2025-12-03T13:50:44","date_gmt":"2025-12-03T11:50:44","guid":{"rendered":"https:\/\/zamuletas.lt\/?post_type=product&#038;p=29895"},"modified":"2026-02-24T14:01:20","modified_gmt":"2026-02-24T12:01:20","slug":"zalvario-zenkliukas-vytis","status":"publish","type":"product","link":"https:\/\/zamuletas.lt\/en\/produktas\/zalvario-zenkliukas-vytis\/","title":{"rendered":"\u017dalvarinis \u017eenkliukas-saga \u201eVytis\u201c"},"content":{"rendered":"<h4 data-path-to-node=\"13\"><b>Lietuvos simbolis: Vytis sagos formoje<\/b><\/h4>\n<p data-path-to-node=\"14\">\u017dalvarinis \u017eenkliukas-saga \u201eVytis\u201c. \u0160is \u017ealvario \u017eenkliukas \u2013 tai ma\u017eas, bet galingas aksesuaras, skirtas kasdieniam patrioti\u0161kumo pabr\u0117\u017eimui. <b>Vy\u010dio<\/b> atvaizdas ne\u0161a savyje istorin\u0119 prasm\u0119, \u012fk\u016bnydamas Lietuvos didyb\u0119 ir pergal\u0117s dvasi\u0105.<\/p>\n<h4 data-path-to-node=\"15\"><b>Detal\u0117s ir saugumas<\/b><\/h4>\n<ul data-path-to-node=\"16\">\n<li>\n<p data-path-to-node=\"16,0,0\"><b>Dizainas:<\/b> <strong>s<\/strong><b>agos forma<\/b> (22 mm) leid\u017eia j\u012f ne\u0161ioti ne tik ant atlapo, bet ir kaip seg\u0119 ant kepur\u0117s ar krep\u0161io. Solidus <b>7\u20138 g svoris<\/b> suteikia kokyb\u0117s poj\u016bt\u012f.<\/p>\n<\/li>\n<li>\n<p data-path-to-node=\"16,1,0\"><b>Saugumas:<\/b> <b>tvirtai u\u017esukamas u\u017esegimas<\/b> yra saugiausia tvirtinimo forma, neleid\u017eianti \u017eenkliukui pasimesti.<\/p>\n<\/li>\n<li>\n<p data-path-to-node=\"16,2,0\"><b>Med\u017eiaga:<\/b> pagamintas i\u0161 autenti\u0161ko <b>\u017ealvario<\/b>.<\/p>\n<\/li>\n<\/ul>\n<p data-path-to-node=\"17\">Tai puikus suvenyras ar asmeninis akcentas, simbolizuojantis ry\u017et\u0105 ir istorin\u0119 atmint\u012f.<\/p>\n","protected":false},"excerpt":{"rendered":"<p>Rank\u0173 darbo \u017ealvarinis \u017eenkliukas su <b>Vy\u010dio<\/b> atvaizdu, stilizuotas \u012f sagos form\u0105. Simbolizuoja <b>valstybingum\u0105, pergal\u0119 ir kovingum\u0105<\/b>. \u017denkliukas yra solidus (<b>22 mm skersmens<\/b>, 7\u20138 g svorio) ir tvirtai <b>u\u017esukamas<\/b>, garantuojant saugum\u0105. \u017dalvarinis \u017eenkliukas-saga \u201eVytis\u201c<img loading=\"lazy\" decoding=\"async\" class=\"aligncenter wp-image-29601 size-full\" src=\"https:\/\/zamuletas.lt\/wp-content\/uploads\/2025\/12\/Pagaminta-Lietuvoje-2.png\" alt=\"\" width=\"600\" height=\"200\" srcset=\"https:\/\/zamuletas.lt\/wp-content\/uploads\/2025\/12\/Pagaminta-Lietuvoje-2.png 600w, https:\/\/zamuletas.lt\/wp-content\/uploads\/2025\/12\/Pagaminta-Lietuvoje-2-430x143.png 430w, https:\/\/zamuletas.lt\/wp-content\/uploads\/2025\/12\/Pagaminta-Lietuvoje-2-150x50.png 150w, https:\/\/zamuletas.lt\/wp-content\/uploads\/2025\/12\/Pagaminta-Lietuvoje-2-400x133.png 400w\" sizes=\"auto, (max-width: 600px) 100vw, 600px\" \/><\/p>\n","protected":false},"featured_media":29897,"comment_status":"open","ping_status":"closed","template":"","meta":[],"product_brand":[],"product_cat":[81],"product_tag":[],"class_list":{"0":"post-29895","1":"product","2":"type-product","3":"status-publish","4":"has-post-thumbnail","6":"product_cat-zenkliukai","8":"first","9":"instock","10":"taxable","11":"shipping-taxable","12":"purchasable","13":"product-type-simple"},"_links":{"self":[{"href":"https:\/\/zamuletas.lt\/en\/wp-json\/wp\/v2\/product\/29895","targetHints":{"allow":["GET"]}}],"collection":[{"href":"https:\/\/zamuletas.lt\/en\/wp-json\/wp\/v2\/product"}],"about":[{"href":"https:\/\/zamuletas.lt\/en\/wp-json\/wp\/v2\/types\/product"}],"replies":[{"embeddable":true,"href":"https:\/\/zamuletas.lt\/en\/wp-json\/wp\/v2\/comments?post=29895"}],"version-history":[{"count":5,"href":"https:\/\/zamuletas.lt\/en\/wp-json\/wp\/v2\/product\/29895\/revisions"}],"predecessor-version":[{"id":30724,"href":"https:\/\/zamuletas.lt\/en\/wp-json\/wp\/v2\/product\/29895\/revisions\/30724"}],"wp:featuredmedia":[{"embeddable":true,"href":"https:\/\/zamuletas.lt\/en\/wp-json\/wp\/v2\/media\/29897"}],"wp:attachment":[{"href":"https:\/\/zamuletas.lt\/en\/wp-json\/wp\/v2\/media?parent=29895"}],"wp:term":[{"taxonomy":"product_brand","embeddable":true,"href":"https:\/\/zamuletas.lt\/en\/wp-json\/wp\/v2\/product_brand?post=29895"},{"taxonomy":"product_cat","embeddable":true,"href":"https:\/\/zamuletas.lt\/en\/wp-json\/wp\/v2\/product_cat?post=29895"},{"taxonomy":"product_tag","embeddable":true,"href":"https:\/\/zamuletas.lt\/en\/wp-json\/wp\/v2\/product_tag?post=29895"}],"curies":[{"name":"wp","href":"https:\/\/api.w.org\/{rel}","templated":true}]}}