{"id":29903,"date":"2025-12-03T13:57:03","date_gmt":"2025-12-03T11:57:03","guid":{"rendered":"https:\/\/zamuletas.lt\/?post_type=product&#038;p=29903"},"modified":"2026-02-24T13:59:44","modified_gmt":"2026-02-24T11:59:44","slug":"zenkliukas-vytis","status":"publish","type":"product","link":"https:\/\/zamuletas.lt\/en\/produktas\/zenkliukas-vytis\/","title":{"rendered":"\u017denkliukas \u201eVytis\u201c"},"content":{"rendered":"<h4 data-path-to-node=\"13\"><b>Lietuvos simbolis: vytis \u2013 pergal\u0117s dvasia<\/b><\/h4>\n<p data-path-to-node=\"14\">\u017denkliukas \u201eVytis\u201c. \u0160is \u017ealvarinis \u017eenkliukas \u2013 tai eleganti\u0161kas aksesuaras, skirtas kasdien pabr\u0117\u017eti patrioti\u0161kum\u0105 ir istorin\u0119 atmint\u012f. <b>Vy\u010dio<\/b> atvaizdas \u012fk\u016bnija Lietuvos didyb\u0119 ir pergal\u0117s dvasi\u0105.<\/p>\n<h4 data-path-to-node=\"15\"><b>Detal\u0117s ir saugumas<\/b><\/h4>\n<ul data-path-to-node=\"16\">\n<li>\n<p data-path-to-node=\"16,0,0\"><b>Dizainas:<\/b> d\u0117l <b>26 mm auk\u0161\u010dio<\/b> ir <b>22 mm plo\u010dio<\/b> \u017eenkliukas yra idealus ne\u0161ioti ant \u0161varko atlapo ar kuprin\u0117s. Lengvas svoris u\u017etikrina patogum\u0105.<\/p>\n<\/li>\n<li>\n<p data-path-to-node=\"16,1,0\"><b>U\u017esegimas: tvirtai prisispaud\u017eiamas u\u017esegimas<\/b> yra patikimas ir greitas tvirtinimo b\u016bdas.<\/p>\n<\/li>\n<li>\n<p data-path-to-node=\"16,2,0\"><b>Med\u017eiagos pasirinkimas:<\/b> rinkit\u0117s autenti\u0161k\u0105 <b>\u017ealvar\u012f<\/b> arba eleganti\u0161k\u0105 <b>pasidabruot\u0105 \u017ealvar\u012f<\/b>.<\/p>\n<\/li>\n<\/ul>\n","protected":false},"excerpt":{"rendered":"<p data-path-to-node=\"8\">Rank\u0173 darbo \u017ealvarinis \u017eenkliukas, \u012fam\u017einantis Lietuvos valstybingumo simbol\u012f \u2013 <b>Vyt\u012f<\/b>. Simbolizuoja <b>kovingum\u0105 ir pergal\u0119<\/b>. D\u0117l <b>26 mm auk\u0161\u010dio<\/b> yra matomas, bet lengvas (<b>4\u20135 g<\/b>). U\u017esegimas tvirtai prisispaud\u017eiamas. \u017denkliukas \u201eVytis\u201c<\/p>\n<ul data-path-to-node=\"9\">\n<li>\n<p data-path-to-node=\"9,0,0\"><img loading=\"lazy\" decoding=\"async\" class=\"aligncenter wp-image-29601 size-full\" src=\"https:\/\/zamuletas.lt\/wp-content\/uploads\/2025\/12\/Pagaminta-Lietuvoje-2.png\" alt=\"\" width=\"600\" height=\"200\" srcset=\"https:\/\/zamuletas.lt\/wp-content\/uploads\/2025\/12\/Pagaminta-Lietuvoje-2.png 600w, https:\/\/zamuletas.lt\/wp-content\/uploads\/2025\/12\/Pagaminta-Lietuvoje-2-430x143.png 430w, https:\/\/zamuletas.lt\/wp-content\/uploads\/2025\/12\/Pagaminta-Lietuvoje-2-150x50.png 150w, https:\/\/zamuletas.lt\/wp-content\/uploads\/2025\/12\/Pagaminta-Lietuvoje-2-400x133.png 400w\" sizes=\"auto, (max-width: 600px) 100vw, 600px\" \/><\/p>\n<\/li>\n<\/ul>\n","protected":false},"featured_media":29907,"comment_status":"open","ping_status":"closed","template":"","meta":[],"product_brand":[],"product_cat":[81],"product_tag":[],"class_list":{"0":"post-29903","1":"product","2":"type-product","3":"status-publish","4":"has-post-thumbnail","6":"product_cat-zenkliukai","8":"first","9":"instock","10":"taxable","11":"shipping-taxable","12":"purchasable","13":"product-type-variable"},"_links":{"self":[{"href":"https:\/\/zamuletas.lt\/en\/wp-json\/wp\/v2\/product\/29903","targetHints":{"allow":["GET"]}}],"collection":[{"href":"https:\/\/zamuletas.lt\/en\/wp-json\/wp\/v2\/product"}],"about":[{"href":"https:\/\/zamuletas.lt\/en\/wp-json\/wp\/v2\/types\/product"}],"replies":[{"embeddable":true,"href":"https:\/\/zamuletas.lt\/en\/wp-json\/wp\/v2\/comments?post=29903"}],"version-history":[{"count":4,"href":"https:\/\/zamuletas.lt\/en\/wp-json\/wp\/v2\/product\/29903\/revisions"}],"predecessor-version":[{"id":30722,"href":"https:\/\/zamuletas.lt\/en\/wp-json\/wp\/v2\/product\/29903\/revisions\/30722"}],"wp:featuredmedia":[{"embeddable":true,"href":"https:\/\/zamuletas.lt\/en\/wp-json\/wp\/v2\/media\/29907"}],"wp:attachment":[{"href":"https:\/\/zamuletas.lt\/en\/wp-json\/wp\/v2\/media?parent=29903"}],"wp:term":[{"taxonomy":"product_brand","embeddable":true,"href":"https:\/\/zamuletas.lt\/en\/wp-json\/wp\/v2\/product_brand?post=29903"},{"taxonomy":"product_cat","embeddable":true,"href":"https:\/\/zamuletas.lt\/en\/wp-json\/wp\/v2\/product_cat?post=29903"},{"taxonomy":"product_tag","embeddable":true,"href":"https:\/\/zamuletas.lt\/en\/wp-json\/wp\/v2\/product_tag?post=29903"}],"curies":[{"name":"wp","href":"https:\/\/api.w.org\/{rel}","templated":true}]}}