{"id":29911,"date":"2025-12-03T14:00:30","date_gmt":"2025-12-03T12:00:30","guid":{"rendered":"https:\/\/zamuletas.lt\/?post_type=product&#038;p=29911"},"modified":"2026-02-24T13:58:49","modified_gmt":"2026-02-24T11:58:49","slug":"zenkliukas-pasidabruotas-vytis","status":"publish","type":"product","link":"https:\/\/zamuletas.lt\/en\/produktas\/zenkliukas-pasidabruotas-vytis\/","title":{"rendered":"\u017denkliukas pasidabruotas \u201eVytis\u201c"},"content":{"rendered":"<h4 data-path-to-node=\"13\"><b>Elegancija ir istorija: Vytis su sidabro spindesiu<\/b><\/h4>\n<p data-path-to-node=\"14\">\u017denkliukas pasidabruotas \u201eVytis\u201c. \u0160is \u017eenkliukas \u2013 tai puikus, diskreti\u0161kas aksesuaras, skirtas kasdien pabr\u0117\u017eti patrioti\u0161kum\u0105. <b>Vy\u010dio<\/b> atvaizdas ne\u0161a savyje istorin\u0119 prasm\u0119, \u012fk\u016bnydamas pergal\u0117s dvasi\u0105.<\/p>\n<h4 data-path-to-node=\"15\"><b>Detal\u0117s ir saugumas<\/b><\/h4>\n<ul data-path-to-node=\"16\">\n<li>\n<p data-path-to-node=\"16,0,0\"><b>Med\u017eiaga:<\/b> agamintas i\u0161 <b>pasidabruoto \u017ealvario<\/b>, kuris suteikia \u017eenkliukui eleganti\u0161k\u0105, v\u0117s\u0173 sidabro spindes\u012f.<\/p>\n<\/li>\n<li>\n<p data-path-to-node=\"16,1,0\"><b>Subtilumas:<\/b> d\u0117l <b>18 mm auk\u0161\u010dio<\/b> ir <b>17 mm plo\u010dio<\/b> \u017eenkliukas yra diskreti\u0161kas, bet ai\u0161kiai matomas.<\/p>\n<\/li>\n<li>\n<p data-path-to-node=\"16,2,0\"><b>Svoris:<\/b> <strong>i<\/strong><b>tin lengvas (2 g)<\/b> svoris idealus ploniems audiniams.<\/p>\n<\/li>\n<li>\n<p data-path-to-node=\"16,3,0\"><b>U\u017esegimas:<\/b> <b>tvirtai prisispaud\u017eiantis u\u017esegimas<\/b> yra patikimas ir greitas tvirtinimo b\u016bdas.<\/p>\n<\/li>\n<\/ul>\n","protected":false},"excerpt":{"rendered":"<p>Rank\u0173 darbo \u017eenkliukas, \u012fam\u017einantis Lietuvos valstybingumo simbol\u012f \u2013 <b>Vyt\u012f<\/b>. Pagamintas i\u0161 <b>pasidabruoto \u017ealvario<\/b>, jis yra eleganti\u0161kas ir kompakti\u0161kas (<b>18&#215;17 mm<\/b>). Puikiai tinka ne\u0161ioti kasdien. U\u017esegimas tvirtai prisispaud\u017eiamas. \u017denkliukas pasidabruotas \u201eVytis\u201c<img loading=\"lazy\" decoding=\"async\" class=\"aligncenter wp-image-29601 size-full\" src=\"https:\/\/zamuletas.lt\/wp-content\/uploads\/2025\/12\/Pagaminta-Lietuvoje-2.png\" alt=\"\" width=\"600\" height=\"200\" srcset=\"https:\/\/zamuletas.lt\/wp-content\/uploads\/2025\/12\/Pagaminta-Lietuvoje-2.png 600w, https:\/\/zamuletas.lt\/wp-content\/uploads\/2025\/12\/Pagaminta-Lietuvoje-2-430x143.png 430w, https:\/\/zamuletas.lt\/wp-content\/uploads\/2025\/12\/Pagaminta-Lietuvoje-2-150x50.png 150w, https:\/\/zamuletas.lt\/wp-content\/uploads\/2025\/12\/Pagaminta-Lietuvoje-2-400x133.png 400w\" sizes=\"auto, (max-width: 600px) 100vw, 600px\" \/><\/p>\n","protected":false},"featured_media":29912,"comment_status":"open","ping_status":"closed","template":"","meta":[],"product_brand":[],"product_cat":[81],"product_tag":[],"class_list":{"0":"post-29911","1":"product","2":"type-product","3":"status-publish","4":"has-post-thumbnail","6":"product_cat-zenkliukai","8":"first","9":"instock","10":"taxable","11":"shipping-taxable","12":"purchasable","13":"product-type-simple"},"_links":{"self":[{"href":"https:\/\/zamuletas.lt\/en\/wp-json\/wp\/v2\/product\/29911","targetHints":{"allow":["GET"]}}],"collection":[{"href":"https:\/\/zamuletas.lt\/en\/wp-json\/wp\/v2\/product"}],"about":[{"href":"https:\/\/zamuletas.lt\/en\/wp-json\/wp\/v2\/types\/product"}],"replies":[{"embeddable":true,"href":"https:\/\/zamuletas.lt\/en\/wp-json\/wp\/v2\/comments?post=29911"}],"version-history":[{"count":4,"href":"https:\/\/zamuletas.lt\/en\/wp-json\/wp\/v2\/product\/29911\/revisions"}],"predecessor-version":[{"id":30721,"href":"https:\/\/zamuletas.lt\/en\/wp-json\/wp\/v2\/product\/29911\/revisions\/30721"}],"wp:featuredmedia":[{"embeddable":true,"href":"https:\/\/zamuletas.lt\/en\/wp-json\/wp\/v2\/media\/29912"}],"wp:attachment":[{"href":"https:\/\/zamuletas.lt\/en\/wp-json\/wp\/v2\/media?parent=29911"}],"wp:term":[{"taxonomy":"product_brand","embeddable":true,"href":"https:\/\/zamuletas.lt\/en\/wp-json\/wp\/v2\/product_brand?post=29911"},{"taxonomy":"product_cat","embeddable":true,"href":"https:\/\/zamuletas.lt\/en\/wp-json\/wp\/v2\/product_cat?post=29911"},{"taxonomy":"product_tag","embeddable":true,"href":"https:\/\/zamuletas.lt\/en\/wp-json\/wp\/v2\/product_tag?post=29911"}],"curies":[{"name":"wp","href":"https:\/\/api.w.org\/{rel}","templated":true}]}}