{"id":29927,"date":"2025-12-03T14:14:15","date_gmt":"2025-12-03T12:14:15","guid":{"rendered":"https:\/\/zamuletas.lt\/?post_type=product&#038;p=29927"},"modified":"2026-02-24T13:54:14","modified_gmt":"2026-02-24T11:54:14","slug":"zalvario-zenkliukas-lengvieji-kurtiniai","status":"publish","type":"product","link":"https:\/\/zamuletas.lt\/en\/produktas\/zalvario-zenkliukas-lengvieji-kurtiniai\/","title":{"rendered":"\u017dalvarinis \u017eenkliukas: Lietuvos vandens pauk\u0161\u010diai Antys"},"content":{"rendered":"<h4 data-path-to-node=\"13\"><b>Gamtos gro\u017eis: Antys \u2013 laim\u0117s ir i\u0161tikimyb\u0117s simbolis<\/b><\/h4>\n<p data-path-to-node=\"14\">\u017dalvarinis \u017eenkliukas: Lietuvos vandens pauk\u0161\u010diai Antys. \u0160is \u017ealvario \u017eenkliukas \u2013 tai i\u0161rai\u0161kingas aksesuaras, skirtas pabr\u0117\u017eti meil\u0119 gamtai. Antys simbolizuoja <strong>nekaltum\u0105, i\u0161tikimyb\u0119<\/strong>. <span class=\"T286Pc\" data-sfc-cp=\"\" data-complete=\"true\">D\u0117l savo geb\u0117jimo gyventi tiek vandenyje, tiek sausumoje, antys simbolizuoja prisitaikym\u0105, lankstum\u0105 ir geb\u0117jim\u0105 lengvai jud\u0117ti tarp skirting\u0173 element\u0173 ar situacij\u0173.<\/span> Nepaisant dideli\u0173 matmen\u0173 (<b>33 mm auk\u0161\u010dio<\/b>), jis yra lengvas, tod\u0117l tinka ne\u0161ioti ant \u012fvairi\u0173 audini\u0173.<\/p>\n<h4 data-path-to-node=\"15\"><b>Detal\u0117s ir patogumas<\/b><\/h4>\n<ul data-path-to-node=\"16\">\n<li>\n<p data-path-to-node=\"16,0,0\"><b>I\u0161rai\u0161kingumas:<\/b> d\u0117l <b>33 mm auk\u0161\u010dio<\/b> \u017eenkliukas yra matomas ir puikiai tinka atkreipti d\u0117mes\u012f.<\/p>\n<\/li>\n<li>\n<p data-path-to-node=\"16,1,0\"><b>Patikimas u\u017esegimas:<\/b> <strong>t<\/strong><b>virtai prisispaud\u017eiamas u\u017esegimas<\/b> u\u017etikrina patikim\u0105 tvirtinim\u0105 be dideli\u0173 pastang\u0173.<\/p>\n<\/li>\n<li>\n<p data-path-to-node=\"16,2,0\"><b>Svoris:<\/b> <b>4\u20135 g svoris<\/b> leid\u017eia ne\u0161ioti \u017eenkliuk\u0105 ant \u0161varko, megztinio ar net mar\u0161kini\u0173.<\/p>\n<\/li>\n<li>\n<p data-path-to-node=\"16,3,0\"><b>Med\u017eiaga:<\/b> pagamintas i\u0161 autenti\u0161ko <b>\u017ealvario<\/b>.<\/p>\n<\/li>\n<\/ul>\n","protected":false},"excerpt":{"rendered":"<p>Rank\u0173 darbo \u017ealvarinis \u017eenkliukas, \u012fam\u017einantis gra\u017ei\u0105sias <strong>A<\/strong><b>ntis<\/b> \u2013 Lietuvos piev\u0173 ir mi\u0161k\u0173 \u201eprinceses\u201c. Simbolizuoja <strong><span class=\"T286Pc\" data-sfc-cp=\"\" data-complete=\"true\">prisitaikym\u0105, lankstum\u0105 ir geb\u0117jim\u0105 lengvai jud\u0117ti tarp skirting\u0173 situacij\u0173<\/span><\/strong>. \u017denkliukas yra patogaus dyd\u017eio (<b>33&#215;30 mm<\/b>) ir ypa\u010d lengvas (<b>4\u20135 g<\/b>). U\u017esegimas tvirtai prisispaud\u017eiamas. \u017dalvarinis \u017eenkliukas: Lietuvos vandens pauk\u0161\u010diai Antys.<img loading=\"lazy\" decoding=\"async\" class=\"aligncenter wp-image-29601 size-full\" src=\"https:\/\/zamuletas.lt\/wp-content\/uploads\/2025\/12\/Pagaminta-Lietuvoje-2.png\" alt=\"\" width=\"600\" height=\"200\" srcset=\"https:\/\/zamuletas.lt\/wp-content\/uploads\/2025\/12\/Pagaminta-Lietuvoje-2.png 600w, https:\/\/zamuletas.lt\/wp-content\/uploads\/2025\/12\/Pagaminta-Lietuvoje-2-430x143.png 430w, https:\/\/zamuletas.lt\/wp-content\/uploads\/2025\/12\/Pagaminta-Lietuvoje-2-150x50.png 150w, https:\/\/zamuletas.lt\/wp-content\/uploads\/2025\/12\/Pagaminta-Lietuvoje-2-400x133.png 400w\" sizes=\"auto, (max-width: 600px) 100vw, 600px\" \/><\/p>\n","protected":false},"featured_media":29929,"comment_status":"open","ping_status":"closed","template":"","meta":[],"product_brand":[],"product_cat":[81],"product_tag":[],"class_list":{"0":"post-29927","1":"product","2":"type-product","3":"status-publish","4":"has-post-thumbnail","6":"product_cat-zenkliukai","8":"first","9":"instock","10":"taxable","11":"shipping-taxable","12":"purchasable","13":"product-type-simple"},"_links":{"self":[{"href":"https:\/\/zamuletas.lt\/en\/wp-json\/wp\/v2\/product\/29927","targetHints":{"allow":["GET"]}}],"collection":[{"href":"https:\/\/zamuletas.lt\/en\/wp-json\/wp\/v2\/product"}],"about":[{"href":"https:\/\/zamuletas.lt\/en\/wp-json\/wp\/v2\/types\/product"}],"replies":[{"embeddable":true,"href":"https:\/\/zamuletas.lt\/en\/wp-json\/wp\/v2\/comments?post=29927"}],"version-history":[{"count":8,"href":"https:\/\/zamuletas.lt\/en\/wp-json\/wp\/v2\/product\/29927\/revisions"}],"predecessor-version":[{"id":30717,"href":"https:\/\/zamuletas.lt\/en\/wp-json\/wp\/v2\/product\/29927\/revisions\/30717"}],"wp:featuredmedia":[{"embeddable":true,"href":"https:\/\/zamuletas.lt\/en\/wp-json\/wp\/v2\/media\/29929"}],"wp:attachment":[{"href":"https:\/\/zamuletas.lt\/en\/wp-json\/wp\/v2\/media?parent=29927"}],"wp:term":[{"taxonomy":"product_brand","embeddable":true,"href":"https:\/\/zamuletas.lt\/en\/wp-json\/wp\/v2\/product_brand?post=29927"},{"taxonomy":"product_cat","embeddable":true,"href":"https:\/\/zamuletas.lt\/en\/wp-json\/wp\/v2\/product_cat?post=29927"},{"taxonomy":"product_tag","embeddable":true,"href":"https:\/\/zamuletas.lt\/en\/wp-json\/wp\/v2\/product_tag?post=29927"}],"curies":[{"name":"wp","href":"https:\/\/api.w.org\/{rel}","templated":true}]}}