{"id":29931,"date":"2025-12-03T14:17:19","date_gmt":"2025-12-03T12:17:19","guid":{"rendered":"https:\/\/zamuletas.lt\/?post_type=product&#038;p=29931"},"modified":"2026-02-24T13:53:41","modified_gmt":"2026-02-24T11:53:41","slug":"zalvario-zenkliukas-briedzio-pirstinis-ragas","status":"publish","type":"product","link":"https:\/\/zamuletas.lt\/en\/produktas\/zalvario-zenkliukas-briedzio-pirstinis-ragas\/","title":{"rendered":"\u017dalvarinis \u017eenkliukas: Bried\u017eio pir\u0161tinis ragas"},"content":{"rendered":"<h4 data-path-to-node=\"13\"><b>Gamtos didyb\u0117: pir\u0161tinis ragas \u2013 s\u0117km\u0117s simbolis<\/b><\/h4>\n<p data-path-to-node=\"14\">\u017dalvarinis \u017eenkliukas: Bried\u017eio pir\u0161tinis ragas. \u0160is \u017ealvario \u017eenkliukas \u2013 tai subtilus, bet galingas aksesuaras, atspindintis Lietuvos mi\u0161k\u0173 gali\u0105. Bried\u017eio ragas yra vertinamas kaip <b>trof\u0117jus, j\u0117gos ir pergal\u0117s simbolis<\/b>, \u012fkvepiantis i\u0161tvermei ir atsinaujinimui.<\/p>\n<h4 data-path-to-node=\"15\"><b>Detal\u0117s ir patogumas<\/b><\/h4>\n<ul data-path-to-node=\"16\">\n<li>\n<p data-path-to-node=\"16,0,0\"><b>Subtilumas:<\/b> \u017eenkliukas yra puikus dydis (<b>26 mm auk\u0161\u010dio<\/b>) ir labai lengvas (<b>3\u20134 g<\/b>), tod\u0117l puikiai tinka ne\u0161ioti ant \u0161varko atlapo, kepur\u0117s ar krep\u0161io, jo neapsunkindamas.<\/p>\n<\/li>\n<li>\n<p data-path-to-node=\"16,1,0\"><b>U\u017esegimas:<\/b> <strong>t<\/strong><b>virtai prisukamas u\u017esegimas<\/b> u\u017etikrina patikim\u0105 tvirtinim\u0105.<\/p>\n<\/li>\n<li>\n<p data-path-to-node=\"16,2,0\"><b>Med\u017eiaga:<\/b> pagamintas i\u0161 autenti\u0161ko <b>\u017ealvario<\/b>.<\/p>\n<\/li>\n<\/ul>\n","protected":false},"excerpt":{"rendered":"<p>Rank\u0173 darbo \u017ealvarinis \u017eenkliukas, \u012fam\u017einantis galing\u0105 <b>Bried\u017eio pir\u0161tin\u012f rag\u0105<\/b>. Ragas simbolizuoja <b>j\u0117g\u0105, didyb\u0119, ilgaam\u017ei\u0161kum\u0105 ir gamtos cikl\u0105<\/b>. \u017denkliukas yra kompakti\u0161kas (<b>26&#215;25 mm<\/b>) ir itin lengvas (<b>3\u20134 g<\/b>), su tvirtai prisukamu u\u017esegimu. \u017dalvarinis \u017eenkliukas: Bried\u017eio pir\u0161tinis ragas.<img loading=\"lazy\" decoding=\"async\" class=\"aligncenter wp-image-29601 size-full\" src=\"https:\/\/zamuletas.lt\/wp-content\/uploads\/2025\/12\/Pagaminta-Lietuvoje-2.png\" alt=\"\" width=\"600\" height=\"200\" srcset=\"https:\/\/zamuletas.lt\/wp-content\/uploads\/2025\/12\/Pagaminta-Lietuvoje-2.png 600w, https:\/\/zamuletas.lt\/wp-content\/uploads\/2025\/12\/Pagaminta-Lietuvoje-2-430x143.png 430w, https:\/\/zamuletas.lt\/wp-content\/uploads\/2025\/12\/Pagaminta-Lietuvoje-2-150x50.png 150w, https:\/\/zamuletas.lt\/wp-content\/uploads\/2025\/12\/Pagaminta-Lietuvoje-2-400x133.png 400w\" sizes=\"auto, (max-width: 600px) 100vw, 600px\" \/><\/p>\n","protected":false},"featured_media":29933,"comment_status":"open","ping_status":"closed","template":"","meta":[],"product_brand":[],"product_cat":[81],"product_tag":[],"class_list":{"0":"post-29931","1":"product","2":"type-product","3":"status-publish","4":"has-post-thumbnail","6":"product_cat-zenkliukai","8":"first","9":"instock","10":"taxable","11":"shipping-taxable","12":"purchasable","13":"product-type-simple"},"_links":{"self":[{"href":"https:\/\/zamuletas.lt\/en\/wp-json\/wp\/v2\/product\/29931","targetHints":{"allow":["GET"]}}],"collection":[{"href":"https:\/\/zamuletas.lt\/en\/wp-json\/wp\/v2\/product"}],"about":[{"href":"https:\/\/zamuletas.lt\/en\/wp-json\/wp\/v2\/types\/product"}],"replies":[{"embeddable":true,"href":"https:\/\/zamuletas.lt\/en\/wp-json\/wp\/v2\/comments?post=29931"}],"version-history":[{"count":9,"href":"https:\/\/zamuletas.lt\/en\/wp-json\/wp\/v2\/product\/29931\/revisions"}],"predecessor-version":[{"id":30716,"href":"https:\/\/zamuletas.lt\/en\/wp-json\/wp\/v2\/product\/29931\/revisions\/30716"}],"wp:featuredmedia":[{"embeddable":true,"href":"https:\/\/zamuletas.lt\/en\/wp-json\/wp\/v2\/media\/29933"}],"wp:attachment":[{"href":"https:\/\/zamuletas.lt\/en\/wp-json\/wp\/v2\/media?parent=29931"}],"wp:term":[{"taxonomy":"product_brand","embeddable":true,"href":"https:\/\/zamuletas.lt\/en\/wp-json\/wp\/v2\/product_brand?post=29931"},{"taxonomy":"product_cat","embeddable":true,"href":"https:\/\/zamuletas.lt\/en\/wp-json\/wp\/v2\/product_cat?post=29931"},{"taxonomy":"product_tag","embeddable":true,"href":"https:\/\/zamuletas.lt\/en\/wp-json\/wp\/v2\/product_tag?post=29931"}],"curies":[{"name":"wp","href":"https:\/\/api.w.org\/{rel}","templated":true}]}}