{"id":29939,"date":"2025-12-03T14:23:23","date_gmt":"2025-12-03T12:23:23","guid":{"rendered":"https:\/\/zamuletas.lt\/?post_type=product&#038;p=29939"},"modified":"2026-03-22T15:27:25","modified_gmt":"2026-03-22T13:27:25","slug":"zenkliukas-gediminaiciu-stulpai","status":"publish","type":"product","link":"https:\/\/zamuletas.lt\/en\/produktas\/zenkliukas-gediminaiciu-stulpai\/","title":{"rendered":"\u017denkliukas \u201eGediminai\u010di\u0173 stulpai\u201c"},"content":{"rendered":"<h4 data-path-to-node=\"13\"><b>Istorijos dvasia: Gediminai\u010di\u0173 stulpai \u2013 valstybingumo simbolis<\/b><\/h4>\n<p data-path-to-node=\"14\">\u017denkliukas \u201eGediminai\u010di\u0173 stulpai\u201c. \u0160is \u017eenkliukas \u2013 tai subtilus ir eleganti\u0161kas aksesuaras, skirtas kasdieniam ne\u0161iojimui. <b>Gediminai\u010di\u0173 stulpai<\/b> yra vienas seniausi\u0173 ir svarbiausi\u0173 Lietuvos simboli\u0173, siejamas su LDK didybe ir <b>valstybingumo t\u0119stinumu<\/b>. \u017denkliukas \u012fkvepia pasidid\u017eiavimu ir ry\u017etu.<\/p>\n<h4 data-path-to-node=\"15\"><b>Detal\u0117s ir patogumas<\/b><\/h4>\n<ul data-path-to-node=\"16\">\n<li>\n<p data-path-to-node=\"16,0,0\"><b>Med\u017eiaga:<\/b> pagamintas i\u0161 <b>skardos<\/b>, pasi\u017eymin\u010dios lengvumu ir patvarumu.<\/p>\n<\/li>\n<li>\n<p data-path-to-node=\"16,1,0\"><b>Subtilumas:<\/b> d\u0117l <b>15 mm<\/b> matmen\u0173 \u017eenkliukas yra diskreti\u0161kas, bet ai\u0161kiai matomas.<\/p>\n<\/li>\n<li>\n<p data-path-to-node=\"16,2,0\"><b>Svoris:<\/b> <strong>i<\/strong><b>tin lengvas (1\u20131,5 g)<\/b> svoris idealus ploniems audiniams.<\/p>\n<\/li>\n<li>\n<p data-path-to-node=\"16,3,0\"><b>U\u017esegimas:<\/b> <strong>t<\/strong><b>virtai prisispaud\u017eiantis u\u017esegimas<\/b> u\u017etikrina patikim\u0105 tvirtinim\u0105.<\/p>\n<\/li>\n<li>\n<p data-path-to-node=\"16,4,0\"><b>Gamyba:<\/b> rank\u0173 darbo.<\/p>\n<\/li>\n<\/ul>\n","protected":false},"excerpt":{"rendered":"<p>Rank\u0173 darbo \u017eenkliukas, \u012fam\u017einantis istorin\u012f Lietuvos simbol\u012f \u2013 <b>Gediminai\u010di\u0173 stulpus<\/b>. Simbolizuoja <b>istorin\u0119 atmint\u012f, valstybingum\u0105 ir ry\u017et\u0105<\/b>. \u017denkliukas yra itin kompakti\u0161kas (<b>15&#215;15 mm<\/b>) ir ypa\u010d lengvas (<b>1\u20131,5 g<\/b>), su tvirtai prisispaud\u017eian\u010diu u\u017esegimu. \u017denkliukas \u201eGediminai\u010di\u0173 stulpai\u201c.<img loading=\"lazy\" decoding=\"async\" class=\"aligncenter wp-image-29601 size-full\" src=\"https:\/\/zamuletas.lt\/wp-content\/uploads\/2025\/12\/Pagaminta-Lietuvoje-2.png\" alt=\"\" width=\"600\" height=\"200\" srcset=\"https:\/\/zamuletas.lt\/wp-content\/uploads\/2025\/12\/Pagaminta-Lietuvoje-2.png 600w, https:\/\/zamuletas.lt\/wp-content\/uploads\/2025\/12\/Pagaminta-Lietuvoje-2-430x143.png 430w, https:\/\/zamuletas.lt\/wp-content\/uploads\/2025\/12\/Pagaminta-Lietuvoje-2-150x50.png 150w, https:\/\/zamuletas.lt\/wp-content\/uploads\/2025\/12\/Pagaminta-Lietuvoje-2-400x133.png 400w\" sizes=\"auto, (max-width: 600px) 100vw, 600px\" \/><\/p>\n","protected":false},"featured_media":29941,"comment_status":"open","ping_status":"closed","template":"","meta":[],"product_brand":[],"product_cat":[81],"product_tag":[],"class_list":{"0":"post-29939","1":"product","2":"type-product","3":"status-publish","4":"has-post-thumbnail","6":"product_cat-zenkliukai","8":"first","9":"outofstock","10":"taxable","11":"shipping-taxable","12":"purchasable","13":"product-type-simple"},"_links":{"self":[{"href":"https:\/\/zamuletas.lt\/en\/wp-json\/wp\/v2\/product\/29939","targetHints":{"allow":["GET"]}}],"collection":[{"href":"https:\/\/zamuletas.lt\/en\/wp-json\/wp\/v2\/product"}],"about":[{"href":"https:\/\/zamuletas.lt\/en\/wp-json\/wp\/v2\/types\/product"}],"replies":[{"embeddable":true,"href":"https:\/\/zamuletas.lt\/en\/wp-json\/wp\/v2\/comments?post=29939"}],"version-history":[{"count":4,"href":"https:\/\/zamuletas.lt\/en\/wp-json\/wp\/v2\/product\/29939\/revisions"}],"predecessor-version":[{"id":30715,"href":"https:\/\/zamuletas.lt\/en\/wp-json\/wp\/v2\/product\/29939\/revisions\/30715"}],"wp:featuredmedia":[{"embeddable":true,"href":"https:\/\/zamuletas.lt\/en\/wp-json\/wp\/v2\/media\/29941"}],"wp:attachment":[{"href":"https:\/\/zamuletas.lt\/en\/wp-json\/wp\/v2\/media?parent=29939"}],"wp:term":[{"taxonomy":"product_brand","embeddable":true,"href":"https:\/\/zamuletas.lt\/en\/wp-json\/wp\/v2\/product_brand?post=29939"},{"taxonomy":"product_cat","embeddable":true,"href":"https:\/\/zamuletas.lt\/en\/wp-json\/wp\/v2\/product_cat?post=29939"},{"taxonomy":"product_tag","embeddable":true,"href":"https:\/\/zamuletas.lt\/en\/wp-json\/wp\/v2\/product_tag?post=29939"}],"curies":[{"name":"wp","href":"https:\/\/api.w.org\/{rel}","templated":true}]}}