{"id":29943,"date":"2025-12-03T14:32:01","date_gmt":"2025-12-03T12:32:01","guid":{"rendered":"https:\/\/zamuletas.lt\/?post_type=product&#038;p=29943"},"modified":"2026-02-24T13:52:34","modified_gmt":"2026-02-24T11:52:34","slug":"ranku-darbo-amuletas-baltu-saule-amzino-gyvenimo-ratas","status":"publish","type":"product","link":"https:\/\/zamuletas.lt\/en\/produktas\/ranku-darbo-amuletas-baltu-saule-amzino-gyvenimo-ratas\/","title":{"rendered":"Rank\u0173 darbo amuletas: &#8220;Balt\u0173 Saul\u0117 \u2013 Am\u017eino gyvenimo ratas&#8221;"},"content":{"rendered":"<h4 data-path-to-node=\"13\"><b>Balt\u0173 galia: Saul\u0117s amuletas \u2013 apsauga ir ilgaam\u017ei\u0161kumas<\/b><\/h4>\n<p data-path-to-node=\"14\">Rank\u0173 darbo amuletas: &#8220;Balt\u0173 Saul\u0117 \u2013 Am\u017eino gyvenimo ratas&#8221;. \u0160is senovinis, vienpusis amuletas \u2013 tai ne tik papuo\u0161alas, bet ir galingas apsauginis simbolis. <b>Balt\u0173 Saul\u0117<\/b> simbolizuoja gyvenimo j\u0117g\u0105, \u0161ilum\u0105 ir nuolatin\u012f cikl\u0105. Jos kompozicija, sudaryta i\u0161 <b>pusm\u0117nulio formos Balt\u0173 \u017eemi\u0173<\/b>, \u012fk\u016bnija <b>am\u017eino gyvenimo rat\u0105<\/b>, u\u017etikrinant\u012f dvasin\u012f augim\u0105 ir ilgaam\u017ei\u0161kum\u0105.<\/p>\n<p data-path-to-node=\"15\"><b>Apsaugin\u0117s savyb\u0117s:<\/b> amuletas skirtas apsaugoti ne\u0161iotoj\u0105 nuo <b>negatyvios energijos, blog\u0173 \u017evilgsni\u0173<\/b> ir pavydo.<\/p>\n<h4 data-path-to-node=\"16\"><b>Detal\u0117s ir Patogumas<\/b><\/h4>\n<ul data-path-to-node=\"17\">\n<li>\n<p data-path-to-node=\"17,0,0\"><b>Masyvumas:<\/b> solidus <b>44 mm skersmuo<\/b> ir <b>21\u201322 g svoris<\/b> pabr\u0117\u017eia amuleto gali\u0105 ir kokyb\u0119.<\/p>\n<\/li>\n<li>\n<p data-path-to-node=\"17,1,0\"><b>Ne\u0161iojimas:<\/b> amuletas kabo ant <b>virvut\u0117s, kurios ilgis lengvai reguliuojasi<\/b>, tod\u0117l tinka tiek vyrams, tiek moterims.<\/p>\n<\/li>\n<li>\n<p data-path-to-node=\"17,2,0\"><b>Med\u017eiaga:<\/b> pagamintas i\u0161 autenti\u0161ko <b>\u017ealvario<\/b>.<\/p>\n<\/li>\n<\/ul>\n","protected":false},"excerpt":{"rendered":"<p>Galingas rank\u0173 darbo \u017ealvarinis amuletas su <b>Balt\u0173 Saul\u0117s<\/b> simboliu. Amuletas, sudarytas i\u0161 <b>Balt\u0173 \u017eemi\u0173 (pusm\u0117nulio formos) am\u017eino gyvenimo rato<\/b>, apsaugo <b>nuo blog\u0173 \u017evilgsni\u0173 ir neigiamos energijos<\/b>. Solidus dydis (<b>44 mm<\/b>) ir reguliuojamas virvut\u0117s ilgis. Tinka vyrams ir moterims. Rank\u0173 darbo amuletas: &#8220;Balt\u0173 Saul\u0117 \u2013 Am\u017eino gyvenimo ratas&#8221;.<img loading=\"lazy\" decoding=\"async\" class=\"aligncenter wp-image-29601 size-full\" src=\"https:\/\/zamuletas.lt\/wp-content\/uploads\/2025\/12\/Pagaminta-Lietuvoje-2.png\" alt=\"\" width=\"600\" height=\"200\" srcset=\"https:\/\/zamuletas.lt\/wp-content\/uploads\/2025\/12\/Pagaminta-Lietuvoje-2.png 600w, https:\/\/zamuletas.lt\/wp-content\/uploads\/2025\/12\/Pagaminta-Lietuvoje-2-430x143.png 430w, https:\/\/zamuletas.lt\/wp-content\/uploads\/2025\/12\/Pagaminta-Lietuvoje-2-150x50.png 150w, https:\/\/zamuletas.lt\/wp-content\/uploads\/2025\/12\/Pagaminta-Lietuvoje-2-400x133.png 400w\" sizes=\"auto, (max-width: 600px) 100vw, 600px\" \/><\/p>\n","protected":false},"featured_media":29944,"comment_status":"open","ping_status":"closed","template":"","meta":[],"product_brand":[],"product_cat":[23],"product_tag":[],"class_list":{"0":"post-29943","1":"product","2":"type-product","3":"status-publish","4":"has-post-thumbnail","6":"product_cat-amuletai-ir-kaklo-papuosalai","8":"first","9":"instock","10":"taxable","11":"shipping-taxable","12":"purchasable","13":"product-type-simple"},"_links":{"self":[{"href":"https:\/\/zamuletas.lt\/en\/wp-json\/wp\/v2\/product\/29943","targetHints":{"allow":["GET"]}}],"collection":[{"href":"https:\/\/zamuletas.lt\/en\/wp-json\/wp\/v2\/product"}],"about":[{"href":"https:\/\/zamuletas.lt\/en\/wp-json\/wp\/v2\/types\/product"}],"replies":[{"embeddable":true,"href":"https:\/\/zamuletas.lt\/en\/wp-json\/wp\/v2\/comments?post=29943"}],"version-history":[{"count":5,"href":"https:\/\/zamuletas.lt\/en\/wp-json\/wp\/v2\/product\/29943\/revisions"}],"predecessor-version":[{"id":30714,"href":"https:\/\/zamuletas.lt\/en\/wp-json\/wp\/v2\/product\/29943\/revisions\/30714"}],"wp:featuredmedia":[{"embeddable":true,"href":"https:\/\/zamuletas.lt\/en\/wp-json\/wp\/v2\/media\/29944"}],"wp:attachment":[{"href":"https:\/\/zamuletas.lt\/en\/wp-json\/wp\/v2\/media?parent=29943"}],"wp:term":[{"taxonomy":"product_brand","embeddable":true,"href":"https:\/\/zamuletas.lt\/en\/wp-json\/wp\/v2\/product_brand?post=29943"},{"taxonomy":"product_cat","embeddable":true,"href":"https:\/\/zamuletas.lt\/en\/wp-json\/wp\/v2\/product_cat?post=29943"},{"taxonomy":"product_tag","embeddable":true,"href":"https:\/\/zamuletas.lt\/en\/wp-json\/wp\/v2\/product_tag?post=29943"}],"curies":[{"name":"wp","href":"https:\/\/api.w.org\/{rel}","templated":true}]}}