{"id":29960,"date":"2025-12-03T15:09:55","date_gmt":"2025-12-03T13:09:55","guid":{"rendered":"https:\/\/zamuletas.lt\/?post_type=product&#038;p=29960"},"modified":"2026-02-24T13:51:09","modified_gmt":"2026-02-24T11:51:09","slug":"amuletas-didysis-baltu-perkunas-gyvybes-medis","status":"publish","type":"product","link":"https:\/\/zamuletas.lt\/en\/produktas\/amuletas-didysis-baltu-perkunas-gyvybes-medis\/","title":{"rendered":"Amuletas: Didysis Balt\u0173 Perk\u016bnas \u2013 Gyvyb\u0117s medis"},"content":{"rendered":"<h4 data-path-to-node=\"13\"><b>Galingoji harmonija: Perk\u016bnas ir Didysis Gyvyb\u0117s medis<\/b><\/h4>\n<p data-path-to-node=\"14\">Amuletas: Didysis Balt\u0173 Perk\u016bnas \u2013 Gyvyb\u0117s medis. \u0160is vienpusis amuletas \u2013 tai ne tik papuo\u0161alas, bet ir galingas balt\u0173 mitologijos atspindys. <b>Perk\u016bnas<\/b> (Dangaus T\u0117vas, teisingumo dievas) suteikia j\u0117gos ir apsaugos, o <b>Gyvyb\u0117s medis<\/b>, sudarytas i\u0161 <b>\u017eal\u010di\u0173<\/b>, simbolizuoja nuolatin\u012f pasaulio atsinaujinim\u0105, i\u0161mint\u012f ir <b>am\u017eino gyvenimo cikl\u0105<\/b>.<\/p>\n<p data-path-to-node=\"15\"><b>Apsaugin\u0117s savyb\u0117s:<\/b> amuletas yra stiprus talismanas, skirtas apsaugoti ne\u0161iotoj\u0105 nuo <b>negatyvios energijos<\/b> ir <b>blog\u0173 \u017evilgsni\u0173<\/b>.<\/p>\n<h4 data-path-to-node=\"16\"><b>Detal\u0117s ir patogumas<\/b><\/h4>\n<ul data-path-to-node=\"17\">\n<li>\n<p data-path-to-node=\"17,0,0\"><b>I\u0161rai\u0161kingumas:<\/b> didesnis <b>40 mm skersmuo<\/b> leid\u017eia geriau \u012f\u017ei\u016br\u0117ti detales ir pabr\u0117\u017eia amuleto simbolin\u0119 gali\u0105.<\/p>\n<\/li>\n<li>\n<p data-path-to-node=\"17,1,0\"><b>Svoris:<\/b> nepaisant dyd\u017eio, amuletas i\u0161lieka lengvas (<b>8\u20139 g<\/b>), tod\u0117l patogus ne\u0161ioti.<\/p>\n<\/li>\n<li>\n<p data-path-to-node=\"17,2,0\"><b>Ne\u0161iojimas:<\/b> tinka tiek vyrams, tiek moterims.<\/p>\n<\/li>\n<li>\n<p data-path-to-node=\"17,3,0\"><b>Med\u017eiaga:<\/b> pagamintas i\u0161 autenti\u0161ko <b>\u017ealvario <\/b>arba <strong>pasidabruoto \u017ealvario<\/strong>.<\/p>\n<\/li>\n<\/ul>\n","protected":false},"excerpt":{"rendered":"<p>Senovinis rank\u0173 darbo \u017ealvarinis arba pasidabruoto \u017ealvario amuletas su <b>Balt\u0173 Perk\u016bno<\/b> simboliu. Amuletas vaizduoja <b>Gyvyb\u0117s med\u012f<\/b>, sudaryt\u0105 i\u0161 susiraizgiusi\u0173 <b>\u017eal\u010di\u0173<\/b>, taip formuojant <b>am\u017eino gyvenimo rat\u0105<\/b>. Stiprus talismanas, saugantis <b>nuo blog\u0173 \u017evilgsni\u0173 ir neigiamos energijos<\/b>. Didesnis dydis (<b>40 mm<\/b>) ir lengvas svoris. Tinka vyrams ir moterims. Amuletas: Didysis Balt\u0173 Perk\u016bnas \u2013 Gyvyb\u0117s medis.<img loading=\"lazy\" decoding=\"async\" class=\"aligncenter wp-image-29601 size-full\" src=\"https:\/\/zamuletas.lt\/wp-content\/uploads\/2025\/12\/Pagaminta-Lietuvoje-2.png\" alt=\"\" width=\"600\" height=\"200\" srcset=\"https:\/\/zamuletas.lt\/wp-content\/uploads\/2025\/12\/Pagaminta-Lietuvoje-2.png 600w, https:\/\/zamuletas.lt\/wp-content\/uploads\/2025\/12\/Pagaminta-Lietuvoje-2-430x143.png 430w, https:\/\/zamuletas.lt\/wp-content\/uploads\/2025\/12\/Pagaminta-Lietuvoje-2-150x50.png 150w, https:\/\/zamuletas.lt\/wp-content\/uploads\/2025\/12\/Pagaminta-Lietuvoje-2-400x133.png 400w\" sizes=\"auto, (max-width: 600px) 100vw, 600px\" \/><\/p>\n","protected":false},"featured_media":29956,"comment_status":"open","ping_status":"closed","template":"","meta":[],"product_brand":[],"product_cat":[23],"product_tag":[],"class_list":{"0":"post-29960","1":"product","2":"type-product","3":"status-publish","4":"has-post-thumbnail","6":"product_cat-amuletai-ir-kaklo-papuosalai","8":"first","9":"instock","10":"taxable","11":"shipping-taxable","12":"purchasable","13":"product-type-variable"},"_links":{"self":[{"href":"https:\/\/zamuletas.lt\/en\/wp-json\/wp\/v2\/product\/29960","targetHints":{"allow":["GET"]}}],"collection":[{"href":"https:\/\/zamuletas.lt\/en\/wp-json\/wp\/v2\/product"}],"about":[{"href":"https:\/\/zamuletas.lt\/en\/wp-json\/wp\/v2\/types\/product"}],"replies":[{"embeddable":true,"href":"https:\/\/zamuletas.lt\/en\/wp-json\/wp\/v2\/comments?post=29960"}],"version-history":[{"count":5,"href":"https:\/\/zamuletas.lt\/en\/wp-json\/wp\/v2\/product\/29960\/revisions"}],"predecessor-version":[{"id":30712,"href":"https:\/\/zamuletas.lt\/en\/wp-json\/wp\/v2\/product\/29960\/revisions\/30712"}],"wp:featuredmedia":[{"embeddable":true,"href":"https:\/\/zamuletas.lt\/en\/wp-json\/wp\/v2\/media\/29956"}],"wp:attachment":[{"href":"https:\/\/zamuletas.lt\/en\/wp-json\/wp\/v2\/media?parent=29960"}],"wp:term":[{"taxonomy":"product_brand","embeddable":true,"href":"https:\/\/zamuletas.lt\/en\/wp-json\/wp\/v2\/product_brand?post=29960"},{"taxonomy":"product_cat","embeddable":true,"href":"https:\/\/zamuletas.lt\/en\/wp-json\/wp\/v2\/product_cat?post=29960"},{"taxonomy":"product_tag","embeddable":true,"href":"https:\/\/zamuletas.lt\/en\/wp-json\/wp\/v2\/product_tag?post=29960"}],"curies":[{"name":"wp","href":"https:\/\/api.w.org\/{rel}","templated":true}]}}