{"id":29964,"date":"2025-12-03T15:13:47","date_gmt":"2025-12-03T13:13:47","guid":{"rendered":"https:\/\/zamuletas.lt\/?post_type=product&#038;p=29964"},"modified":"2026-02-24T13:50:39","modified_gmt":"2026-02-24T11:50:39","slug":"amuletas-baltu-sielos-raktas","status":"publish","type":"product","link":"https:\/\/zamuletas.lt\/en\/produktas\/amuletas-baltu-sielos-raktas\/","title":{"rendered":"Amuletas: Balt\u0173 &#8220;Sielos raktas&#8221;"},"content":{"rendered":"<h4 data-path-to-node=\"13\"><b>&#8220;Sielos raktas&#8221;: stipryb\u0117s \u0161altinis ir nam\u0173 apsauga<br \/>\n<\/b><\/h4>\n<p>Amuletas: Balt\u0173 &#8220;Sielos raktas&#8221;<\/p>\n<p data-path-to-node=\"14\">\u0160is senovinis \u017ealvario amuletas \u2013 tai ne tik papuo\u0161alas, bet ir galingas apsauginis simbolis, kurio forma primena rakt\u0105. Amuletas padeda atrakinti <b>vidin\u0119 stipryb\u0119<\/b> ir <b>apsaugoti tai, kas Jums brangiausia<\/b>.<\/p>\n<h4 data-path-to-node=\"15\"><b>Galinga simbolika ir apsaugin\u0117s savyb\u0117s:<\/b><\/h4>\n<ul data-path-to-node=\"16\">\n<li>\n<p data-path-to-node=\"16,0,0\"><b>&#8220;Sielos raktas&#8221;:<\/b> simbolizuoja geb\u0117jim\u0105 atrakinti pasl\u0117ptus resursus, pasiekti dvasin\u012f pa\u017einim\u0105 ir suteikia <b>stipryb\u0117s<\/b> kasdieniuose i\u0161\u0161\u016bkiuose.<\/p>\n<\/li>\n<li>\n<p data-path-to-node=\"16,1,0\"><b>Dvipusis dizainas:<\/b> amuletas yra <b>dvipusis<\/b>, kas u\u017etikrina nuolatin\u0119, nenutr\u016bkstam\u0105 apsaug\u0105.<\/p>\n<\/li>\n<li>\n<p data-path-to-node=\"16,2,0\"><b>Nam\u0173 apsauga:<\/b> Tikima, kad \u0161is amuletas veikia kaip <b>galingas sargas<\/b>, saugantis J\u016bs\u0173 namus nuo prie\u0161\u0173, vagi\u0173 ir neigiamos energijos.<\/p>\n<\/li>\n<li>\n<p data-path-to-node=\"16,3,0\"><b>Asmenin\u0117 apsauga:<\/b> amuletas saugo ne\u0161iotoj\u0105 nuo <b>blog\u0173 \u017evilgsni\u0173<\/b> ir bendros negatyvios energijos.<\/p>\n<\/li>\n<\/ul>\n<h4 data-path-to-node=\"17\"><b>Detal\u0117s ir patogumas<\/b><\/h4>\n<ul data-path-to-node=\"18\">\n<li>\n<p data-path-to-node=\"18,0,0\"><b>Masyvumas:<\/b> solidus <b>90 mm ilgis<\/b> ir <b>19\u201320 g svoris<\/b> pabr\u0117\u017eia amuleto gali\u0105 ir kokyb\u0119.<\/p>\n<\/li>\n<li>\n<p data-path-to-node=\"18,1,0\"><b>Ne\u0161iojimas:<\/b> tinka tiek <b>vyrams, tiek moterims<\/b> kaip i\u0161skirtinis ir prasmingas aksesuaras.<\/p>\n<\/li>\n<li>\n<p data-path-to-node=\"18,2,0\"><b>Med\u017eiaga:<\/b> Pagamintas i\u0161 autenti\u0161ko <b>\u017ealvario<\/b>.<\/p>\n<\/li>\n<\/ul>\n","protected":false},"excerpt":{"rendered":"<p>Galingas rank\u0173 darbo \u017ealvarinis amuletas <b>\u201eSielos raktas\u201c<\/b>. Dvipusis dizainas suteikia <b>stipryb\u0117s, saugo nuo blog\u0173 \u017evilgsni\u0173 ir neigiamos energijos<\/b>. Amuletas taip pat atlieka <b>nam\u0173 sargo<\/b> funkcij\u0105, saugodamas juos nuo prie\u0161\u0173. Amuletas: Balt\u0173 &#8220;Sielos raktas&#8221;.<img loading=\"lazy\" decoding=\"async\" class=\"aligncenter wp-image-29601 size-full\" src=\"https:\/\/zamuletas.lt\/wp-content\/uploads\/2025\/12\/Pagaminta-Lietuvoje-2.png\" alt=\"\" width=\"600\" height=\"200\" srcset=\"https:\/\/zamuletas.lt\/wp-content\/uploads\/2025\/12\/Pagaminta-Lietuvoje-2.png 600w, https:\/\/zamuletas.lt\/wp-content\/uploads\/2025\/12\/Pagaminta-Lietuvoje-2-430x143.png 430w, https:\/\/zamuletas.lt\/wp-content\/uploads\/2025\/12\/Pagaminta-Lietuvoje-2-150x50.png 150w, https:\/\/zamuletas.lt\/wp-content\/uploads\/2025\/12\/Pagaminta-Lietuvoje-2-400x133.png 400w\" sizes=\"auto, (max-width: 600px) 100vw, 600px\" \/><\/p>\n","protected":false},"featured_media":29966,"comment_status":"open","ping_status":"closed","template":"","meta":[],"product_brand":[],"product_cat":[23],"product_tag":[],"class_list":{"0":"post-29964","1":"product","2":"type-product","3":"status-publish","4":"has-post-thumbnail","6":"product_cat-amuletai-ir-kaklo-papuosalai","8":"first","9":"instock","10":"taxable","11":"shipping-taxable","12":"purchasable","13":"product-type-variable"},"_links":{"self":[{"href":"https:\/\/zamuletas.lt\/en\/wp-json\/wp\/v2\/product\/29964","targetHints":{"allow":["GET"]}}],"collection":[{"href":"https:\/\/zamuletas.lt\/en\/wp-json\/wp\/v2\/product"}],"about":[{"href":"https:\/\/zamuletas.lt\/en\/wp-json\/wp\/v2\/types\/product"}],"replies":[{"embeddable":true,"href":"https:\/\/zamuletas.lt\/en\/wp-json\/wp\/v2\/comments?post=29964"}],"version-history":[{"count":4,"href":"https:\/\/zamuletas.lt\/en\/wp-json\/wp\/v2\/product\/29964\/revisions"}],"predecessor-version":[{"id":30363,"href":"https:\/\/zamuletas.lt\/en\/wp-json\/wp\/v2\/product\/29964\/revisions\/30363"}],"wp:featuredmedia":[{"embeddable":true,"href":"https:\/\/zamuletas.lt\/en\/wp-json\/wp\/v2\/media\/29966"}],"wp:attachment":[{"href":"https:\/\/zamuletas.lt\/en\/wp-json\/wp\/v2\/media?parent=29964"}],"wp:term":[{"taxonomy":"product_brand","embeddable":true,"href":"https:\/\/zamuletas.lt\/en\/wp-json\/wp\/v2\/product_brand?post=29964"},{"taxonomy":"product_cat","embeddable":true,"href":"https:\/\/zamuletas.lt\/en\/wp-json\/wp\/v2\/product_cat?post=29964"},{"taxonomy":"product_tag","embeddable":true,"href":"https:\/\/zamuletas.lt\/en\/wp-json\/wp\/v2\/product_tag?post=29964"}],"curies":[{"name":"wp","href":"https:\/\/api.w.org\/{rel}","templated":true}]}}