{"id":29974,"date":"2025-12-03T15:21:06","date_gmt":"2025-12-03T13:21:06","guid":{"rendered":"https:\/\/zamuletas.lt\/?post_type=product&#038;p=29974"},"modified":"2026-02-24T13:49:52","modified_gmt":"2026-02-24T11:49:52","slug":"amuletas-gulbele-antele-42mm","status":"publish","type":"product","link":"https:\/\/zamuletas.lt\/en\/produktas\/amuletas-gulbele-antele-42mm\/","title":{"rendered":"Amuletas \u201eGulbel\u0117 \/ Antel\u0117\u201c (42mm)"},"content":{"rendered":"<h4 data-path-to-node=\"13\"><b>Vandens gali\u0173 amuletas: Gulbel\u0117 \/ Antel\u0117 \u2013 \u0161eimos gerov\u0117s simbolis<\/b><\/h4>\n<p data-path-to-node=\"14\">Amuletas \u201eGulbel\u0117 \/ Antel\u0117\u201c (42mm). \u0160is senovinis Balt\u0173 amuletas \u2013 tai ry\u0161kus ir prasmingas moteri\u0161kas papuo\u0161alas. <b>Gulbel\u0117 ar Antel\u0117<\/b> balt\u0173 mitologijoje simbolizuoja <b>vandens gali\u0105, vaisingum\u0105, klest\u0117jim\u0105<\/b> ir <b>\u0161eimos gerov\u0119<\/b>. Jos <b>dvipus\u0117<\/b> konstrukcija u\u017etikrina nuolatin\u0119, visapus\u0119 apsaug\u0105 ir pusiausvyr\u0105.<\/p>\n<h4 data-path-to-node=\"15\"><b>Apsaugin\u0117s savyb\u0117s:<\/b><\/h4>\n<ul data-path-to-node=\"16\">\n<li>\n<p data-path-to-node=\"16,0,0\">Suteikia <b>stipryb\u0117s<\/b> ir <b>sveikatos<\/b>.<\/p>\n<\/li>\n<li>\n<p data-path-to-node=\"16,1,0\">Saugo <b>nuo blog\u0173 \u017evilgsni\u0173 ir neigiamos energijos<\/b>.<\/p>\n<\/li>\n<\/ul>\n<h4 data-path-to-node=\"17\"><b>Detal\u0117s ir patogumas<\/b><\/h4>\n<ul data-path-to-node=\"18\">\n<li>\n<p data-path-to-node=\"18,0,0\"><b>I\u0161rai\u0161kingas dydis:<\/b> <b>42 mm ilgis<\/b> ir <b>6\u20137 g svoris<\/b> leid\u017eia ne\u0161ioti \u0161\u012f pakabuk\u0105 kaip pagrindin\u012f aprangos akcent\u0105.<\/p>\n<\/li>\n<li>\n<p data-path-to-node=\"18,1,0\"><b>Med\u017eiagos pasirinkimas:<\/b> rinkit\u0117s autenti\u0161k\u0105 <b>\u017ealvar\u012f<\/b> arba eleganti\u0161k\u0105 <b>pasidabruot\u0105 \u017ealvar\u012f<\/b>.<\/p>\n<\/li>\n<li>\n<p data-path-to-node=\"18,2,0\"><b>Paskirtis:<\/b> I\u0161skirtinai <b>moteri\u0161kas papuo\u0161alas<\/b>.<\/p>\n<\/li>\n<\/ul>\n","protected":false},"excerpt":{"rendered":"<p>Rank\u0173 darbo <b>dvipusis<\/b> amuletas \u201eGulbel\u0117 \/ Antel\u0117\u201c. I\u0161rai\u0161kingas dydis (<b>42 mm<\/b>, svoris <b>6\u20137 g<\/b>) puikiai tinka moteri\u0161kam papuo\u0161alui. Simbolizuoja <b>sveikat\u0105, stipryb\u0119 ir apsaug\u0105 nuo blogos energijos<\/b>. Galima rinktis \u017ealvario arba pasidabruoto \u017ealvario apdail\u0105. Amuletas \u201eGulbel\u0117 \/ Antel\u0117\u201c (42mm).<img loading=\"lazy\" decoding=\"async\" class=\"aligncenter wp-image-29601 size-full\" src=\"https:\/\/zamuletas.lt\/wp-content\/uploads\/2025\/12\/Pagaminta-Lietuvoje-2.png\" alt=\"\" width=\"600\" height=\"200\" srcset=\"https:\/\/zamuletas.lt\/wp-content\/uploads\/2025\/12\/Pagaminta-Lietuvoje-2.png 600w, https:\/\/zamuletas.lt\/wp-content\/uploads\/2025\/12\/Pagaminta-Lietuvoje-2-430x143.png 430w, https:\/\/zamuletas.lt\/wp-content\/uploads\/2025\/12\/Pagaminta-Lietuvoje-2-150x50.png 150w, https:\/\/zamuletas.lt\/wp-content\/uploads\/2025\/12\/Pagaminta-Lietuvoje-2-400x133.png 400w\" sizes=\"auto, (max-width: 600px) 100vw, 600px\" \/><\/p>\n","protected":false},"featured_media":29976,"comment_status":"open","ping_status":"closed","template":"","meta":[],"product_brand":[],"product_cat":[23],"product_tag":[],"class_list":{"0":"post-29974","1":"product","2":"type-product","3":"status-publish","4":"has-post-thumbnail","6":"product_cat-amuletai-ir-kaklo-papuosalai","8":"first","9":"instock","10":"taxable","11":"shipping-taxable","12":"purchasable","13":"product-type-variable"},"_links":{"self":[{"href":"https:\/\/zamuletas.lt\/en\/wp-json\/wp\/v2\/product\/29974","targetHints":{"allow":["GET"]}}],"collection":[{"href":"https:\/\/zamuletas.lt\/en\/wp-json\/wp\/v2\/product"}],"about":[{"href":"https:\/\/zamuletas.lt\/en\/wp-json\/wp\/v2\/types\/product"}],"replies":[{"embeddable":true,"href":"https:\/\/zamuletas.lt\/en\/wp-json\/wp\/v2\/comments?post=29974"}],"version-history":[{"count":5,"href":"https:\/\/zamuletas.lt\/en\/wp-json\/wp\/v2\/product\/29974\/revisions"}],"predecessor-version":[{"id":30710,"href":"https:\/\/zamuletas.lt\/en\/wp-json\/wp\/v2\/product\/29974\/revisions\/30710"}],"wp:featuredmedia":[{"embeddable":true,"href":"https:\/\/zamuletas.lt\/en\/wp-json\/wp\/v2\/media\/29976"}],"wp:attachment":[{"href":"https:\/\/zamuletas.lt\/en\/wp-json\/wp\/v2\/media?parent=29974"}],"wp:term":[{"taxonomy":"product_brand","embeddable":true,"href":"https:\/\/zamuletas.lt\/en\/wp-json\/wp\/v2\/product_brand?post=29974"},{"taxonomy":"product_cat","embeddable":true,"href":"https:\/\/zamuletas.lt\/en\/wp-json\/wp\/v2\/product_cat?post=29974"},{"taxonomy":"product_tag","embeddable":true,"href":"https:\/\/zamuletas.lt\/en\/wp-json\/wp\/v2\/product_tag?post=29974"}],"curies":[{"name":"wp","href":"https:\/\/api.w.org\/{rel}","templated":true}]}}