{"id":29989,"date":"2025-12-03T15:30:41","date_gmt":"2025-12-03T13:30:41","guid":{"rendered":"https:\/\/zamuletas.lt\/?post_type=product&#038;p=29989"},"modified":"2026-02-24T13:48:22","modified_gmt":"2026-02-24T11:48:22","slug":"amuletas-zirgelis-arkliukas-45mm","status":"publish","type":"product","link":"https:\/\/zamuletas.lt\/en\/produktas\/amuletas-zirgelis-arkliukas-45mm\/","title":{"rendered":"Amuletas \u201e\u017dirgelis \/ Arkliukas\u201c (45mm)"},"content":{"rendered":"<h4 data-path-to-node=\"13\"><b>Masyvus \u017dirgelis: sveikatos ir optimizmo simbolis<\/b><\/h4>\n<p data-path-to-node=\"14\">Amuletas \u201e\u017dirgelis \/ Arkliukas\u201c (45mm). \u0160is senovinis Balt\u0173 amuletas yra i\u0161rai\u0161kingas ir galingas talismanas. <b>Arkliukas (\u017dirgelis)<\/b> Balt\u0173 mitologijoje simbolizuoja <b>gyvybingum\u0105, j\u0117g\u0105 ir s\u0117km\u0119 kelyje<\/b>. D\u0117l savo <b>dvipus\u0117s<\/b> konstrukcijos, amuletas atrodo puikiai i\u0161 abiej\u0173 pusi\u0173 ir u\u017etikrina nuolatin\u0119 apsaug\u0105.<\/p>\n<h4 data-path-to-node=\"15\"><b>Apsaugin\u0117s savyb\u0117s:<\/b><\/h4>\n<ul data-path-to-node=\"16\">\n<li>\n<p data-path-to-node=\"16,0,0\">Suteikia <b>stipryb\u0117s<\/b> ir palaiko <b>sveikat\u0105<\/b>.<\/p>\n<\/li>\n<li>\n<p data-path-to-node=\"16,1,0\">Saugo <b>nuo blog\u0173 \u017evilgsni\u0173 ir neigiamos energijos<\/b>.<\/p>\n<\/li>\n<\/ul>\n<h4 data-path-to-node=\"17\"><b>Detal\u0117s ir patogumas<\/b><\/h4>\n<ul data-path-to-node=\"18\">\n<li>\n<p data-path-to-node=\"18,0,0\"><b>Masyvumas:<\/b> su <b>45 mm ilgiu<\/b> ir <b>3 mm storiu<\/b>, bei <b>12\u201314 g svoriu<\/b>, amuletas yra solidus ir juntamas.<\/p>\n<\/li>\n<li>\n<p data-path-to-node=\"18,1,0\"><b>Universalumas:<\/b> tinka tiek <b>vyrams, tiek moterims<\/b>.<\/p>\n<\/li>\n<li>\n<p data-path-to-node=\"18,2,0\"><b>Med\u017eiagos pasirinkimas:<\/b> rinkit\u0117s autenti\u0161k\u0105 <b>\u017ealvar\u012f<\/b> arba eleganti\u0161k\u0105 <b>pasidabruot\u0105 \u017ealvar\u012f<\/b>.<\/p>\n<\/li>\n<\/ul>\n","protected":false},"excerpt":{"rendered":"<p>Rank\u0173 darbo <b>dvipusis<\/b> amuletas \u201e\u017dirgelis \/ Arkliukas\u201c. Simbolizuoja <b>stipryb\u0119, sveikat\u0105 ir optimizm\u0105<\/b>. Masyvus dydis (<b>45 mm ilgio<\/b>) ir solidus svoris (<b>12\u201314 g<\/b>). Saugo nuo blog\u0173 \u017evilgsni\u0173 ir blogos energijos. <strong>Amuletas \u201e\u017dirgelis \/ Arkliukas\u201c (45mm).<\/strong><img loading=\"lazy\" decoding=\"async\" class=\"aligncenter wp-image-29601 size-full\" src=\"https:\/\/zamuletas.lt\/wp-content\/uploads\/2025\/12\/Pagaminta-Lietuvoje-2.png\" alt=\"\" width=\"600\" height=\"200\" srcset=\"https:\/\/zamuletas.lt\/wp-content\/uploads\/2025\/12\/Pagaminta-Lietuvoje-2.png 600w, https:\/\/zamuletas.lt\/wp-content\/uploads\/2025\/12\/Pagaminta-Lietuvoje-2-430x143.png 430w, https:\/\/zamuletas.lt\/wp-content\/uploads\/2025\/12\/Pagaminta-Lietuvoje-2-150x50.png 150w, https:\/\/zamuletas.lt\/wp-content\/uploads\/2025\/12\/Pagaminta-Lietuvoje-2-400x133.png 400w\" sizes=\"auto, (max-width: 600px) 100vw, 600px\" \/><\/p>\n","protected":false},"featured_media":29996,"comment_status":"open","ping_status":"closed","template":"","meta":[],"product_brand":[],"product_cat":[23],"product_tag":[],"class_list":{"0":"post-29989","1":"product","2":"type-product","3":"status-publish","4":"has-post-thumbnail","6":"product_cat-amuletai-ir-kaklo-papuosalai","8":"first","9":"instock","10":"taxable","11":"shipping-taxable","12":"purchasable","13":"product-type-variable"},"_links":{"self":[{"href":"https:\/\/zamuletas.lt\/en\/wp-json\/wp\/v2\/product\/29989","targetHints":{"allow":["GET"]}}],"collection":[{"href":"https:\/\/zamuletas.lt\/en\/wp-json\/wp\/v2\/product"}],"about":[{"href":"https:\/\/zamuletas.lt\/en\/wp-json\/wp\/v2\/types\/product"}],"replies":[{"embeddable":true,"href":"https:\/\/zamuletas.lt\/en\/wp-json\/wp\/v2\/comments?post=29989"}],"version-history":[{"count":4,"href":"https:\/\/zamuletas.lt\/en\/wp-json\/wp\/v2\/product\/29989\/revisions"}],"predecessor-version":[{"id":30708,"href":"https:\/\/zamuletas.lt\/en\/wp-json\/wp\/v2\/product\/29989\/revisions\/30708"}],"wp:featuredmedia":[{"embeddable":true,"href":"https:\/\/zamuletas.lt\/en\/wp-json\/wp\/v2\/media\/29996"}],"wp:attachment":[{"href":"https:\/\/zamuletas.lt\/en\/wp-json\/wp\/v2\/media?parent=29989"}],"wp:term":[{"taxonomy":"product_brand","embeddable":true,"href":"https:\/\/zamuletas.lt\/en\/wp-json\/wp\/v2\/product_brand?post=29989"},{"taxonomy":"product_cat","embeddable":true,"href":"https:\/\/zamuletas.lt\/en\/wp-json\/wp\/v2\/product_cat?post=29989"},{"taxonomy":"product_tag","embeddable":true,"href":"https:\/\/zamuletas.lt\/en\/wp-json\/wp\/v2\/product_tag?post=29989"}],"curies":[{"name":"wp","href":"https:\/\/api.w.org\/{rel}","templated":true}]}}