{"id":30000,"date":"2025-12-03T15:34:31","date_gmt":"2025-12-03T13:34:31","guid":{"rendered":"https:\/\/zamuletas.lt\/?post_type=product&#038;p=30000"},"modified":"2026-02-24T13:47:54","modified_gmt":"2026-02-24T11:47:54","slug":"masyvus-amuletas-zirgelis-arkliukas","status":"publish","type":"product","link":"https:\/\/zamuletas.lt\/en\/produktas\/masyvus-amuletas-zirgelis-arkliukas\/","title":{"rendered":"Masyvus amuletas \u201e\u017dirgelis \/ Arkliukas\u201c"},"content":{"rendered":"<h4 data-path-to-node=\"13\"><b>Masyvus \u017dirgelis: stipryb\u0117s ir optimizmo \u0161altinis<\/b><\/h4>\n<p data-path-to-node=\"14\">Masyvus amuletas \u201e\u017dirgelis \/ Arkliukas\u201c. \u0160is senovinis Balt\u0173 amuletas yra i\u0161rai\u0161kingas ir galingas talismanas. <b>Arkliukas (\u017dirgelis)<\/b> Balt\u0173 mitologijoje simbolizuoja <b>gyvybingum\u0105, j\u0117g\u0105 ir s\u0117km\u0119 kelyje<\/b>. D\u0117l savo <b>dvipus\u0117s<\/b> konstrukcijos, amuletas atrodo puikiai i\u0161 abiej\u0173 pusi\u0173 ir u\u017etikrina nuolatin\u0119 apsaug\u0105.<\/p>\n<h4 data-path-to-node=\"15\"><b>Apsaugin\u0117s savyb\u0117s:<\/b><\/h4>\n<ul data-path-to-node=\"16\">\n<li>\n<p data-path-to-node=\"16,0,0\">Suteikia <b>stipryb\u0117s<\/b> ir palaiko <b>sveikat\u0105<\/b>.<\/p>\n<\/li>\n<li>\n<p data-path-to-node=\"16,1,0\">Saugo <b>nuo blog\u0173 \u017evilgsni\u0173 ir neigiamos energijos<\/b>.<\/p>\n<\/li>\n<\/ul>\n<h4 data-path-to-node=\"17\"><b>Detal\u0117s ir patogumas<\/b><\/h4>\n<ul data-path-to-node=\"18\">\n<li>\n<p data-path-to-node=\"18,0,0\"><b>Masyvumas:<\/b> su <b>40 mm ilgiu<\/b> ir <b>5 mm storiu<\/b>, bei <b>18 g svoriu<\/b>, amuletas yra solidus ir juntamas, pabr\u0117\u017eiant jo gali\u0105.<\/p>\n<\/li>\n<li>\n<p data-path-to-node=\"18,1,0\"><b>Universalumas:<\/b> tinka tiek <b>vyrams, tiek moterims<\/b>.<\/p>\n<\/li>\n<li>\n<p data-path-to-node=\"18,2,0\"><b>Med\u017eiaga:<\/b> pagamintas i\u0161 autenti\u0161ko <b>\u017ealvario<\/b>.<\/p>\n<\/li>\n<\/ul>\n","protected":false},"excerpt":{"rendered":"<p>Masyvus amuletas \u201e\u017dirgelis \/ Arkliukas\u201c. Rank\u0173 darbo <b>dvipusis<\/b> \u017ealvario amuletas \u201e\u017dirgelis \/ Arkliukas\u201c. Simbolizuoja <b>stipryb\u0119, sveikat\u0105 ir optimizm\u0105<\/b>. Masyvus dydis (<b>40 mm ilgio<\/b>, <b>5 mm storio<\/b>) ir solidus svoris (<b>18 g<\/b>). Saugo nuo blog\u0173 \u017evilgsni\u0173 ir blogos energijos.<img loading=\"lazy\" decoding=\"async\" class=\"aligncenter wp-image-29601 size-full\" src=\"https:\/\/zamuletas.lt\/wp-content\/uploads\/2025\/12\/Pagaminta-Lietuvoje-2.png\" alt=\"\" width=\"600\" height=\"200\" srcset=\"https:\/\/zamuletas.lt\/wp-content\/uploads\/2025\/12\/Pagaminta-Lietuvoje-2.png 600w, https:\/\/zamuletas.lt\/wp-content\/uploads\/2025\/12\/Pagaminta-Lietuvoje-2-430x143.png 430w, https:\/\/zamuletas.lt\/wp-content\/uploads\/2025\/12\/Pagaminta-Lietuvoje-2-150x50.png 150w, https:\/\/zamuletas.lt\/wp-content\/uploads\/2025\/12\/Pagaminta-Lietuvoje-2-400x133.png 400w\" sizes=\"auto, (max-width: 600px) 100vw, 600px\" \/><\/p>\n","protected":false},"featured_media":30001,"comment_status":"open","ping_status":"closed","template":"","meta":[],"product_brand":[],"product_cat":[23],"product_tag":[],"class_list":{"0":"post-30000","1":"product","2":"type-product","3":"status-publish","4":"has-post-thumbnail","6":"product_cat-amuletai-ir-kaklo-papuosalai","8":"first","9":"instock","10":"taxable","11":"shipping-taxable","12":"purchasable","13":"product-type-simple"},"_links":{"self":[{"href":"https:\/\/zamuletas.lt\/en\/wp-json\/wp\/v2\/product\/30000","targetHints":{"allow":["GET"]}}],"collection":[{"href":"https:\/\/zamuletas.lt\/en\/wp-json\/wp\/v2\/product"}],"about":[{"href":"https:\/\/zamuletas.lt\/en\/wp-json\/wp\/v2\/types\/product"}],"replies":[{"embeddable":true,"href":"https:\/\/zamuletas.lt\/en\/wp-json\/wp\/v2\/comments?post=30000"}],"version-history":[{"count":4,"href":"https:\/\/zamuletas.lt\/en\/wp-json\/wp\/v2\/product\/30000\/revisions"}],"predecessor-version":[{"id":30707,"href":"https:\/\/zamuletas.lt\/en\/wp-json\/wp\/v2\/product\/30000\/revisions\/30707"}],"wp:featuredmedia":[{"embeddable":true,"href":"https:\/\/zamuletas.lt\/en\/wp-json\/wp\/v2\/media\/30001"}],"wp:attachment":[{"href":"https:\/\/zamuletas.lt\/en\/wp-json\/wp\/v2\/media?parent=30000"}],"wp:term":[{"taxonomy":"product_brand","embeddable":true,"href":"https:\/\/zamuletas.lt\/en\/wp-json\/wp\/v2\/product_brand?post=30000"},{"taxonomy":"product_cat","embeddable":true,"href":"https:\/\/zamuletas.lt\/en\/wp-json\/wp\/v2\/product_cat?post=30000"},{"taxonomy":"product_tag","embeddable":true,"href":"https:\/\/zamuletas.lt\/en\/wp-json\/wp\/v2\/product_tag?post=30000"}],"curies":[{"name":"wp","href":"https:\/\/api.w.org\/{rel}","templated":true}]}}