{"id":30004,"date":"2025-12-03T15:37:58","date_gmt":"2025-12-03T13:37:58","guid":{"rendered":"https:\/\/zamuletas.lt\/?post_type=product&#038;p=30004"},"modified":"2026-02-24T13:47:25","modified_gmt":"2026-02-24T11:47:25","slug":"amuletas-arbaleto-streles-antgalis","status":"publish","type":"product","link":"https:\/\/zamuletas.lt\/en\/produktas\/amuletas-arbaleto-streles-antgalis\/","title":{"rendered":"Viduram\u017ei\u0173 arbaleto str\u0117l\u0117s antgalis"},"content":{"rendered":"<h4 data-path-to-node=\"13\"><b>Istorinis akcentas: tikslumo talismanas<\/b><\/h4>\n<p data-path-to-node=\"14\">Viduram\u017ei\u0173 arbaleto str\u0117l\u0117s antgalis. \u0160is amuletas yra sujungimas istorijos ir modernaus stiliaus. Arbaleto str\u0117l\u0117s antgalio forma mena Viduram\u017ei\u0173 kovas ir med\u017eiokles, o ne\u0161iotojui ne\u0161a simbolin\u0119 \u017einut\u0119: <b>visada pasiekti tiksl\u0105<\/b> ir <b>ginti savo pozicij\u0105<\/b>.<\/p>\n<h4 data-path-to-node=\"15\"><b>Detal\u0117s ir apsauga<\/b><\/h4>\n<ul data-path-to-node=\"16\">\n<li>\n<p data-path-to-node=\"16,0,0\"><b>Simbolin\u0117 prasm\u0117:<\/b> tinka kaip talismanas, rei\u0161kiantis <b>koncentracij\u0105<\/b> ir <b>greit\u0105 sprendim\u0173 pri\u0117mim\u0105<\/b>.<\/p>\n<\/li>\n<li>\n<p data-path-to-node=\"16,1,0\"><b>Konstrukcija:<\/b> eleganti\u0161ka, pailga <b>43 mm<\/b> forma ir <b>5 mm<\/b> storis sukuria solid\u0173, bet lengv\u0105 papuo\u0161al\u0105.<\/p>\n<\/li>\n<li>\n<p data-path-to-node=\"16,2,0\"><b>Patogumas:<\/b> itin lengvas <b>5\u20136 g svoris<\/b> u\u017etikrina komfort\u0105 ne\u0161iojant vis\u0105 dien\u0105.<\/p>\n<\/li>\n<\/ul>\n<h4 data-path-to-node=\"17\"><b>Med\u017eiagos pasirinkimas:<\/b><\/h4>\n<ul data-path-to-node=\"18\">\n<li>\n<p data-path-to-node=\"18,0,0\">Rinkit\u0117s autenti\u0161k\u0105 <b>\u017ealvar\u012f<\/b> arba eleganti\u0161k\u0105 <b>pasidabruot\u0105 \u017ealvar\u012f<\/b>.<\/p>\n<\/li>\n<\/ul>\n","protected":false},"excerpt":{"rendered":"<p>Viduram\u017ei\u0173 arbaleto str\u0117l\u0117s antgalis. \u0160is rank\u0173 darbo papuo\u0161alas, \u012fkv\u0117ptas Viduram\u017ei\u0173 Balt\u0173 kra\u0161t\u0173, atkartoja eleganti\u0161k\u0105 <b>arbaleto str\u0117l\u0117s antgalio<\/b> form\u0105. Simbolizuoja <b>tikslum\u0105, ry\u017et\u0105<\/b> ir <b>apsaug\u0105<\/b>. Kompakti\u0161kas (<b>43 mm ilgis<\/b>) ir lengvas (<b>5\u20136 g<\/b>). Tinka vyrams ir moterims.<img loading=\"lazy\" decoding=\"async\" class=\"aligncenter wp-image-29601 size-full\" src=\"https:\/\/zamuletas.lt\/wp-content\/uploads\/2025\/12\/Pagaminta-Lietuvoje-2.png\" alt=\"\" width=\"600\" height=\"200\" srcset=\"https:\/\/zamuletas.lt\/wp-content\/uploads\/2025\/12\/Pagaminta-Lietuvoje-2.png 600w, https:\/\/zamuletas.lt\/wp-content\/uploads\/2025\/12\/Pagaminta-Lietuvoje-2-430x143.png 430w, https:\/\/zamuletas.lt\/wp-content\/uploads\/2025\/12\/Pagaminta-Lietuvoje-2-150x50.png 150w, https:\/\/zamuletas.lt\/wp-content\/uploads\/2025\/12\/Pagaminta-Lietuvoje-2-400x133.png 400w\" sizes=\"auto, (max-width: 600px) 100vw, 600px\" \/><\/p>\n","protected":false},"featured_media":30006,"comment_status":"open","ping_status":"closed","template":"","meta":[],"product_brand":[],"product_cat":[23],"product_tag":[],"class_list":{"0":"post-30004","1":"product","2":"type-product","3":"status-publish","4":"has-post-thumbnail","6":"product_cat-amuletai-ir-kaklo-papuosalai","8":"first","9":"instock","10":"taxable","11":"shipping-taxable","12":"purchasable","13":"product-type-variable"},"_links":{"self":[{"href":"https:\/\/zamuletas.lt\/en\/wp-json\/wp\/v2\/product\/30004","targetHints":{"allow":["GET"]}}],"collection":[{"href":"https:\/\/zamuletas.lt\/en\/wp-json\/wp\/v2\/product"}],"about":[{"href":"https:\/\/zamuletas.lt\/en\/wp-json\/wp\/v2\/types\/product"}],"replies":[{"embeddable":true,"href":"https:\/\/zamuletas.lt\/en\/wp-json\/wp\/v2\/comments?post=30004"}],"version-history":[{"count":4,"href":"https:\/\/zamuletas.lt\/en\/wp-json\/wp\/v2\/product\/30004\/revisions"}],"predecessor-version":[{"id":30706,"href":"https:\/\/zamuletas.lt\/en\/wp-json\/wp\/v2\/product\/30004\/revisions\/30706"}],"wp:featuredmedia":[{"embeddable":true,"href":"https:\/\/zamuletas.lt\/en\/wp-json\/wp\/v2\/media\/30006"}],"wp:attachment":[{"href":"https:\/\/zamuletas.lt\/en\/wp-json\/wp\/v2\/media?parent=30004"}],"wp:term":[{"taxonomy":"product_brand","embeddable":true,"href":"https:\/\/zamuletas.lt\/en\/wp-json\/wp\/v2\/product_brand?post=30004"},{"taxonomy":"product_cat","embeddable":true,"href":"https:\/\/zamuletas.lt\/en\/wp-json\/wp\/v2\/product_cat?post=30004"},{"taxonomy":"product_tag","embeddable":true,"href":"https:\/\/zamuletas.lt\/en\/wp-json\/wp\/v2\/product_tag?post=30004"}],"curies":[{"name":"wp","href":"https:\/\/api.w.org\/{rel}","templated":true}]}}