{"id":30010,"date":"2025-12-03T15:41:19","date_gmt":"2025-12-03T13:41:19","guid":{"rendered":"https:\/\/zamuletas.lt\/?post_type=product&#038;p=30010"},"modified":"2026-02-24T13:47:02","modified_gmt":"2026-02-24T11:47:02","slug":"amuletas-gelezinis-vilkas","status":"publish","type":"product","link":"https:\/\/zamuletas.lt\/en\/produktas\/amuletas-gelezinis-vilkas\/","title":{"rendered":"Amuletas \u201eGele\u017einis vilkas\u201c"},"content":{"rendered":"<h4 data-path-to-node=\"13\"><b>M\u016b\u0161io dvasia: Gele\u017einis vilkas \u2013 tiksl\u0173 pasiekimo simbolis<\/b><\/h4>\n<p data-path-to-node=\"14\">Amuletas \u201eGele\u017einis vilkas\u201c. \u0160is rank\u0173 darbo amuletas \u012fk\u016bnija Gele\u017einio vilko \u2013 legendinio Vilniaus \u012fk\u016brimo simbolio \u2013 gali\u0105. Vilkas balt\u0173 kult\u016broje yra <b>j\u0117gos, nepriklausomyb\u0117s, i\u0161minties<\/b> ir <b>kovingumo<\/b> simbolis. Tai talismanas tiems, kurie siekia:<\/p>\n<ul data-path-to-node=\"15\">\n<li>\n<p data-path-to-node=\"15,0,0\"><b>Valios stipryb\u0117s:<\/b> padeda \u012fveikti kli\u016btis.<\/p>\n<\/li>\n<li>\n<p data-path-to-node=\"15,1,0\"><b>Tiksl\u0173 pasiekiamumo:<\/b> \u012fkvepia dr\u0105sos ir agresyvumo siekiant svajoni\u0173.<\/p>\n<\/li>\n<li>\n<p data-path-to-node=\"15,2,0\"><b>Apsaugos:<\/b> suteikia apsaug\u0105 nuo blogos energijos.<\/p>\n<\/li>\n<\/ul>\n<h4 data-path-to-node=\"16\"><b>Detal\u0117s ir patogumas<\/b><\/h4>\n<ul data-path-to-node=\"17\">\n<li>\n<p data-path-to-node=\"17,0,0\"><b>Dizainas:<\/b> subtilus, bet i\u0161rai\u0161kingas \u2013 puikiai tinka kasdieniam ne\u0161iojimui.<\/p>\n<\/li>\n<li>\n<p data-path-to-node=\"17,1,0\"><b>Svoris:<\/b> lengvas ir patogus \u2013 <b>3\u20134 g svoris<\/b> u\u017etikrina komfort\u0105.<\/p>\n<\/li>\n<li>\n<p data-path-to-node=\"17,2,0\"><b>Universalumas:<\/b> tinka tiek <b>vyrams, tiek moterims<\/b>.<\/p>\n<\/li>\n<\/ul>\n<h4 data-path-to-node=\"18\"><b>Med\u017eiagos pasirinkimas:<\/b><\/h4>\n<ul data-path-to-node=\"19\">\n<li>\n<p data-path-to-node=\"19,0,0\">Rinkit\u0117s autenti\u0161k\u0105 <b>\u017ealvar\u012f<\/b> arba eleganti\u0161k\u0105 <b>pasidabruot\u0105 \u017ealvar\u012f<\/b>.<\/p>\n<\/li>\n<\/ul>\n","protected":false},"excerpt":{"rendered":"<p>Amuletas \u201eGele\u017einis vilkas\u201c. Galingas rank\u0173 darbo amuletas \u201eGele\u017einis vilkas\u201c. Simbolizuoja <b>vali\u0105, kovingum\u0105, agresyvum\u0105<\/b> ir <b>geb\u0117jim\u0105 pasiekti u\u017esibr\u0117\u017etus tikslus<\/b>. Kompakti\u0161kas, bet solidus (<b>20 mm auk\u0161\u010dio, 3\u20134 g svorio<\/b>). Puikiai tinka tiek vyrams, tiek moterims.<img loading=\"lazy\" decoding=\"async\" class=\"aligncenter wp-image-29601 size-full\" src=\"https:\/\/zamuletas.lt\/wp-content\/uploads\/2025\/12\/Pagaminta-Lietuvoje-2.png\" alt=\"\" width=\"600\" height=\"200\" srcset=\"https:\/\/zamuletas.lt\/wp-content\/uploads\/2025\/12\/Pagaminta-Lietuvoje-2.png 600w, https:\/\/zamuletas.lt\/wp-content\/uploads\/2025\/12\/Pagaminta-Lietuvoje-2-430x143.png 430w, https:\/\/zamuletas.lt\/wp-content\/uploads\/2025\/12\/Pagaminta-Lietuvoje-2-150x50.png 150w, https:\/\/zamuletas.lt\/wp-content\/uploads\/2025\/12\/Pagaminta-Lietuvoje-2-400x133.png 400w\" sizes=\"auto, (max-width: 600px) 100vw, 600px\" \/><\/p>\n","protected":false},"featured_media":30012,"comment_status":"open","ping_status":"closed","template":"","meta":[],"product_brand":[],"product_cat":[23],"product_tag":[],"class_list":{"0":"post-30010","1":"product","2":"type-product","3":"status-publish","4":"has-post-thumbnail","6":"product_cat-amuletai-ir-kaklo-papuosalai","8":"first","9":"instock","10":"taxable","11":"shipping-taxable","12":"purchasable","13":"product-type-variable"},"_links":{"self":[{"href":"https:\/\/zamuletas.lt\/en\/wp-json\/wp\/v2\/product\/30010","targetHints":{"allow":["GET"]}}],"collection":[{"href":"https:\/\/zamuletas.lt\/en\/wp-json\/wp\/v2\/product"}],"about":[{"href":"https:\/\/zamuletas.lt\/en\/wp-json\/wp\/v2\/types\/product"}],"replies":[{"embeddable":true,"href":"https:\/\/zamuletas.lt\/en\/wp-json\/wp\/v2\/comments?post=30010"}],"version-history":[{"count":5,"href":"https:\/\/zamuletas.lt\/en\/wp-json\/wp\/v2\/product\/30010\/revisions"}],"predecessor-version":[{"id":30705,"href":"https:\/\/zamuletas.lt\/en\/wp-json\/wp\/v2\/product\/30010\/revisions\/30705"}],"wp:featuredmedia":[{"embeddable":true,"href":"https:\/\/zamuletas.lt\/en\/wp-json\/wp\/v2\/media\/30012"}],"wp:attachment":[{"href":"https:\/\/zamuletas.lt\/en\/wp-json\/wp\/v2\/media?parent=30010"}],"wp:term":[{"taxonomy":"product_brand","embeddable":true,"href":"https:\/\/zamuletas.lt\/en\/wp-json\/wp\/v2\/product_brand?post=30010"},{"taxonomy":"product_cat","embeddable":true,"href":"https:\/\/zamuletas.lt\/en\/wp-json\/wp\/v2\/product_cat?post=30010"},{"taxonomy":"product_tag","embeddable":true,"href":"https:\/\/zamuletas.lt\/en\/wp-json\/wp\/v2\/product_tag?post=30010"}],"curies":[{"name":"wp","href":"https:\/\/api.w.org\/{rel}","templated":true}]}}