{"id":30016,"date":"2025-12-03T15:43:39","date_gmt":"2025-12-03T13:43:39","guid":{"rendered":"https:\/\/zamuletas.lt\/?post_type=product&#038;p=30016"},"modified":"2026-02-24T13:46:33","modified_gmt":"2026-02-24T11:46:33","slug":"amuletas-senovine-pasaga","status":"publish","type":"product","link":"https:\/\/zamuletas.lt\/en\/produktas\/amuletas-senovine-pasaga\/","title":{"rendered":"Amuletas: senovin\u0117 pasaga"},"content":{"rendered":"<h4 data-path-to-node=\"13\"><b>Universalus talismanas: pasaga \u2013 laim\u0117s ir turt\u0173 magnetas<\/b><\/h4>\n<p data-path-to-node=\"14\">Amuletas: senovin\u0117 pasaga. Pasaga nuo sen\u0173 laik\u0173 Balt\u0173 kult\u016broje yra laikoma vienu galingiausi\u0173 s\u0117km\u0117s ir apsaugos simboli\u0173. Tikima, kad \u0161is amuletas:<\/p>\n<ul data-path-to-node=\"15\">\n<li>\n<p data-path-to-node=\"15,0,0\"><b>Pritraukia laim\u0119:<\/b> ne\u0161a s\u0117km\u0119 visuose gyvenimo aspektuose.<\/p>\n<\/li>\n<li>\n<p data-path-to-node=\"15,1,0\"><b>Pritraukia pinigus:<\/b> veikia kaip turt\u0173 ir klest\u0117jimo magnetas.<\/p>\n<\/li>\n<li>\n<p data-path-to-node=\"15,2,0\"><b>Apsaugo:<\/b> saugo ne\u0161iotoj\u0105 ir jo namus nuo neigiamos energijos.<\/p>\n<\/li>\n<\/ul>\n<h4 data-path-to-node=\"16\"><b>Detal\u0117s ir patogumas<\/b><\/h4>\n<ul data-path-to-node=\"17\">\n<li>\n<p data-path-to-node=\"17,0,0\"><b>Dizainas:<\/b> autenti\u0161ka, senovin\u0117 pasagos forma.<\/p>\n<\/li>\n<li>\n<p data-path-to-node=\"17,1,0\"><b>Kompakti\u0161kumas:<\/b> d\u0117l <b>22 mm ilgio<\/b> ir <b>3\u20134 g svorio<\/b> amuletas yra subtilus, bet juntamas.<\/p>\n<\/li>\n<li>\n<p data-path-to-node=\"17,2,0\"><b>Med\u017eiaga:<\/b> pagamintas i\u0161 autenti\u0161ko <b>\u017ealvario<\/b>.<\/p>\n<\/li>\n<li>\n<p data-path-to-node=\"17,3,0\"><b>Universalumas:<\/b> tinka <b>vyrams ir moterims<\/b>.<\/p>\n<\/li>\n<\/ul>\n","protected":false},"excerpt":{"rendered":"<p>Rank\u0173 darbo \u017ealvario amuletas <b>\u201eSenovin\u0117 pasaga\u201c<\/b>. Tai universalus s\u0117km\u0117s, <b>laim\u0117s<\/b> ir <b>turto pritraukimo<\/b> simbolis. Kompakti\u0161ka (<b>22&#215;20 mm<\/b>) ir lengva (<b>3\u20134 g<\/b>). Puikiai tinka tiek vyrams, tiek moterims. Amuletas: senovin\u0117 pasaga.<img loading=\"lazy\" decoding=\"async\" class=\"aligncenter wp-image-29601 size-full\" src=\"https:\/\/zamuletas.lt\/wp-content\/uploads\/2025\/12\/Pagaminta-Lietuvoje-2.png\" alt=\"\" width=\"600\" height=\"200\" srcset=\"https:\/\/zamuletas.lt\/wp-content\/uploads\/2025\/12\/Pagaminta-Lietuvoje-2.png 600w, https:\/\/zamuletas.lt\/wp-content\/uploads\/2025\/12\/Pagaminta-Lietuvoje-2-430x143.png 430w, https:\/\/zamuletas.lt\/wp-content\/uploads\/2025\/12\/Pagaminta-Lietuvoje-2-150x50.png 150w, https:\/\/zamuletas.lt\/wp-content\/uploads\/2025\/12\/Pagaminta-Lietuvoje-2-400x133.png 400w\" sizes=\"auto, (max-width: 600px) 100vw, 600px\" \/><\/p>\n","protected":false},"featured_media":30017,"comment_status":"open","ping_status":"closed","template":"","meta":[],"product_brand":[],"product_cat":[23],"product_tag":[],"class_list":{"0":"post-30016","1":"product","2":"type-product","3":"status-publish","4":"has-post-thumbnail","6":"product_cat-amuletai-ir-kaklo-papuosalai","8":"first","9":"instock","10":"taxable","11":"shipping-taxable","12":"purchasable","13":"product-type-simple"},"_links":{"self":[{"href":"https:\/\/zamuletas.lt\/en\/wp-json\/wp\/v2\/product\/30016","targetHints":{"allow":["GET"]}}],"collection":[{"href":"https:\/\/zamuletas.lt\/en\/wp-json\/wp\/v2\/product"}],"about":[{"href":"https:\/\/zamuletas.lt\/en\/wp-json\/wp\/v2\/types\/product"}],"replies":[{"embeddable":true,"href":"https:\/\/zamuletas.lt\/en\/wp-json\/wp\/v2\/comments?post=30016"}],"version-history":[{"count":4,"href":"https:\/\/zamuletas.lt\/en\/wp-json\/wp\/v2\/product\/30016\/revisions"}],"predecessor-version":[{"id":30704,"href":"https:\/\/zamuletas.lt\/en\/wp-json\/wp\/v2\/product\/30016\/revisions\/30704"}],"wp:featuredmedia":[{"embeddable":true,"href":"https:\/\/zamuletas.lt\/en\/wp-json\/wp\/v2\/media\/30017"}],"wp:attachment":[{"href":"https:\/\/zamuletas.lt\/en\/wp-json\/wp\/v2\/media?parent=30016"}],"wp:term":[{"taxonomy":"product_brand","embeddable":true,"href":"https:\/\/zamuletas.lt\/en\/wp-json\/wp\/v2\/product_brand?post=30016"},{"taxonomy":"product_cat","embeddable":true,"href":"https:\/\/zamuletas.lt\/en\/wp-json\/wp\/v2\/product_cat?post=30016"},{"taxonomy":"product_tag","embeddable":true,"href":"https:\/\/zamuletas.lt\/en\/wp-json\/wp\/v2\/product_tag?post=30016"}],"curies":[{"name":"wp","href":"https:\/\/api.w.org\/{rel}","templated":true}]}}