{"id":30019,"date":"2025-12-03T15:53:13","date_gmt":"2025-12-03T13:53:13","guid":{"rendered":"https:\/\/zamuletas.lt\/?post_type=product&#038;p=30019"},"modified":"2026-03-26T21:49:53","modified_gmt":"2026-03-26T19:49:53","slug":"amuletas-vytis","status":"publish","type":"product","link":"https:\/\/zamuletas.lt\/en\/produktas\/amuletas-vytis\/","title":{"rendered":"Amuletas \u201eVytis\u201c"},"content":{"rendered":"<h4 data-path-to-node=\"13\"><b>Am\u017einasis herbas: Vytis \u2013 dr\u0105sos ir patriotizmo i\u0161rai\u0161ka<\/b><\/h4>\n<p data-path-to-node=\"14\">\u0160is rank\u0173 darbo amuletas ne\u0161a savyje didel\u0119 istorin\u0119 ir emocin\u0119 vert\u0119. <b>Vytis<\/b> simbolizuoja ne tik Lietuvos valstybingum\u0105, bet ir <b>kovotojo dvasi\u0105, dr\u0105s\u0105 ir ry\u017et\u0105<\/b> siekti tiksl\u0173. \u0160is ma\u017eas, bet prasmingas simbolis puikiai tinka kasdieniam ne\u0161iojimui. Amuletas \u201eVytis\u201c.<\/p>\n<h4 data-path-to-node=\"15\"><b>Detal\u0117s ir patogumas<\/b><\/h4>\n<ul data-path-to-node=\"16\">\n<li>\n<p data-path-to-node=\"16,0,0\"><b>Miniati\u016brinis dydis:<\/b> itin kompakti\u0161kas <b>16 mm ilgio<\/b> ir <b>18 mm plo\u010dio<\/b> gaminys yra diskreti\u0161kas, bet ai\u0161kiai atpa\u017e\u012fstamas.<\/p>\n<\/li>\n<li>\n<p data-path-to-node=\"16,1,0\"><b>Svoris:<\/b> i<b>tin lengvas (1\u20132 g)<\/b> svoris u\u017etikrina patog\u0173 ne\u0161iojim\u0105.<\/p>\n<\/li>\n<li>\n<p data-path-to-node=\"16,2,0\"><b>Universalumas:<\/b> tinka tiek <b>vyrams, tiek moterims<\/b> ir gali b\u016bti derinamas su kitais papuo\u0161alais.<\/p>\n<\/li>\n<\/ul>\n<h4 data-path-to-node=\"17\"><b>Med\u017eiagos pasirinkimas:<\/b><\/h4>\n<ul data-path-to-node=\"18\">\n<li>\n<p data-path-to-node=\"18,0,0\">Rinkit\u0117s autenti\u0161k\u0105 <b>\u017ealvar\u012f<\/b> arba eleganti\u0161k\u0105 <b>pasidabruot\u0105 \u017ealvar\u012f<\/b>.<\/p>\n<\/li>\n<\/ul>\n","protected":false},"excerpt":{"rendered":"<p>Amuletas \u201eVytis\u201c. Rank\u0173 darbo amuletas, \u012fk\u016bnijantis <b>Vyt\u012f<\/b> \u2013 vien\u0105 seniausi\u0173 herb\u0173 pasaulyje ir Lietuvos Did\u017eiosios Kunigaik\u0161tyst\u0117s (LDK) simbol\u012f. Tai <b>dr\u0105sos, kovingumo ir patriotizmo<\/b> i\u0161rai\u0161ka. Itin kompakti\u0161kas (<b>16&#215;18 mm<\/b>) ir lengvas (<b>1\u20132 g<\/b>).<img loading=\"lazy\" decoding=\"async\" class=\"aligncenter wp-image-29601 size-full\" src=\"https:\/\/zamuletas.lt\/wp-content\/uploads\/2025\/12\/Pagaminta-Lietuvoje-2.png\" alt=\"\" width=\"600\" height=\"200\" srcset=\"https:\/\/zamuletas.lt\/wp-content\/uploads\/2025\/12\/Pagaminta-Lietuvoje-2.png 600w, https:\/\/zamuletas.lt\/wp-content\/uploads\/2025\/12\/Pagaminta-Lietuvoje-2-430x143.png 430w, https:\/\/zamuletas.lt\/wp-content\/uploads\/2025\/12\/Pagaminta-Lietuvoje-2-150x50.png 150w, https:\/\/zamuletas.lt\/wp-content\/uploads\/2025\/12\/Pagaminta-Lietuvoje-2-400x133.png 400w\" sizes=\"auto, (max-width: 600px) 100vw, 600px\" \/><\/p>\n","protected":false},"featured_media":30020,"comment_status":"open","ping_status":"closed","template":"","meta":[],"product_brand":[],"product_cat":[23],"product_tag":[],"class_list":{"0":"post-30019","1":"product","2":"type-product","3":"status-publish","4":"has-post-thumbnail","6":"product_cat-amuletai-ir-kaklo-papuosalai","8":"first","9":"instock","10":"taxable","11":"shipping-taxable","12":"purchasable","13":"product-type-variable"},"_links":{"self":[{"href":"https:\/\/zamuletas.lt\/en\/wp-json\/wp\/v2\/product\/30019","targetHints":{"allow":["GET"]}}],"collection":[{"href":"https:\/\/zamuletas.lt\/en\/wp-json\/wp\/v2\/product"}],"about":[{"href":"https:\/\/zamuletas.lt\/en\/wp-json\/wp\/v2\/types\/product"}],"replies":[{"embeddable":true,"href":"https:\/\/zamuletas.lt\/en\/wp-json\/wp\/v2\/comments?post=30019"}],"version-history":[{"count":5,"href":"https:\/\/zamuletas.lt\/en\/wp-json\/wp\/v2\/product\/30019\/revisions"}],"predecessor-version":[{"id":30703,"href":"https:\/\/zamuletas.lt\/en\/wp-json\/wp\/v2\/product\/30019\/revisions\/30703"}],"wp:featuredmedia":[{"embeddable":true,"href":"https:\/\/zamuletas.lt\/en\/wp-json\/wp\/v2\/media\/30020"}],"wp:attachment":[{"href":"https:\/\/zamuletas.lt\/en\/wp-json\/wp\/v2\/media?parent=30019"}],"wp:term":[{"taxonomy":"product_brand","embeddable":true,"href":"https:\/\/zamuletas.lt\/en\/wp-json\/wp\/v2\/product_brand?post=30019"},{"taxonomy":"product_cat","embeddable":true,"href":"https:\/\/zamuletas.lt\/en\/wp-json\/wp\/v2\/product_cat?post=30019"},{"taxonomy":"product_tag","embeddable":true,"href":"https:\/\/zamuletas.lt\/en\/wp-json\/wp\/v2\/product_tag?post=30019"}],"curies":[{"name":"wp","href":"https:\/\/api.w.org\/{rel}","templated":true}]}}