{"id":30028,"date":"2025-12-03T16:03:39","date_gmt":"2025-12-03T14:03:39","guid":{"rendered":"https:\/\/zamuletas.lt\/?post_type=product&#038;p=30028"},"modified":"2026-02-24T13:44:54","modified_gmt":"2026-02-24T11:44:54","slug":"viduramziu-kryzelis","status":"publish","type":"product","link":"https:\/\/zamuletas.lt\/en\/produktas\/viduramziu-kryzelis\/","title":{"rendered":"Viduram\u017ei\u0173 kry\u017eelis"},"content":{"rendered":"<h4 data-path-to-node=\"13\"><b>Istorijos atk\u016brimas: kry\u017eelis, atkurtas pagal XII\u2013XIV a. radin\u012f<\/b><\/h4>\n<p data-path-to-node=\"14\">\u0160is rank\u0173 darbo viduram\u017ei\u0173 kry\u017eelis \u017ealvarinis kry\u017eelis yra tiksli <b>XII\u2013XIV am\u017eiaus<\/b> papuo\u0161alo kopija. Ne\u0161iodami j\u012f, J\u016bs prisilie\u010diate prie ankstyv\u0173j\u0173 Viduram\u017ei\u0173 juvelyrikos tradicij\u0173. Tai universalus aksesuaras, puikiai tinkantis ir kaip asmenin\u0117 apsauga, ir kaip prasminga dovana.<\/p>\n<h4 data-path-to-node=\"15\"><b>Detal\u0117s ir patogumas<\/b><\/h4>\n<ul data-path-to-node=\"16\">\n<li>\n<p data-path-to-node=\"16,0,0\"><b>Autenti\u0161kumas:<\/b> dizainas atkartoja istorin\u012f radin\u012f, suteikdamas jam i\u0161skirtin\u0117s vert\u0117s.<\/p>\n<\/li>\n<li>\n<p data-path-to-node=\"16,1,0\"><b>Lengvumas:<\/b> d\u0117l nedidelio <b>3\u20134 g svorio<\/b> ir kompakti\u0161ko dyd\u017eio (23&#215;27 mm) kry\u017eelis yra itin patogus ne\u0161ioti vis\u0105 dien\u0105.<\/p>\n<\/li>\n<li>\n<p data-path-to-node=\"16,2,0\"><b>Med\u017eiaga:<\/b> pagamintas i\u0161 autenti\u0161ko <b>\u017ealvario<\/b>.<\/p>\n<\/li>\n<li>\n<p data-path-to-node=\"16,3,0\"><b>Universalumas:<\/b> tinka tiek <b>vyrams, tiek moterims<\/b>.<\/p>\n<\/li>\n<\/ul>\n","protected":false},"excerpt":{"rendered":"<p>Senovinis, rank\u0173 darbo kry\u017eelis, <b>kaldintas pagal XII\u2013XIV a. archeologin\u012f radin\u012f<\/b>. \u0160is gaminys yra ne tik tik\u0117jimo simbolis, bet ir istorijos dalis. D\u0117l <b>3 mm storio<\/b> ir <b>lengvo 3\u20134 g svorio<\/b> jis yra subtilus ir puikiai tinka kasdieniam ne\u0161iojimui. Viduram\u017ei\u0173 kry\u017eelis.<img loading=\"lazy\" decoding=\"async\" class=\"aligncenter wp-image-29601 size-full\" src=\"https:\/\/zamuletas.lt\/wp-content\/uploads\/2025\/12\/Pagaminta-Lietuvoje-2.png\" alt=\"\" width=\"600\" height=\"200\" srcset=\"https:\/\/zamuletas.lt\/wp-content\/uploads\/2025\/12\/Pagaminta-Lietuvoje-2.png 600w, https:\/\/zamuletas.lt\/wp-content\/uploads\/2025\/12\/Pagaminta-Lietuvoje-2-430x143.png 430w, https:\/\/zamuletas.lt\/wp-content\/uploads\/2025\/12\/Pagaminta-Lietuvoje-2-150x50.png 150w, https:\/\/zamuletas.lt\/wp-content\/uploads\/2025\/12\/Pagaminta-Lietuvoje-2-400x133.png 400w\" sizes=\"auto, (max-width: 600px) 100vw, 600px\" \/><\/p>\n","protected":false},"featured_media":30029,"comment_status":"open","ping_status":"closed","template":"","meta":[],"product_brand":[],"product_cat":[23],"product_tag":[],"class_list":{"0":"post-30028","1":"product","2":"type-product","3":"status-publish","4":"has-post-thumbnail","6":"product_cat-amuletai-ir-kaklo-papuosalai","8":"first","9":"instock","10":"taxable","11":"shipping-taxable","12":"purchasable","13":"product-type-simple"},"_links":{"self":[{"href":"https:\/\/zamuletas.lt\/en\/wp-json\/wp\/v2\/product\/30028","targetHints":{"allow":["GET"]}}],"collection":[{"href":"https:\/\/zamuletas.lt\/en\/wp-json\/wp\/v2\/product"}],"about":[{"href":"https:\/\/zamuletas.lt\/en\/wp-json\/wp\/v2\/types\/product"}],"replies":[{"embeddable":true,"href":"https:\/\/zamuletas.lt\/en\/wp-json\/wp\/v2\/comments?post=30028"}],"version-history":[{"count":4,"href":"https:\/\/zamuletas.lt\/en\/wp-json\/wp\/v2\/product\/30028\/revisions"}],"predecessor-version":[{"id":30701,"href":"https:\/\/zamuletas.lt\/en\/wp-json\/wp\/v2\/product\/30028\/revisions\/30701"}],"wp:featuredmedia":[{"embeddable":true,"href":"https:\/\/zamuletas.lt\/en\/wp-json\/wp\/v2\/media\/30029"}],"wp:attachment":[{"href":"https:\/\/zamuletas.lt\/en\/wp-json\/wp\/v2\/media?parent=30028"}],"wp:term":[{"taxonomy":"product_brand","embeddable":true,"href":"https:\/\/zamuletas.lt\/en\/wp-json\/wp\/v2\/product_brand?post=30028"},{"taxonomy":"product_cat","embeddable":true,"href":"https:\/\/zamuletas.lt\/en\/wp-json\/wp\/v2\/product_cat?post=30028"},{"taxonomy":"product_tag","embeddable":true,"href":"https:\/\/zamuletas.lt\/en\/wp-json\/wp\/v2\/product_tag?post=30028"}],"curies":[{"name":"wp","href":"https:\/\/api.w.org\/{rel}","templated":true}]}}