{"id":30035,"date":"2025-12-03T16:08:50","date_gmt":"2025-12-03T14:08:50","guid":{"rendered":"https:\/\/zamuletas.lt\/?post_type=product&#038;p=30035"},"modified":"2026-02-24T13:43:47","modified_gmt":"2026-02-24T11:43:47","slug":"zalvario-pakabukas-briedzio-delninis-ragas","status":"publish","type":"product","link":"https:\/\/zamuletas.lt\/en\/produktas\/zalvario-pakabukas-briedzio-delninis-ragas\/","title":{"rendered":"\u017dalvarinis pakabukas: Bried\u017eio delninis ragas"},"content":{"rendered":"<h4 data-path-to-node=\"13\">\u017dalvario pakabukas: Bried\u017eio delninis ragas<\/h4>\n<h4 data-path-to-node=\"13\"><b>Giri\u0173 didyb\u0117: delninis ragas \u2013 gamtos j\u0117gos simbolis<\/b><\/h4>\n<p data-path-to-node=\"14\">\u0160is \u017ealvario pakabukas \u2013 tai subtilus, bet prasmingas aksesuaras, atspindintis Lietuvos mi\u0161k\u0173 gali\u0105 ir prabang\u0105. Bried\u017eio ragas yra galingas gamtos simbolis, rei\u0161kiantis <b>i\u0161tverm\u0119, gyvybingum\u0105<\/b> ir <b>did\u017eiosios gamtos didyb\u0119<\/b>. Delnin\u0117 rago forma yra vizualiai \u012fsp\u016bdinga ir unikali.<\/p>\n<h4 data-path-to-node=\"15\"><b>Detal\u0117s ir patogumas<\/b><\/h4>\n<ul data-path-to-node=\"16\">\n<li>\n<p data-path-to-node=\"16,0,0\"><b>I\u0161rai\u0161kingumas:<\/b> d\u0117l <b>35 mm plo\u010dio<\/b> pakabukas puikiai matomas, ta\u010diau plonas (<b>1\u20132 mm storio<\/b>) dizainas u\u017etikrina elegancij\u0105.<\/p>\n<\/li>\n<li>\n<p data-path-to-node=\"16,1,0\"><b>Svoris:<\/b> <b>3\u20134 g svoris<\/b> leid\u017eia ne\u0161ioti papuo\u0161al\u0105 patogiai.<\/p>\n<\/li>\n<li>\n<p data-path-to-node=\"16,2,0\"><b>Med\u017eiaga:<\/b> pagamintas i\u0161 autenti\u0161ko <b>\u017ealvario<\/b>.<\/p>\n<\/li>\n<li>\n<p data-path-to-node=\"16,3,0\"><b>Universalumas:<\/b> tinka <b>vyrams ir moterims<\/b>.<\/p>\n<\/li>\n<\/ul>\n","protected":false},"excerpt":{"rendered":"<p>Rank\u0173 darbo \u017ealvario pakabukas, \u012fam\u017einantis galing\u0105 <b>Bried\u017eio delnin\u012f rag\u0105<\/b>. Ragas simbolizuoja <b>j\u0117g\u0105, gamtos didyb\u0119 ir ilgaam\u017ei\u0161kum\u0105<\/b>. Kompakti\u0161kas, bet i\u0161rai\u0161kingas (<b>35 mm plo\u010dio<\/b>) ir itin lengvas (<b>3\u20134 g<\/b>). Tinka vyrams ir moterims. \u017dalvarinis pakabukas: Bried\u017eio delninis ragas<img loading=\"lazy\" decoding=\"async\" class=\"aligncenter wp-image-29601 size-full\" src=\"https:\/\/zamuletas.lt\/wp-content\/uploads\/2025\/12\/Pagaminta-Lietuvoje-2.png\" alt=\"\" width=\"600\" height=\"200\" srcset=\"https:\/\/zamuletas.lt\/wp-content\/uploads\/2025\/12\/Pagaminta-Lietuvoje-2.png 600w, https:\/\/zamuletas.lt\/wp-content\/uploads\/2025\/12\/Pagaminta-Lietuvoje-2-430x143.png 430w, https:\/\/zamuletas.lt\/wp-content\/uploads\/2025\/12\/Pagaminta-Lietuvoje-2-150x50.png 150w, https:\/\/zamuletas.lt\/wp-content\/uploads\/2025\/12\/Pagaminta-Lietuvoje-2-400x133.png 400w\" sizes=\"auto, (max-width: 600px) 100vw, 600px\" \/><\/p>\n","protected":false},"featured_media":30036,"comment_status":"open","ping_status":"closed","template":"","meta":[],"product_brand":[],"product_cat":[23],"product_tag":[],"class_list":{"0":"post-30035","1":"product","2":"type-product","3":"status-publish","4":"has-post-thumbnail","6":"product_cat-amuletai-ir-kaklo-papuosalai","8":"first","9":"instock","10":"taxable","11":"shipping-taxable","12":"purchasable","13":"product-type-simple"},"_links":{"self":[{"href":"https:\/\/zamuletas.lt\/en\/wp-json\/wp\/v2\/product\/30035","targetHints":{"allow":["GET"]}}],"collection":[{"href":"https:\/\/zamuletas.lt\/en\/wp-json\/wp\/v2\/product"}],"about":[{"href":"https:\/\/zamuletas.lt\/en\/wp-json\/wp\/v2\/types\/product"}],"replies":[{"embeddable":true,"href":"https:\/\/zamuletas.lt\/en\/wp-json\/wp\/v2\/comments?post=30035"}],"version-history":[{"count":5,"href":"https:\/\/zamuletas.lt\/en\/wp-json\/wp\/v2\/product\/30035\/revisions"}],"predecessor-version":[{"id":30699,"href":"https:\/\/zamuletas.lt\/en\/wp-json\/wp\/v2\/product\/30035\/revisions\/30699"}],"wp:featuredmedia":[{"embeddable":true,"href":"https:\/\/zamuletas.lt\/en\/wp-json\/wp\/v2\/media\/30036"}],"wp:attachment":[{"href":"https:\/\/zamuletas.lt\/en\/wp-json\/wp\/v2\/media?parent=30035"}],"wp:term":[{"taxonomy":"product_brand","embeddable":true,"href":"https:\/\/zamuletas.lt\/en\/wp-json\/wp\/v2\/product_brand?post=30035"},{"taxonomy":"product_cat","embeddable":true,"href":"https:\/\/zamuletas.lt\/en\/wp-json\/wp\/v2\/product_cat?post=30035"},{"taxonomy":"product_tag","embeddable":true,"href":"https:\/\/zamuletas.lt\/en\/wp-json\/wp\/v2\/product_tag?post=30035"}],"curies":[{"name":"wp","href":"https:\/\/api.w.org\/{rel}","templated":true}]}}