{"id":30382,"date":"2026-01-28T14:31:01","date_gmt":"2026-01-28T12:31:01","guid":{"rendered":"https:\/\/zamuletas.lt\/?post_type=product&#038;p=30382"},"modified":"2026-02-24T13:42:34","modified_gmt":"2026-02-24T11:42:34","slug":"ranku-darbo-akmens-amziaus-streles-antgalis","status":"publish","type":"product","link":"https:\/\/zamuletas.lt\/en\/produktas\/ranku-darbo-akmens-amziaus-streles-antgalis\/","title":{"rendered":"Rank\u0173 darbo Akmens am\u017eiaus str\u0117l\u0117s antgalis"},"content":{"rendered":"<h5 data-path-to-node=\"4\">Med\u017eiotojo instinktas: Akmens am\u017eiaus str\u0117l\u0117s antgalis<\/h5>\n<p><strong>Rank\u0173 darbo Akmens am\u017eiaus str\u0117l\u0117s antgalis<\/strong><\/p>\n<p data-path-to-node=\"5\">\u0160is pakabukas \u2013 tai duokl\u0117 seniausiai \u017emonijos istorijai, kai taikli str\u0117l\u0117 rei\u0161k\u0117 i\u0161gyvenim\u0105. Nors forma atkartoja titnagin\u012f akmens am\u017eiaus ginkl\u0105, \u0161is k\u016brinys i\u0161lietas i\u0161 ilgaam\u017eio \u017ealvario. Tai amuletas \u017emogui, kuris \u017eino savo tikslus ir u\u017etikrintai juda j\u0173 link. Ne\u0161iodami j\u012f, J\u016bs ne\u0161iojate ry\u017et\u0105, greit\u012f ir geb\u0117jim\u0105 \u012fveikti kli\u016btis.<\/p>\n<p data-path-to-node=\"6\"><b data-path-to-node=\"6\" data-index-in-node=\"0\">Detal\u0117s ir autenti\u0161kumas<\/b><\/p>\n<ul data-path-to-node=\"7\">\n<li>\n<p data-path-to-node=\"7,0,0\"><b data-path-to-node=\"7,0,0\" data-index-in-node=\"0\">Era:<\/b> Dizainas \u012fkv\u0117ptas Akmens am\u017eiaus radini\u0173 (titnagini\u0173 antgali\u0173), ta\u010diau atgim\u0119s \u017ealvario formoje.<\/p>\n<\/li>\n<li>\n<p data-path-to-node=\"7,1,0\"><b data-path-to-node=\"7,1,0\" data-index-in-node=\"0\">Med\u017eiaga:<\/b> Pagaminta i\u0161 kokybi\u0161ko, kieto \u017ealvario, kuris su laiku \u012fgauna autenti\u0161k\u0105 patin\u0105.<\/p>\n<\/li>\n<li>\n<p data-path-to-node=\"7,2,0\"><b data-path-to-node=\"7,2,0\" data-index-in-node=\"0\">Dizainas:<\/b> Aptaki, smail\u0117janti forma yra ne tik esteti\u0161ka, bet ir patogi ne\u0161ioti kasdien.<\/p>\n<\/li>\n<li>\n<p data-path-to-node=\"7,3,0\"><b data-path-to-node=\"7,3,0\" data-index-in-node=\"0\">Simbolika:<\/b> Str\u0117l\u0117 simbolizuoja krypt\u012f, koncentracij\u0105, greit\u012f ir apsaug\u0105. Tai \u201eprasimu\u0161imo\u201c simbolis.<\/p>\n<\/li>\n<li>\n<p data-path-to-node=\"7,4,0\"><b data-path-to-node=\"7,4,0\" data-index-in-node=\"0\">Pritaikymas:<\/b> Puikiai tinka tiek vyrams, tiek moterims, vertinantiems minimalistinius, bet prasmingus papuo\u0161alus.<\/p>\n<\/li>\n<\/ul>\n","protected":false},"excerpt":{"rendered":"<p>Rank\u0173 darbo \u017ealvarin\u0117 str\u0117l\u0117 \u2013 tai tikslo, krypties ir pirmyk\u0161\u010dio instinkto simbolis. Minimalistinis dizainas, \u012fk\u016bnijantis akmens am\u017eiaus med\u017eiotojo dvasi\u0105. Rank\u0173 darbo Akmens am\u017eiaus str\u0117l\u0117s antgalis<\/p>\n<p><img loading=\"lazy\" decoding=\"async\" class=\"aligncenter wp-image-29601 size-full\" src=\"https:\/\/zamuletas.lt\/wp-content\/uploads\/2025\/12\/Pagaminta-Lietuvoje-2.png\" alt=\"\" width=\"600\" height=\"200\" srcset=\"https:\/\/zamuletas.lt\/wp-content\/uploads\/2025\/12\/Pagaminta-Lietuvoje-2.png 600w, https:\/\/zamuletas.lt\/wp-content\/uploads\/2025\/12\/Pagaminta-Lietuvoje-2-430x143.png 430w, https:\/\/zamuletas.lt\/wp-content\/uploads\/2025\/12\/Pagaminta-Lietuvoje-2-150x50.png 150w, https:\/\/zamuletas.lt\/wp-content\/uploads\/2025\/12\/Pagaminta-Lietuvoje-2-400x133.png 400w\" sizes=\"auto, (max-width: 600px) 100vw, 600px\" \/><\/p>\n","protected":false},"featured_media":30383,"comment_status":"open","ping_status":"closed","template":"","meta":[],"product_brand":[],"product_cat":[23],"product_tag":[],"class_list":{"0":"post-30382","1":"product","2":"type-product","3":"status-publish","4":"has-post-thumbnail","6":"product_cat-amuletai-ir-kaklo-papuosalai","8":"first","9":"instock","10":"taxable","11":"shipping-taxable","12":"purchasable","13":"product-type-simple"},"_links":{"self":[{"href":"https:\/\/zamuletas.lt\/en\/wp-json\/wp\/v2\/product\/30382","targetHints":{"allow":["GET"]}}],"collection":[{"href":"https:\/\/zamuletas.lt\/en\/wp-json\/wp\/v2\/product"}],"about":[{"href":"https:\/\/zamuletas.lt\/en\/wp-json\/wp\/v2\/types\/product"}],"replies":[{"embeddable":true,"href":"https:\/\/zamuletas.lt\/en\/wp-json\/wp\/v2\/comments?post=30382"}],"version-history":[{"count":3,"href":"https:\/\/zamuletas.lt\/en\/wp-json\/wp\/v2\/product\/30382\/revisions"}],"predecessor-version":[{"id":30389,"href":"https:\/\/zamuletas.lt\/en\/wp-json\/wp\/v2\/product\/30382\/revisions\/30389"}],"wp:featuredmedia":[{"embeddable":true,"href":"https:\/\/zamuletas.lt\/en\/wp-json\/wp\/v2\/media\/30383"}],"wp:attachment":[{"href":"https:\/\/zamuletas.lt\/en\/wp-json\/wp\/v2\/media?parent=30382"}],"wp:term":[{"taxonomy":"product_brand","embeddable":true,"href":"https:\/\/zamuletas.lt\/en\/wp-json\/wp\/v2\/product_brand?post=30382"},{"taxonomy":"product_cat","embeddable":true,"href":"https:\/\/zamuletas.lt\/en\/wp-json\/wp\/v2\/product_cat?post=30382"},{"taxonomy":"product_tag","embeddable":true,"href":"https:\/\/zamuletas.lt\/en\/wp-json\/wp\/v2\/product_tag?post=30382"}],"curies":[{"name":"wp","href":"https:\/\/api.w.org\/{rel}","templated":true}]}}