{"id":30386,"date":"2026-01-28T14:41:21","date_gmt":"2026-01-28T12:41:21","guid":{"rendered":"https:\/\/zamuletas.lt\/?post_type=product&#038;p=30386"},"modified":"2026-02-24T13:42:10","modified_gmt":"2026-02-24T11:42:10","slug":"baltu-papuosalas-viduramziu-lankininko-streles-antgalis","status":"publish","type":"product","link":"https:\/\/zamuletas.lt\/en\/produktas\/baltu-papuosalas-viduramziu-lankininko-streles-antgalis\/","title":{"rendered":"Balt\u0173 papuo\u0161alas \u2013  Viduram\u017ei\u0173 lankininko str\u0117l\u0117s antgalis"},"content":{"rendered":"<h4 data-path-to-node=\"4\">Istorinis tikslumas: Viduram\u017ei\u0173 lankininko str\u0117l\u0117s antgalis<\/h4>\n<p data-path-to-node=\"5\">\u0160is pakabukas nukelia \u012f riteri\u0173 ir pili\u0173 laikus, kai lankininko meistri\u0161kumas gal\u0117jo nulemti m\u016b\u0161io baigt\u012f. Tai tiksli viduram\u017ei\u0173 str\u0117l\u0117s antgalio (da\u017enai naudoto pramu\u0161ti \u0161arvus arba med\u017eiokl\u0117je) menin\u0117 interpretacija. Pagamintas i\u0161 tvirto \u017ealvario, \u0161is amuletas \u012fk\u016bnija susikaupim\u0105, a\u0161tr\u0173 prot\u0105 ir geb\u0117jim\u0105 kliudyti taikin\u012f net esant did\u017eiausiam atstumui.<\/p>\n<p data-path-to-node=\"6\"><b data-path-to-node=\"6\" data-index-in-node=\"0\">Detal\u0117s ir autenti\u0161kumas<\/b><\/p>\n<ul data-path-to-node=\"7\">\n<li>\n<p data-path-to-node=\"7,0,0\"><b data-path-to-node=\"7,0,0\" data-index-in-node=\"0\">Era:<\/b> Amuletas atspindi Viduram\u017ei\u0173 karybos laikotarp\u012f, kai lankai buvo pagrindinis tolimojo nuotolio ginklas.<\/p>\n<\/li>\n<li>\n<p data-path-to-node=\"7,1,0\"><b data-path-to-node=\"7,1,0\" data-index-in-node=\"0\">Med\u017eiaga:<\/b> Nulietas i\u0161 auk\u0161tos kokyb\u0117s \u017ealvario, kuris savo spalva primena senovin\u012f auks\u0105 ir yra itin patvarus.<\/p>\n<\/li>\n<li>\n<p data-path-to-node=\"7,2,0\"><b data-path-to-node=\"7,2,0\" data-index-in-node=\"0\">Simbolika:<\/b> Str\u0117l\u0117 \u2013 tai krypties ir grei\u010dio simbolis. Ji primena ne\u0161iotojui, kad svarbu ne tik j\u0117ga, bet ir tikslumas bei tinkamas momentas veikti.<\/p>\n<\/li>\n<li>\n<p data-path-to-node=\"7,3,0\"><b data-path-to-node=\"7,3,0\" data-index-in-node=\"0\">Pritaikymas:<\/b> D\u0117l savo aptakios, pailgos formos \u0161is pakabukas atrodo itin eleganti\u0161kai ir ne\u012fpareigojan\u010diai. Tinka ne\u0161ioti kasdien kaip diskreti\u0161k\u0105 s\u0117km\u0117s talisman\u0105.<\/p>\n<\/li>\n<\/ul>\n<p>Balt\u0173 papuo\u0161alas \u2013 Viduram\u017ei\u0173 lankininko str\u0117l\u0117s antgalis<\/p>\n","protected":false},"excerpt":{"rendered":"<p>Rank\u0173 darbo \u017ealvarinis Viduram\u017ei\u0173 str\u0117l\u0117s antgalis \u2013 tai taiklumo ir istorin\u0117s dvasios simbolis. Minimalistinis, bet prasmingas kaklo papuo\u0161alas, primenantis apie tikslo siekim\u0105. Balt\u0173 papuo\u0161alas \u2013 Viduram\u017ei\u0173 lankininko str\u0117l\u0117s antgalis.<\/p>\n<p><img loading=\"lazy\" decoding=\"async\" class=\"aligncenter wp-image-29601 size-full\" src=\"https:\/\/zamuletas.lt\/wp-content\/uploads\/2025\/12\/Pagaminta-Lietuvoje-2.png\" alt=\"\" width=\"600\" height=\"200\" srcset=\"https:\/\/zamuletas.lt\/wp-content\/uploads\/2025\/12\/Pagaminta-Lietuvoje-2.png 600w, https:\/\/zamuletas.lt\/wp-content\/uploads\/2025\/12\/Pagaminta-Lietuvoje-2-430x143.png 430w, https:\/\/zamuletas.lt\/wp-content\/uploads\/2025\/12\/Pagaminta-Lietuvoje-2-150x50.png 150w, https:\/\/zamuletas.lt\/wp-content\/uploads\/2025\/12\/Pagaminta-Lietuvoje-2-400x133.png 400w\" sizes=\"auto, (max-width: 600px) 100vw, 600px\" \/><\/p>\n","protected":false},"featured_media":30662,"comment_status":"open","ping_status":"closed","template":"","meta":[],"product_brand":[],"product_cat":[23],"product_tag":[],"class_list":{"0":"post-30386","1":"product","2":"type-product","3":"status-publish","4":"has-post-thumbnail","6":"product_cat-amuletai-ir-kaklo-papuosalai","8":"first","9":"instock","10":"taxable","11":"shipping-taxable","12":"purchasable","13":"product-type-variable"},"_links":{"self":[{"href":"https:\/\/zamuletas.lt\/en\/wp-json\/wp\/v2\/product\/30386","targetHints":{"allow":["GET"]}}],"collection":[{"href":"https:\/\/zamuletas.lt\/en\/wp-json\/wp\/v2\/product"}],"about":[{"href":"https:\/\/zamuletas.lt\/en\/wp-json\/wp\/v2\/types\/product"}],"replies":[{"embeddable":true,"href":"https:\/\/zamuletas.lt\/en\/wp-json\/wp\/v2\/comments?post=30386"}],"version-history":[{"count":4,"href":"https:\/\/zamuletas.lt\/en\/wp-json\/wp\/v2\/product\/30386\/revisions"}],"predecessor-version":[{"id":30664,"href":"https:\/\/zamuletas.lt\/en\/wp-json\/wp\/v2\/product\/30386\/revisions\/30664"}],"wp:featuredmedia":[{"embeddable":true,"href":"https:\/\/zamuletas.lt\/en\/wp-json\/wp\/v2\/media\/30662"}],"wp:attachment":[{"href":"https:\/\/zamuletas.lt\/en\/wp-json\/wp\/v2\/media?parent=30386"}],"wp:term":[{"taxonomy":"product_brand","embeddable":true,"href":"https:\/\/zamuletas.lt\/en\/wp-json\/wp\/v2\/product_brand?post=30386"},{"taxonomy":"product_cat","embeddable":true,"href":"https:\/\/zamuletas.lt\/en\/wp-json\/wp\/v2\/product_cat?post=30386"},{"taxonomy":"product_tag","embeddable":true,"href":"https:\/\/zamuletas.lt\/en\/wp-json\/wp\/v2\/product_tag?post=30386"}],"curies":[{"name":"wp","href":"https:\/\/api.w.org\/{rel}","templated":true}]}}