{"id":30399,"date":"2026-01-30T10:15:47","date_gmt":"2026-01-30T08:15:47","guid":{"rendered":"https:\/\/zamuletas.lt\/?post_type=product&#038;p=30399"},"modified":"2026-03-28T17:13:01","modified_gmt":"2026-03-28T15:13:01","slug":"ranku-darbo-makrame-apyranke","status":"publish","type":"product","link":"https:\/\/zamuletas.lt\/en\/produktas\/ranku-darbo-makrame-apyranke\/","title":{"rendered":"Rank\u0173 darbo Makrame apyrank\u0117"},"content":{"rendered":"<h5 data-path-to-node=\"10\">I\u0161ry\u0161kinkite savo stili\u0173 su A11 pinto ra\u0161to apyranke<\/h5>\n<p data-path-to-node=\"11\">Ie\u0161kote aksesuaro, kuris b\u016bt\u0173 paprastas, bet kartu ir pastebimas? \u0160i <b data-path-to-node=\"11\" data-index-in-node=\"69\">minimalistin\u0117 pinta apyrank\u0117<\/b> yra idealus pasirinkimas. Kruop\u0161\u010diai rankomis supinta naudojant laiko patikrint\u0105 &#8220;Makrame&#8221; technik\u0105, \u0161i apyrank\u0117 suderina tvirtum\u0105 su elegancija.<\/p>\n<p data-path-to-node=\"12\">D\u0117l plataus \u017eem\u0117s ir ry\u0161ki\u0173 spalv\u0173 pasirinkimo, \u0161\u012f model\u012f lengva derinti prie laikrod\u017eio ar kit\u0173 apyranki\u0173, taip pat ji puikiai atrodo viena. Tai puiki dovanos id\u0117ja draugui, antrajai pusei ar tiesiog sau.<\/p>\n<p data-path-to-node=\"13\"><b data-path-to-node=\"13\" data-index-in-node=\"0\">Kod\u0117l verta rinktis \u0161\u012f model\u012f?<\/b><\/p>\n<ul data-path-to-node=\"14\">\n<li>\n<p data-path-to-node=\"14,0,0\"><b data-path-to-node=\"14,0,0\" data-index-in-node=\"0\">Universalus dydis:<\/b> D\u0117ka patogaus slankiojan\u010dio mazgo u\u017eri\u0161imo, apyrank\u0119 lengva u\u017esid\u0117ti ir nusiimti, o jos dydis prisitaiko prie bet kokio rie\u0161o apimties.<\/p>\n<\/li>\n<li>\n<p data-path-to-node=\"14,1,0\"><b data-path-to-node=\"14,1,0\" data-index-in-node=\"0\">Tvirta konstrukcija:<\/b> Naudojama kokybi\u0161ka sintetin\u0117 virvel\u0117, kuri nesip\u016bkuoja ir i\u0161laiko savo form\u0105 bei spalv\u0105 net ir po ilgo ne\u0161iojimo.<\/p>\n<\/li>\n<li>\n<p data-path-to-node=\"14,2,0\"><b data-path-to-node=\"14,2,0\" data-index-in-node=\"0\">Tinka visiems:<\/b> Neutralus dizainas sukurtas tiek vyrams, tiek moterims (Unisex).<\/p>\n<\/li>\n<\/ul>\n<p>Rank\u0173 darbo Makrame apyrank\u0117<\/p>\n","protected":false},"excerpt":{"rendered":"<p><b data-path-to-node=\"4\" data-index-in-node=\"0\">Stilinga ir patvari rank\u0173 darbo apyrank\u0117.<\/b> Tai minimalistinis aksesuaras, kuris puikiai papildys bet kok\u012f \u012fvaizd\u012f. Rank\u0173 darbo Makrame apyrank\u0117.<\/p>\n<p><img loading=\"lazy\" decoding=\"async\" class=\"aligncenter wp-image-29601 size-full\" src=\"https:\/\/zamuletas.lt\/wp-content\/uploads\/2025\/12\/Pagaminta-Lietuvoje-2.png\" alt=\"\" width=\"600\" height=\"200\" srcset=\"https:\/\/zamuletas.lt\/wp-content\/uploads\/2025\/12\/Pagaminta-Lietuvoje-2.png 600w, https:\/\/zamuletas.lt\/wp-content\/uploads\/2025\/12\/Pagaminta-Lietuvoje-2-430x143.png 430w, https:\/\/zamuletas.lt\/wp-content\/uploads\/2025\/12\/Pagaminta-Lietuvoje-2-150x50.png 150w, https:\/\/zamuletas.lt\/wp-content\/uploads\/2025\/12\/Pagaminta-Lietuvoje-2-400x133.png 400w\" sizes=\"auto, (max-width: 600px) 100vw, 600px\" \/><\/p>\n","protected":false},"featured_media":30417,"comment_status":"open","ping_status":"closed","template":"","meta":[],"product_brand":[],"product_cat":[75],"product_tag":[],"class_list":{"0":"post-30399","1":"product","2":"type-product","3":"status-publish","4":"has-post-thumbnail","6":"product_cat-apyrankes","8":"first","9":"instock","10":"taxable","11":"shipping-taxable","12":"purchasable","13":"product-type-variable"},"_links":{"self":[{"href":"https:\/\/zamuletas.lt\/en\/wp-json\/wp\/v2\/product\/30399","targetHints":{"allow":["GET"]}}],"collection":[{"href":"https:\/\/zamuletas.lt\/en\/wp-json\/wp\/v2\/product"}],"about":[{"href":"https:\/\/zamuletas.lt\/en\/wp-json\/wp\/v2\/types\/product"}],"replies":[{"embeddable":true,"href":"https:\/\/zamuletas.lt\/en\/wp-json\/wp\/v2\/comments?post=30399"}],"version-history":[{"count":4,"href":"https:\/\/zamuletas.lt\/en\/wp-json\/wp\/v2\/product\/30399\/revisions"}],"predecessor-version":[{"id":30447,"href":"https:\/\/zamuletas.lt\/en\/wp-json\/wp\/v2\/product\/30399\/revisions\/30447"}],"wp:featuredmedia":[{"embeddable":true,"href":"https:\/\/zamuletas.lt\/en\/wp-json\/wp\/v2\/media\/30417"}],"wp:attachment":[{"href":"https:\/\/zamuletas.lt\/en\/wp-json\/wp\/v2\/media?parent=30399"}],"wp:term":[{"taxonomy":"product_brand","embeddable":true,"href":"https:\/\/zamuletas.lt\/en\/wp-json\/wp\/v2\/product_brand?post=30399"},{"taxonomy":"product_cat","embeddable":true,"href":"https:\/\/zamuletas.lt\/en\/wp-json\/wp\/v2\/product_cat?post=30399"},{"taxonomy":"product_tag","embeddable":true,"href":"https:\/\/zamuletas.lt\/en\/wp-json\/wp\/v2\/product_tag?post=30399"}],"curies":[{"name":"wp","href":"https:\/\/api.w.org\/{rel}","templated":true}]}}