{"id":30454,"date":"2026-02-05T10:25:29","date_gmt":"2026-02-05T08:25:29","guid":{"rendered":"https:\/\/zamuletas.lt\/?post_type=product&#038;p=30454"},"modified":"2026-02-17T11:40:57","modified_gmt":"2026-02-17T09:40:57","slug":"lietuvos-giriu-brandaus-knyslio-serno-kaukole","status":"publish","type":"product","link":"https:\/\/zamuletas.lt\/en\/produktas\/lietuvos-giriu-brandaus-knyslio-serno-kaukole\/","title":{"rendered":"Lietuvos giri\u0173 brandaus knyslio \u0160erno kaukol\u0117"},"content":{"rendered":"<h5 data-path-to-node=\"4\">Giri\u0173 senbuvis: Brandaus \u0161erno kaukol\u0117<\/h5>\n<p data-path-to-node=\"5\">\u0160i kaukol\u0117 priklaus\u0117 brand\u017eiam Lietuvos mi\u0161k\u0173 \u0161ernui, med\u017eiotoj\u0173 pagarbiai vadinamam \u201eknysliu\u201c. Tai n\u0117ra masin\u0117s gamybos suvenyras, o tikras, laiko ir gamtos suformuotas objektas. Masyvi strukt\u016bra, ry\u0161k\u016bs kauliniai reljefai ir nat\u016bralios formos liudija apie gyv\u016bno am\u017ei\u0173 ir j\u0117g\u0105. Tai puikus pasirinkimas norintiems \u012f savo erdv\u0119 \u012fne\u0161ti \u201erustic\u201c stiliaus, laukin\u0117s gamtos estetikos ar tiesiog vertinantiems osteologij\u0105 (kaul\u0173 moksl\u0105).<\/p>\n<p data-path-to-node=\"6\"><b data-path-to-node=\"6\" data-index-in-node=\"0\">Nat\u016bralumas ir kokyb\u0117<\/b><\/p>\n<ul data-path-to-node=\"7\">\n<li>\n<p data-path-to-node=\"7,0,0\"><b data-path-to-node=\"7,0,0\" data-index-in-node=\"0\">Paruo\u0161imas:<\/b> Kaukol\u0117 yra profesionaliai nuvalyta, dezinfekuota ir balinta, i\u0161laikant visas nat\u016bralias si\u016bles ir kaulo tekst\u016br\u0105. Ji neturi nemalonaus kvapo ir yra pilnai paruo\u0161ta eksponavimui.<\/p>\n<\/li>\n<li>\n<p data-path-to-node=\"7,1,0\"><b data-path-to-node=\"7,1,0\" data-index-in-node=\"0\">Unikalumas:<\/b> Kiekvienas trof\u0117jus yra vienetinis. Gamta nekartoja form\u0173, tod\u0117l \u012fsigij\u0119 \u0161i\u0105 kaukol\u0119, tur\u0117site visi\u0161kai unikal\u0173 eksponat\u0105 su savo istorija.<\/p>\n<\/li>\n<li>\n<p data-path-to-node=\"7,2,0\"><b data-path-to-node=\"7,2,0\" data-index-in-node=\"0\">Pritaikymas:<\/b> Idealiai tinka med\u017eiokl\u0117s tematikos interjerams, sodyboms, menin\u0117ms instaliacijoms, pai\u0161ymo studijoms (kaip anatominis modelis) ar kaip originali dovana gamtos myl\u0117tojui.<\/p>\n<\/li>\n<\/ul>\n<p>Lietuvos giri\u0173 brandaus knyslio \u0160erno kaukol\u0117.<\/p>\n","protected":false},"excerpt":{"rendered":"<p>Nat\u016brali, brandaus Lietuvos \u0161erno (knyslio) kaukol\u0117 \u2013 tai \u012fsp\u016bdingas gamtos trof\u0117jus. Profesionaliai paruo\u0161ta, balinta kaulo strukt\u016bra taps i\u0161skirtine interjero detale ar edukacine priemone. Lietuvos giri\u0173 brandaus knyslio \u0160erno kaukol\u0117.<\/p>\n<p><img loading=\"lazy\" decoding=\"async\" class=\"aligncenter wp-image-29601 size-full\" src=\"https:\/\/zamuletas.lt\/wp-content\/uploads\/2025\/12\/Pagaminta-Lietuvoje-2.png\" alt=\"\" width=\"600\" height=\"200\" srcset=\"https:\/\/zamuletas.lt\/wp-content\/uploads\/2025\/12\/Pagaminta-Lietuvoje-2.png 600w, https:\/\/zamuletas.lt\/wp-content\/uploads\/2025\/12\/Pagaminta-Lietuvoje-2-430x143.png 430w, https:\/\/zamuletas.lt\/wp-content\/uploads\/2025\/12\/Pagaminta-Lietuvoje-2-150x50.png 150w, https:\/\/zamuletas.lt\/wp-content\/uploads\/2025\/12\/Pagaminta-Lietuvoje-2-400x133.png 400w\" sizes=\"auto, (max-width: 600px) 100vw, 600px\" \/><\/p>\n","protected":false},"featured_media":30456,"comment_status":"open","ping_status":"closed","template":"","meta":[],"product_brand":[],"product_cat":[152],"product_tag":[],"class_list":{"0":"post-30454","1":"product","2":"type-product","3":"status-publish","4":"has-post-thumbnail","6":"product_cat-kaukoles-ir-kaulo-dirbiniai","8":"first","9":"instock","10":"taxable","11":"shipping-taxable","12":"purchasable","13":"product-type-simple"},"_links":{"self":[{"href":"https:\/\/zamuletas.lt\/en\/wp-json\/wp\/v2\/product\/30454","targetHints":{"allow":["GET"]}}],"collection":[{"href":"https:\/\/zamuletas.lt\/en\/wp-json\/wp\/v2\/product"}],"about":[{"href":"https:\/\/zamuletas.lt\/en\/wp-json\/wp\/v2\/types\/product"}],"replies":[{"embeddable":true,"href":"https:\/\/zamuletas.lt\/en\/wp-json\/wp\/v2\/comments?post=30454"}],"version-history":[{"count":1,"href":"https:\/\/zamuletas.lt\/en\/wp-json\/wp\/v2\/product\/30454\/revisions"}],"predecessor-version":[{"id":30458,"href":"https:\/\/zamuletas.lt\/en\/wp-json\/wp\/v2\/product\/30454\/revisions\/30458"}],"wp:featuredmedia":[{"embeddable":true,"href":"https:\/\/zamuletas.lt\/en\/wp-json\/wp\/v2\/media\/30456"}],"wp:attachment":[{"href":"https:\/\/zamuletas.lt\/en\/wp-json\/wp\/v2\/media?parent=30454"}],"wp:term":[{"taxonomy":"product_brand","embeddable":true,"href":"https:\/\/zamuletas.lt\/en\/wp-json\/wp\/v2\/product_brand?post=30454"},{"taxonomy":"product_cat","embeddable":true,"href":"https:\/\/zamuletas.lt\/en\/wp-json\/wp\/v2\/product_cat?post=30454"},{"taxonomy":"product_tag","embeddable":true,"href":"https:\/\/zamuletas.lt\/en\/wp-json\/wp\/v2\/product_tag?post=30454"}],"curies":[{"name":"wp","href":"https:\/\/api.w.org\/{rel}","templated":true}]}}