{"id":30459,"date":"2026-02-05T10:57:54","date_gmt":"2026-02-05T08:57:54","guid":{"rendered":"https:\/\/zamuletas.lt\/?post_type=product&#038;p=30459"},"modified":"2026-02-13T14:43:39","modified_gmt":"2026-02-13T12:43:39","slug":"lietuvos-didingo-buliaus-kaukole","status":"publish","type":"product","link":"https:\/\/zamuletas.lt\/en\/produktas\/lietuvos-didingo-buliaus-kaukole\/","title":{"rendered":"Lietuvos didingo buliaus kaukol\u0117"},"content":{"rendered":"<h4 data-path-to-node=\"4\">Kaimo didyb\u0117: Lietuvi\u0161ko buliaus kaukol\u0117<\/h4>\n<p data-path-to-node=\"5\">\u0160i kaukol\u0117 \u2013 tai ne tik interjero detal\u0117, bet ir duokl\u0117 Lietuvos kaimo tradicijoms bei gamtos didybei. Masyvi, tvirta buliaus kaukol\u0117 su ragais nuo seno laikoma stipryb\u0117s, vaisingumo ir nam\u0173 gerov\u0117s simboliu. Tai nat\u016bralus, laiko suformuotas meno k\u016brinys, kuris puikiai dera tiek moderniame skandinavi\u0161kame interjere, tiek kaimo sodyboje, suteikdamas erdvei autenti\u0161ko, \u201elaukinio\u201c charakterio.<\/p>\n<p data-path-to-node=\"6\"><b data-path-to-node=\"6\" data-index-in-node=\"0\">Nat\u016bralumas ir estetika<\/b><\/p>\n<ul data-path-to-node=\"7\">\n<li>\n<p data-path-to-node=\"7,0,0\"><b data-path-to-node=\"7,0,0\" data-index-in-node=\"0\">Paruo\u0161imas:<\/b> Kaukol\u0117 yra profesionaliai apdorota \u2013 kruop\u0161\u010diai i\u0161valyta, dezinfekuota ir balinta, tod\u0117l i\u0161ry\u0161k\u0117ja nat\u016bralus kaulo baltumas ir unikalios si\u016bl\u0117s. Ji neturi jokio kvapo ir yra pilnai paruo\u0161ta kabinimui ant sienos ar eksponavimui ant lentynos.<\/p>\n<\/li>\n<li>\n<p data-path-to-node=\"7,1,0\"><b data-path-to-node=\"7,1,0\" data-index-in-node=\"0\">Unikalumas:<\/b> N\u0117ra dviej\u0173 vienod\u0173 kaukoli\u0173. Rag\u0173 i\u0161linkimas, kaulo strukt\u016bra ir dydis kiekvien\u0105 kart\u0105 yra unikal\u016bs, tod\u0117l \u012fsigyjate vienetin\u012f objekt\u0105.<\/p>\n<\/li>\n<li>\n<p data-path-to-node=\"7,2,0\"><b data-path-to-node=\"7,2,0\" data-index-in-node=\"0\">Pritaikymas:<\/b> Tai dr\u0105sus ir stilingas pasirinkimas restoranams, barams, fotostudijoms, \u201eman cave\u201c erdv\u0117ms ar svetainei vir\u0161 \u017eidinio.<\/p>\n<\/li>\n<\/ul>\n<p>Lietuvos didingo buliaus kaukol\u0117<\/p>\n","protected":false},"excerpt":{"rendered":"<p>Autenti\u0161ka Lietuvos buliaus kaukol\u0117 \u2013 tai didingas gamtos k\u016brinys, simbolizuojantis j\u0117g\u0105 ir ry\u0161\u012f su \u017eeme. Profesionaliai paruo\u0161tas, balintas kaulas taps i\u0161skirtiniu \u201erustic\u201c stiliaus interjero akcentu. Lietuvos didingo buliaus kaukol\u0117<\/p>\n<p><img loading=\"lazy\" decoding=\"async\" class=\"aligncenter wp-image-29601 size-full\" src=\"https:\/\/zamuletas.lt\/wp-content\/uploads\/2025\/12\/Pagaminta-Lietuvoje-2.png\" alt=\"\" width=\"600\" height=\"200\" srcset=\"https:\/\/zamuletas.lt\/wp-content\/uploads\/2025\/12\/Pagaminta-Lietuvoje-2.png 600w, https:\/\/zamuletas.lt\/wp-content\/uploads\/2025\/12\/Pagaminta-Lietuvoje-2-430x143.png 430w, https:\/\/zamuletas.lt\/wp-content\/uploads\/2025\/12\/Pagaminta-Lietuvoje-2-150x50.png 150w, https:\/\/zamuletas.lt\/wp-content\/uploads\/2025\/12\/Pagaminta-Lietuvoje-2-400x133.png 400w\" sizes=\"auto, (max-width: 600px) 100vw, 600px\" \/><\/p>\n","protected":false},"featured_media":30463,"comment_status":"open","ping_status":"closed","template":"","meta":[],"product_brand":[],"product_cat":[152],"product_tag":[],"class_list":{"0":"post-30459","1":"product","2":"type-product","3":"status-publish","4":"has-post-thumbnail","6":"product_cat-kaukoles-ir-kaulo-dirbiniai","8":"first","9":"instock","10":"taxable","11":"shipping-taxable","12":"purchasable","13":"product-type-simple"},"_links":{"self":[{"href":"https:\/\/zamuletas.lt\/en\/wp-json\/wp\/v2\/product\/30459","targetHints":{"allow":["GET"]}}],"collection":[{"href":"https:\/\/zamuletas.lt\/en\/wp-json\/wp\/v2\/product"}],"about":[{"href":"https:\/\/zamuletas.lt\/en\/wp-json\/wp\/v2\/types\/product"}],"replies":[{"embeddable":true,"href":"https:\/\/zamuletas.lt\/en\/wp-json\/wp\/v2\/comments?post=30459"}],"version-history":[{"count":1,"href":"https:\/\/zamuletas.lt\/en\/wp-json\/wp\/v2\/product\/30459\/revisions"}],"predecessor-version":[{"id":30465,"href":"https:\/\/zamuletas.lt\/en\/wp-json\/wp\/v2\/product\/30459\/revisions\/30465"}],"wp:featuredmedia":[{"embeddable":true,"href":"https:\/\/zamuletas.lt\/en\/wp-json\/wp\/v2\/media\/30463"}],"wp:attachment":[{"href":"https:\/\/zamuletas.lt\/en\/wp-json\/wp\/v2\/media?parent=30459"}],"wp:term":[{"taxonomy":"product_brand","embeddable":true,"href":"https:\/\/zamuletas.lt\/en\/wp-json\/wp\/v2\/product_brand?post=30459"},{"taxonomy":"product_cat","embeddable":true,"href":"https:\/\/zamuletas.lt\/en\/wp-json\/wp\/v2\/product_cat?post=30459"},{"taxonomy":"product_tag","embeddable":true,"href":"https:\/\/zamuletas.lt\/en\/wp-json\/wp\/v2\/product_tag?post=30459"}],"curies":[{"name":"wp","href":"https:\/\/api.w.org\/{rel}","templated":true}]}}