{"id":30501,"date":"2026-02-09T14:46:11","date_gmt":"2026-02-09T12:46:11","guid":{"rendered":"https:\/\/zamuletas.lt\/?post_type=product&#038;p=30501"},"modified":"2026-02-24T13:40:20","modified_gmt":"2026-02-24T11:40:20","slug":"ranku-darbo-ziedas-is-tauriojo-elnio-rago-su-baltu-simboliais","status":"publish","type":"product","link":"https:\/\/zamuletas.lt\/en\/produktas\/ranku-darbo-ziedas-is-tauriojo-elnio-rago-su-baltu-simboliais\/","title":{"rendered":"Rank\u0173 darbo \u017eiedas i\u0161 Tauriojo elnio rago su Balt\u0173 simboliais"},"content":{"rendered":"<p>\u0160is unikalus \u017eiedas \u2013 tai rank\u0173 darbo k\u016brinys, gim\u0119s i\u0161 pagarbos gamtai, senajai Balt\u0173 kult\u016brai ir lietuvi\u0161koms \u0161aknims. \u017diedas pagamintas i\u0161 <strong>Lietuvos mi\u0161kuose rasto Tauriojo elnio rago<\/strong>, kruop\u0161\u010diai apdirbto rankomis, be masin\u0117s gamybos ar \u0161ablon\u0173 \u2013 kiekvienas toks \u017eiedas yra <strong>vienetinis<\/strong>.<\/p>\n<p>\u017diedo pavir\u0161ius dekoruotas <strong>i\u0161degintais lietuvi\u0173 Balt\u0173 simboliais \u2013 \u017eirgeliais \/ arkliukais<\/strong>, kurie nuo seno laikomi gyvyb\u0117s, jud\u0117jimo, apsaugos ir dvasin\u0117s stipryb\u0117s \u017eenklais. Tai simbolis \u017emogui, vertinan\u010diam laisv\u0119, ry\u0161\u012f su prot\u0117viais ir gamtos energij\u0105.<\/p>\n<p>\u0160iam dirbiniui atiduota vis\u0105 \u017emogi\u0161ka energija \u2013 nuo med\u017eiagos pasirinkimo iki paskutinio prisilietimo. Tai ne tik papuo\u0161alas, bet ir <strong>ma\u017ea istorijos dalis<\/strong>, kuri\u0105 galima ne\u0161ioti kasdien.<\/p>\n<p>Puikiai tinka tiems, kurie ie\u0161ko <strong>autenti\u0161ko, prasmingo ir nat\u016bralaus<\/strong> papuo\u0161alo sau ar kaip ypatingos reik\u0161m\u0117s dovanos. Tinka vyrams ir moterims.<\/p>\n<p>Pagaminta Lietuvoje. Rank\u0173 darbo \u017eiedas i\u0161 Tauriojo elnio rago su Balt\u0173 simboliais.<\/p>\n","protected":false},"excerpt":{"rendered":"<p>Rank\u0173 darbo \u017eiedas i\u0161 Lietuvos mi\u0161kuose rasto Tauriojo elnio rago, dekoruotas i\u0161degintais <strong>lietuvi\u0173 Balt\u0173 simboliai<\/strong>s \u2013 \u017eirgeliais \/ arkliukais. Kiekvienas \u017eiedas kruop\u0161\u010diai pagamintas <strong>rankomis<\/strong>, i\u0161saugant nat\u016brali\u0105 med\u017eiagos dvasi\u0105 ir unikalum\u0105. Lengvas, autenti\u0161kas ir prasmingas papuo\u0161alas tiems, kurie vertina <strong>ry\u0161\u012f su gamta ir prot\u0117vi\u0173 kult\u016bra<\/strong>. Rank\u0173 darbo \u017eiedas i\u0161 Tauriojo elnio rago su Balt\u0173 simboliais.<\/p>\n<p><img loading=\"lazy\" decoding=\"async\" class=\"aligncenter wp-image-29601 size-full\" src=\"https:\/\/zamuletas.lt\/wp-content\/uploads\/2025\/12\/Pagaminta-Lietuvoje-2.png\" alt=\"\" width=\"600\" height=\"200\" srcset=\"https:\/\/zamuletas.lt\/wp-content\/uploads\/2025\/12\/Pagaminta-Lietuvoje-2.png 600w, https:\/\/zamuletas.lt\/wp-content\/uploads\/2025\/12\/Pagaminta-Lietuvoje-2-430x143.png 430w, https:\/\/zamuletas.lt\/wp-content\/uploads\/2025\/12\/Pagaminta-Lietuvoje-2-150x50.png 150w, https:\/\/zamuletas.lt\/wp-content\/uploads\/2025\/12\/Pagaminta-Lietuvoje-2-400x133.png 400w\" sizes=\"auto, (max-width: 600px) 100vw, 600px\" \/><\/p>\n","protected":false},"featured_media":30502,"comment_status":"open","ping_status":"closed","template":"","meta":[],"product_brand":[],"product_cat":[85],"product_tag":[],"class_list":{"0":"post-30501","1":"product","2":"type-product","3":"status-publish","4":"has-post-thumbnail","6":"product_cat-rago-dirbiniai","8":"first","9":"instock","10":"taxable","11":"shipping-taxable","12":"purchasable","13":"product-type-simple"},"_links":{"self":[{"href":"https:\/\/zamuletas.lt\/en\/wp-json\/wp\/v2\/product\/30501","targetHints":{"allow":["GET"]}}],"collection":[{"href":"https:\/\/zamuletas.lt\/en\/wp-json\/wp\/v2\/product"}],"about":[{"href":"https:\/\/zamuletas.lt\/en\/wp-json\/wp\/v2\/types\/product"}],"replies":[{"embeddable":true,"href":"https:\/\/zamuletas.lt\/en\/wp-json\/wp\/v2\/comments?post=30501"}],"version-history":[{"count":5,"href":"https:\/\/zamuletas.lt\/en\/wp-json\/wp\/v2\/product\/30501\/revisions"}],"predecessor-version":[{"id":30698,"href":"https:\/\/zamuletas.lt\/en\/wp-json\/wp\/v2\/product\/30501\/revisions\/30698"}],"wp:featuredmedia":[{"embeddable":true,"href":"https:\/\/zamuletas.lt\/en\/wp-json\/wp\/v2\/media\/30502"}],"wp:attachment":[{"href":"https:\/\/zamuletas.lt\/en\/wp-json\/wp\/v2\/media?parent=30501"}],"wp:term":[{"taxonomy":"product_brand","embeddable":true,"href":"https:\/\/zamuletas.lt\/en\/wp-json\/wp\/v2\/product_brand?post=30501"},{"taxonomy":"product_cat","embeddable":true,"href":"https:\/\/zamuletas.lt\/en\/wp-json\/wp\/v2\/product_cat?post=30501"},{"taxonomy":"product_tag","embeddable":true,"href":"https:\/\/zamuletas.lt\/en\/wp-json\/wp\/v2\/product_tag?post=30501"}],"curies":[{"name":"wp","href":"https:\/\/api.w.org\/{rel}","templated":true}]}}