{"id":30541,"date":"2026-02-10T15:26:03","date_gmt":"2026-02-10T13:26:03","guid":{"rendered":"https:\/\/zamuletas.lt\/?post_type=product&#038;p=30541"},"modified":"2026-02-24T13:37:39","modified_gmt":"2026-02-24T11:37:39","slug":"ranku-darbo-kaulinis-ziedas-amuletas-su-baltu-simboliais","status":"publish","type":"product","link":"https:\/\/zamuletas.lt\/en\/produktas\/ranku-darbo-kaulinis-ziedas-amuletas-su-baltu-simboliais\/","title":{"rendered":"Rank\u0173 darbo kaulinis \u017eiedas\u2013amuletas su Balt\u0173 simboliais"},"content":{"rendered":"<p data-start=\"303\" data-end=\"562\">\u0160is i\u0161skirtinis \u017eiedas gim\u0117 i\u0161 Lietuvos mi\u0161k\u0173 \u2013 tai rank\u0173 darbo k\u016brinys i\u0161 nat\u016bralaus \u0161erno \u017eandikaulio, rasto tankioje Lietuvos girioje. Tai ne masin\u0117s gamybos papuo\u0161alas, o vienetinis autorinis dirbinys, \u012f kur\u012f sud\u0117ta patirtis, pagarba gamtai ir senajai <strong>Balt\u0173<\/strong> pasaul\u0117jautai.<\/p>\n<p data-start=\"564\" data-end=\"800\">\u017diede i\u0161deginti <strong data-start=\"580\" data-end=\"615\">Balt\u0173 Saul\u0117s ir Perk\u016bno \u017eenklai<\/strong> \u2013 senoviniai simboliai, siejami su gyvybine energija, apsauga, stiprybe ir dvasine pusiausvyra. D\u0117l to \u0161is \u017eiedas tampa ne tik papuo\u0161alu, bet ir <strong data-start=\"761\" data-end=\"772\">amuletu<\/strong>, skirtu ne\u0161ioti s\u0105moningai.<\/p>\n<p data-start=\"802\" data-end=\"1060\">Unikali \u017eiedo forma i\u0161saugo nat\u016brali\u0105 kaulo tekst\u016br\u0105, o vir\u0161utin\u0117je dalyje i\u0161ry\u0161k\u0117ja <strong data-start=\"887\" data-end=\"906\">kar\u016bna \u2013 dantis<\/strong>, suteikiantis dirbiniui archaji\u0161k\u0105, laukin\u0119 estetik\u0105. Kiekvienas nelygumas, atspalvis ar \u017eym\u0117 liudija tikrum\u0105 \u2013 dviej\u0173 visi\u0161kai vienod\u0173 toki\u0173 \u017eied\u0173 n\u0117ra. Rank\u0173 darbo kaulinis \u017eiedas\u2013amuletas su Balt\u0173 simboliais.<\/p>\n<p data-start=\"1062\" data-end=\"1083\"><strong data-start=\"1062\" data-end=\"1083\">Charakteristikos:<\/strong><\/p>\n<ul data-start=\"1084\" data-end=\"1306\">\n<li data-start=\"1084\" data-end=\"1132\">\n<p data-start=\"1086\" data-end=\"1132\">Med\u017eiaga: nat\u016bralus \u0161erno \u017eandikaulio kaulas<\/p>\n<\/li>\n<li data-start=\"1133\" data-end=\"1200\">\n<p data-start=\"1135\" data-end=\"1200\">Simboliai: Balt\u0173 Saul\u0117s ir Perk\u016bno \u017eenklai (i\u0161deginti rankomis)<\/p>\n<\/li>\n<li data-start=\"1201\" data-end=\"1227\">\n<p data-start=\"1203\" data-end=\"1227\">Tipas: \u017eiedas\u2013amuletas<\/p>\n<\/li>\n<li data-start=\"1228\" data-end=\"1245\">\n<p data-start=\"1230\" data-end=\"1245\">Svoris: ~11 g<\/p>\n<\/li>\n<li data-start=\"1246\" data-end=\"1263\">\n<p data-start=\"1248\" data-end=\"1263\">Storis: ~2 mm<\/p>\n<\/li>\n<li data-start=\"1264\" data-end=\"1282\">\n<p data-start=\"1266\" data-end=\"1282\">Plotis: ~13 mm<\/p>\n<\/li>\n<li data-start=\"1283\" data-end=\"1306\">\n<p data-start=\"1285\" data-end=\"1306\">Dydis: EU 11 \/ US 5,5<\/p>\n<\/li>\n<\/ul>\n<p data-start=\"1308\" data-end=\"1480\">\u0160is \u017eiedas skirtas tiems, kurie vertina <strong data-start=\"1348\" data-end=\"1411\">rank\u0173 darb\u0105, autenti\u0161kum\u0105, Balt\u0173 simbolik\u0105 ir ry\u0161\u012f su gamta<\/strong>. Tai ne tik papuo\u0161alas \u2013 tai istorija, j\u0117ga ir asmeninis talismanas.<\/p>\n<p>Tinka ne\u0161ioti tiek vyrams, tiek ir moterims. Pagamintas Lietuvoje.<\/p>\n","protected":false},"excerpt":{"rendered":"<p><strong data-start=\"110\" data-end=\"159\">Kaulinis \u017eiedas\u2013amuletas i\u0161 \u0161erno \u017eandikaulio<\/strong><br data-start=\"159\" data-end=\"162\" \/>Gim\u0119s i\u0161 Lietuvos mi\u0161k\u0173, rank\u0173 darbo k\u016brinys i\u0161 nat\u016bralaus \u0161erno kaulo. \u017diede i\u0161deginti <strong>Balt\u0173 Saul\u0117s ir Perk\u016bno<\/strong> \u017eenklai \u2013 apsaugos, j\u0117gos ir gyvybin\u0117s energijos simboliai. Kar\u016bna\u2013dantis saugo laukin\u0119 prigimt\u012f ir ry\u0161\u012f su prot\u0117vi\u0173 pasauliu. Tai amuletas tiems, kurie eina savu keliu ir ne\u0161iojasi mi\u0161ko dvasi\u0105 su savimi. Rank\u0173 darbo kaulinis \u017eiedas\u2013amuletas su Balt\u0173 simboliais.<\/p>\n<p><img loading=\"lazy\" decoding=\"async\" class=\"aligncenter wp-image-29601 size-full\" src=\"https:\/\/zamuletas.lt\/wp-content\/uploads\/2025\/12\/Pagaminta-Lietuvoje-2.png\" alt=\"\" width=\"600\" height=\"200\" srcset=\"https:\/\/zamuletas.lt\/wp-content\/uploads\/2025\/12\/Pagaminta-Lietuvoje-2.png 600w, https:\/\/zamuletas.lt\/wp-content\/uploads\/2025\/12\/Pagaminta-Lietuvoje-2-430x143.png 430w, https:\/\/zamuletas.lt\/wp-content\/uploads\/2025\/12\/Pagaminta-Lietuvoje-2-150x50.png 150w, https:\/\/zamuletas.lt\/wp-content\/uploads\/2025\/12\/Pagaminta-Lietuvoje-2-400x133.png 400w\" sizes=\"auto, (max-width: 600px) 100vw, 600px\" \/><\/p>\n","protected":false},"featured_media":30543,"comment_status":"open","ping_status":"closed","template":"","meta":[],"product_brand":[],"product_cat":[86],"product_tag":[],"class_list":{"0":"post-30541","1":"product","2":"type-product","3":"status-publish","4":"has-post-thumbnail","6":"product_cat-kaulo-dirbiniai","8":"first","9":"instock","10":"taxable","11":"shipping-taxable","12":"purchasable","13":"product-type-simple"},"_links":{"self":[{"href":"https:\/\/zamuletas.lt\/en\/wp-json\/wp\/v2\/product\/30541","targetHints":{"allow":["GET"]}}],"collection":[{"href":"https:\/\/zamuletas.lt\/en\/wp-json\/wp\/v2\/product"}],"about":[{"href":"https:\/\/zamuletas.lt\/en\/wp-json\/wp\/v2\/types\/product"}],"replies":[{"embeddable":true,"href":"https:\/\/zamuletas.lt\/en\/wp-json\/wp\/v2\/comments?post=30541"}],"version-history":[{"count":4,"href":"https:\/\/zamuletas.lt\/en\/wp-json\/wp\/v2\/product\/30541\/revisions"}],"predecessor-version":[{"id":30692,"href":"https:\/\/zamuletas.lt\/en\/wp-json\/wp\/v2\/product\/30541\/revisions\/30692"}],"wp:featuredmedia":[{"embeddable":true,"href":"https:\/\/zamuletas.lt\/en\/wp-json\/wp\/v2\/media\/30543"}],"wp:attachment":[{"href":"https:\/\/zamuletas.lt\/en\/wp-json\/wp\/v2\/media?parent=30541"}],"wp:term":[{"taxonomy":"product_brand","embeddable":true,"href":"https:\/\/zamuletas.lt\/en\/wp-json\/wp\/v2\/product_brand?post=30541"},{"taxonomy":"product_cat","embeddable":true,"href":"https:\/\/zamuletas.lt\/en\/wp-json\/wp\/v2\/product_cat?post=30541"},{"taxonomy":"product_tag","embeddable":true,"href":"https:\/\/zamuletas.lt\/en\/wp-json\/wp\/v2\/product_tag?post=30541"}],"curies":[{"name":"wp","href":"https:\/\/api.w.org\/{rel}","templated":true}]}}