{"id":30549,"date":"2026-02-10T19:10:52","date_gmt":"2026-02-10T17:10:52","guid":{"rendered":"https:\/\/zamuletas.lt\/?post_type=product&#038;p=30549"},"modified":"2026-03-07T07:25:21","modified_gmt":"2026-03-07T05:25:21","slug":"ranku-darbo-naturalaus-kaulo-ziedas-su-dantimi","status":"publish","type":"product","link":"https:\/\/zamuletas.lt\/en\/produktas\/ranku-darbo-naturalaus-kaulo-ziedas-su-dantimi\/","title":{"rendered":"Rank\u0173 darbo nat\u016bralaus kaulo \u017eiedas su dantimi"},"content":{"rendered":"<p data-start=\"286\" data-end=\"573\">\u0160is unikalus \u017eiedas \u2013 <strong data-start=\"308\" data-end=\"331\">rank\u0173 darbo k\u016brinys<\/strong>, pagamintas i\u0161 <strong data-start=\"347\" data-end=\"409\">Lietuvos girioje rasto mi\u0161k\u0173 knyslio \u0161erno \u017eandikaulio<\/strong>. Kiekvienas \u017eiedas gimsta i\u0161 ilgo, kruop\u0161taus ir atsakingo darbo, tod\u0117l n\u0117ra dviej\u0173 visi\u0161kai vienod\u0173 \u2013 tai <strong data-start=\"517\" data-end=\"572\">vienetinis dirbinys su savo charakteriu ir istorija<\/strong>.<\/p>\n<p data-start=\"575\" data-end=\"833\">Nat\u016bralus kaulas i\u0161saugojo savo autenti\u0161k\u0105 fakt\u016br\u0105, o \u017eiedo \u201ekar\u016bna\u201c \u2013 <strong data-start=\"646\" data-end=\"669\">tikras \u0161erno dantis<\/strong> \u2013 suteikia jam laukin\u0117s gamtos j\u0117gos, archaji\u0161kumo ir stipryb\u0117s simbolik\u0105. Tai papuo\u0161alas tiems, kurie vertina <strong data-start=\"781\" data-end=\"832\">nat\u016bralum\u0105, sen\u0105sias med\u017eiagas ir ry\u0161\u012f su gamta<\/strong>. Rank\u0173 darbo nat\u016bralaus kaulo \u017eiedas su dantimi<\/p>\n<p data-start=\"835\" data-end=\"914\">\u017diedas tvirtas, bet lengvas, malonus d\u0117v\u0117ti kasdien ar kaip i\u0161skirtin\u012f akcent\u0105.<\/p>\n<p data-start=\"916\" data-end=\"928\"><strong data-start=\"916\" data-end=\"928\">Savyb\u0117s:<\/strong><\/p>\n<ul data-start=\"929\" data-end=\"1114\">\n<li data-start=\"929\" data-end=\"977\">\n<p data-start=\"931\" data-end=\"977\">Med\u017eiaga: nat\u016bralus \u0161erno \u017eandikaulio kaulas<\/p>\n<\/li>\n<li data-start=\"978\" data-end=\"1003\">\n<p data-start=\"980\" data-end=\"1003\">Kar\u016bna: tikras dantis<\/p>\n<\/li>\n<li data-start=\"1004\" data-end=\"1020\">\n<p data-start=\"1006\" data-end=\"1020\">Svoris: 18 g<\/p>\n<\/li>\n<li data-start=\"1021\" data-end=\"1037\">\n<p data-start=\"1023\" data-end=\"1037\">Storis: 2 mm<\/p>\n<\/li>\n<li data-start=\"1038\" data-end=\"1055\">\n<p data-start=\"1040\" data-end=\"1055\">Plotis: 15 mm<\/p>\n<\/li>\n<li data-start=\"1056\" data-end=\"1081\">\n<p data-start=\"1058\" data-end=\"1081\">Dydis: EU 11 \/ US 5,5<\/p>\n<\/li>\n<li data-start=\"1082\" data-end=\"1114\">\n<p data-start=\"1084\" data-end=\"1114\">Pagaminta rankomis Lietuvoje<\/p>\n<\/li>\n<\/ul>\n<p data-start=\"1116\" data-end=\"1244\">Kadangi tai <strong data-start=\"1131\" data-end=\"1152\">nat\u016brali med\u017eiaga<\/strong>, galimi ne\u017eym\u016bs atspalvio ar tekst\u016bros skirtumai \u2013 tai dar labiau pabr\u0117\u017eia \u017eiedo unikalum\u0105.<\/p>\n<p>Tinka ne\u0161ioti tiek vyrams, tiek ir moterims. Pagamintas Lietuvoje.<\/p>\n","protected":false},"excerpt":{"rendered":"<p>\u0160is \u017eiedas gim\u0117 <strong data-start=\"186\" data-end=\"208\">po senais med\u017eiais<\/strong>, ten, kur giria dar kalba su tais, kurie moka klausytis. Jis i\u0161dro\u017etas i\u0161 <strong data-start=\"283\" data-end=\"310\">\u0161erno \u017eandikaulio kaulo<\/strong> \u2013 gyv\u016bno, kuris <strong>Balt\u0173<\/strong> pasaul\u0117jautoje simbolizavo <strong data-start=\"360\" data-end=\"403\">karing\u0105 j\u0117g\u0105, vaisingum\u0105 ir \u017eem\u0117s gali\u0105<\/strong>. Dantis \u2013 tarsi <strong data-start=\"420\" data-end=\"447\">aukos ir globos \u017eenklas<\/strong>, saugantis ne\u0161iotoj\u0105. Rank\u0173 darbo nat\u016bralaus kaulo \u017eiedas su dantimi.<\/p>\n<p><img loading=\"lazy\" decoding=\"async\" class=\"aligncenter wp-image-29601 size-full\" src=\"https:\/\/zamuletas.lt\/wp-content\/uploads\/2025\/12\/Pagaminta-Lietuvoje-2.png\" alt=\"\" width=\"600\" height=\"200\" srcset=\"https:\/\/zamuletas.lt\/wp-content\/uploads\/2025\/12\/Pagaminta-Lietuvoje-2.png 600w, https:\/\/zamuletas.lt\/wp-content\/uploads\/2025\/12\/Pagaminta-Lietuvoje-2-430x143.png 430w, https:\/\/zamuletas.lt\/wp-content\/uploads\/2025\/12\/Pagaminta-Lietuvoje-2-150x50.png 150w, https:\/\/zamuletas.lt\/wp-content\/uploads\/2025\/12\/Pagaminta-Lietuvoje-2-400x133.png 400w\" sizes=\"auto, (max-width: 600px) 100vw, 600px\" \/><\/p>\n","protected":false},"featured_media":30552,"comment_status":"open","ping_status":"closed","template":"","meta":[],"product_brand":[],"product_cat":[86],"product_tag":[],"class_list":{"0":"post-30549","1":"product","2":"type-product","3":"status-publish","4":"has-post-thumbnail","6":"product_cat-kaulo-dirbiniai","8":"first","9":"outofstock","10":"taxable","11":"shipping-taxable","12":"purchasable","13":"product-type-simple"},"_links":{"self":[{"href":"https:\/\/zamuletas.lt\/en\/wp-json\/wp\/v2\/product\/30549","targetHints":{"allow":["GET"]}}],"collection":[{"href":"https:\/\/zamuletas.lt\/en\/wp-json\/wp\/v2\/product"}],"about":[{"href":"https:\/\/zamuletas.lt\/en\/wp-json\/wp\/v2\/types\/product"}],"replies":[{"embeddable":true,"href":"https:\/\/zamuletas.lt\/en\/wp-json\/wp\/v2\/comments?post=30549"}],"version-history":[{"count":3,"href":"https:\/\/zamuletas.lt\/en\/wp-json\/wp\/v2\/product\/30549\/revisions"}],"predecessor-version":[{"id":30691,"href":"https:\/\/zamuletas.lt\/en\/wp-json\/wp\/v2\/product\/30549\/revisions\/30691"}],"wp:featuredmedia":[{"embeddable":true,"href":"https:\/\/zamuletas.lt\/en\/wp-json\/wp\/v2\/media\/30552"}],"wp:attachment":[{"href":"https:\/\/zamuletas.lt\/en\/wp-json\/wp\/v2\/media?parent=30549"}],"wp:term":[{"taxonomy":"product_brand","embeddable":true,"href":"https:\/\/zamuletas.lt\/en\/wp-json\/wp\/v2\/product_brand?post=30549"},{"taxonomy":"product_cat","embeddable":true,"href":"https:\/\/zamuletas.lt\/en\/wp-json\/wp\/v2\/product_cat?post=30549"},{"taxonomy":"product_tag","embeddable":true,"href":"https:\/\/zamuletas.lt\/en\/wp-json\/wp\/v2\/product_tag?post=30549"}],"curies":[{"name":"wp","href":"https:\/\/api.w.org\/{rel}","templated":true}]}}