{"id":30583,"date":"2026-02-13T16:25:37","date_gmt":"2026-02-13T14:25:37","guid":{"rendered":"https:\/\/zamuletas.lt\/?post_type=product&#038;p=30583"},"modified":"2026-02-24T13:34:49","modified_gmt":"2026-02-24T11:34:49","slug":"zenkliukas-tauriojo-elnio-galva","status":"publish","type":"product","link":"https:\/\/zamuletas.lt\/en\/produktas\/zenkliukas-tauriojo-elnio-galva\/","title":{"rendered":"\u017denkliukas \u201eTauriojo elnio galva\u201c"},"content":{"rendered":"<h2 data-start=\"198\" data-end=\"270\">\u201eTauriojo elnio galva\u201c \u2013 rank\u0173 darbo \u017ealvarinis \u017eenkliukas<\/h2>\n<p data-start=\"272\" data-end=\"584\">Tai i\u0161skirtinis autorinis papuo\u0161alas, \u012fkv\u0117ptas Lietuvos mi\u0161k\u0173 didyb\u0117s ir laukin\u0117s gamtos simbolikos. Elnias nuo sen\u0173 laik\u0173 laikomas kilnumo, stipryb\u0117s ir dvasin\u0117s pusiausvyros \u017eenklu, tod\u0117l \u0161is \u017eenkliukas turi ne tik estetin\u0119, bet ir simbolin\u0119 vert\u0119.<\/p>\n<p data-start=\"586\" data-end=\"867\">Kiekvienas \u017eenkliukas yra <strong data-start=\"612\" data-end=\"647\">pagamintas rankomis i\u0161 \u017ealvario<\/strong>, skiriant ypating\u0105 d\u0117mes\u012f formoms, reljefui ir detal\u0117ms. Nat\u016brali \u017ealvario spalva suteikia dirbiniui autenti\u0161kumo, o laikui b\u0117gant pavir\u0161ius gali nat\u016braliai pasidengti patina, taip dar labiau pabr\u0117\u017edamas rank\u0173 darbo charakter\u012f.<\/p>\n<p data-start=\"869\" data-end=\"1173\">\u0160is <strong data-start=\"873\" data-end=\"899\">rank\u0173 darbo \u017eenkliukas<\/strong> puikiai tinka prie \u0161varko, palto, kepur\u0117s ar kuprin\u0117s. Tai originali detal\u0117 vyrams ir moterims, vertinantiems gamtos simbolik\u0105 ir i\u0161skirtinius aksesuarus. Taip pat puiki dovanos id\u0117ja gamtos myl\u0117tojui ar autenti\u0161k\u0173 papuo\u0161al\u0173 gerb\u0117jui. \u017denkliukas \u201eTauriojo elnio galva\u201c.<\/p>\n<h3 data-start=\"1175\" data-end=\"1195\">Produkto savyb\u0117s<\/h3>\n<ul data-start=\"1196\" data-end=\"1346\">\n<li data-start=\"1196\" data-end=\"1218\">\n<p data-start=\"1198\" data-end=\"1218\">Med\u017eiaga: \u017ealvaris<\/p>\n<\/li>\n<li data-start=\"1219\" data-end=\"1243\">\n<p data-start=\"1221\" data-end=\"1243\">Gamyba: rank\u0173 darbas<\/p>\n<\/li>\n<li data-start=\"1244\" data-end=\"1259\">\n<p data-start=\"1246\" data-end=\"1259\">Svoris: 3 g<\/p>\n<\/li>\n<li data-start=\"1260\" data-end=\"1278\">\n<p data-start=\"1262\" data-end=\"1278\">Auk\u0161tis: 25 mm<\/p>\n<\/li>\n<li data-start=\"1279\" data-end=\"1296\">\n<p data-start=\"1281\" data-end=\"1296\">Plotis: 18 mm<\/p>\n<\/li>\n<li data-start=\"1297\" data-end=\"1313\">\n<p data-start=\"1299\" data-end=\"1313\">Storis: 1 mm<\/p>\n<\/li>\n<li data-start=\"1314\" data-end=\"1346\">\n<p data-start=\"1316\" data-end=\"1346\">U\u017esegimas: tvirtai u\u017esukamas<\/p>\n<\/li>\n<\/ul>\n<h3 data-start=\"1348\" data-end=\"1385\">Kod\u0117l verta rinktis \u0161\u012f \u017eenkliuk\u0105?<\/h3>\n<ul data-start=\"1386\" data-end=\"1569\">\n<li data-start=\"1386\" data-end=\"1435\">\n<p data-start=\"1388\" data-end=\"1435\">Autenti\u0161kas <strong data-start=\"1400\" data-end=\"1435\">lietuvi\u0161kas rank\u0173 darbo gaminys<\/strong><\/p>\n<\/li>\n<li data-start=\"1436\" data-end=\"1469\">\n<p data-start=\"1438\" data-end=\"1469\">Nat\u016bralus ir ilgaam\u017eis \u017ealvaris<\/p>\n<\/li>\n<li data-start=\"1470\" data-end=\"1497\">\n<p data-start=\"1472\" data-end=\"1497\">Prasmingas elnio simbolis<\/p>\n<\/li>\n<li data-start=\"1498\" data-end=\"1528\">\n<p data-start=\"1500\" data-end=\"1528\">Tvirtas, patikimas u\u017esegimas<\/p>\n<\/li>\n<li data-start=\"1529\" data-end=\"1569\">\n<p data-start=\"1531\" data-end=\"1569\">Tinka kasdieniam ne\u0161iojimui ir dovanai<\/p>\n<\/li>\n<\/ul>\n<p data-start=\"1571\" data-end=\"1686\">Kiekvienas \u017eenkliukas yra unikalus \u2013 galimi ne\u017eym\u016bs pavir\u0161iaus ar spalvos skirtumai, b\u016bdingi rank\u0173 darbo gaminiams. Tinka vyrams ir moterims.<\/p>\n<p data-start=\"1096\" data-end=\"1193\">Pagaminta Lietuvoje.<\/p>\n","protected":false},"excerpt":{"rendered":"<p data-start=\"119\" data-end=\"318\">I\u0161 \u017ealvario rankomis gim\u0119s <strong data-start=\"146\" data-end=\"183\">\u017eenkliukas \u201eTauriojo elnio galva\u201c<\/strong> \u2013 tai sen\u0173j\u0173 mi\u0161k\u0173 dvasios \u017eenklas. Elnias nuo seno laikomas tarpininku tarp pasauli\u0173, vedliu per tyl\u0105, stipryb\u0119 ir vidin\u0119 pusiausvyr\u0105.<\/p>\n<p data-start=\"320\" data-end=\"517\">Kiekviena linija i\u0161lieta su ketinimu ir kantrybe, o nat\u016bralus \u017ealvaris saugo laiko p\u0117dsakus. Tvirtas u\u017esukamas u\u017esegimas leid\u017eia \u0161\u012f \u017eenkl\u0105 ne\u0161ioti kasdien \u2013 kaip apsaug\u0105, atmint\u012f ar tyl\u0173 talisman\u0105.<img loading=\"lazy\" decoding=\"async\" class=\"aligncenter wp-image-29601 size-full\" src=\"https:\/\/zamuletas.lt\/wp-content\/uploads\/2025\/12\/Pagaminta-Lietuvoje-2.png\" alt=\"\" width=\"600\" height=\"200\" srcset=\"https:\/\/zamuletas.lt\/wp-content\/uploads\/2025\/12\/Pagaminta-Lietuvoje-2.png 600w, https:\/\/zamuletas.lt\/wp-content\/uploads\/2025\/12\/Pagaminta-Lietuvoje-2-430x143.png 430w, https:\/\/zamuletas.lt\/wp-content\/uploads\/2025\/12\/Pagaminta-Lietuvoje-2-150x50.png 150w, https:\/\/zamuletas.lt\/wp-content\/uploads\/2025\/12\/Pagaminta-Lietuvoje-2-400x133.png 400w\" sizes=\"auto, (max-width: 600px) 100vw, 600px\" \/><\/p>\n","protected":false},"featured_media":30584,"comment_status":"open","ping_status":"closed","template":"","meta":[],"product_brand":[],"product_cat":[81],"product_tag":[],"class_list":{"0":"post-30583","1":"product","2":"type-product","3":"status-publish","4":"has-post-thumbnail","6":"product_cat-zenkliukai","8":"first","9":"instock","10":"taxable","11":"shipping-taxable","12":"purchasable","13":"product-type-simple"},"_links":{"self":[{"href":"https:\/\/zamuletas.lt\/en\/wp-json\/wp\/v2\/product\/30583","targetHints":{"allow":["GET"]}}],"collection":[{"href":"https:\/\/zamuletas.lt\/en\/wp-json\/wp\/v2\/product"}],"about":[{"href":"https:\/\/zamuletas.lt\/en\/wp-json\/wp\/v2\/types\/product"}],"replies":[{"embeddable":true,"href":"https:\/\/zamuletas.lt\/en\/wp-json\/wp\/v2\/comments?post=30583"}],"version-history":[{"count":3,"href":"https:\/\/zamuletas.lt\/en\/wp-json\/wp\/v2\/product\/30583\/revisions"}],"predecessor-version":[{"id":30684,"href":"https:\/\/zamuletas.lt\/en\/wp-json\/wp\/v2\/product\/30583\/revisions\/30684"}],"wp:featuredmedia":[{"embeddable":true,"href":"https:\/\/zamuletas.lt\/en\/wp-json\/wp\/v2\/media\/30584"}],"wp:attachment":[{"href":"https:\/\/zamuletas.lt\/en\/wp-json\/wp\/v2\/media?parent=30583"}],"wp:term":[{"taxonomy":"product_brand","embeddable":true,"href":"https:\/\/zamuletas.lt\/en\/wp-json\/wp\/v2\/product_brand?post=30583"},{"taxonomy":"product_cat","embeddable":true,"href":"https:\/\/zamuletas.lt\/en\/wp-json\/wp\/v2\/product_cat?post=30583"},{"taxonomy":"product_tag","embeddable":true,"href":"https:\/\/zamuletas.lt\/en\/wp-json\/wp\/v2\/product_tag?post=30583"}],"curies":[{"name":"wp","href":"https:\/\/api.w.org\/{rel}","templated":true}]}}