{"id":30603,"date":"2026-02-18T19:49:43","date_gmt":"2026-02-18T17:49:43","guid":{"rendered":"https:\/\/zamuletas.lt\/?post_type=product&#038;p=30603"},"modified":"2026-02-24T13:33:29","modified_gmt":"2026-02-24T11:33:29","slug":"zalvarinis-zenkliukas-lietuvos-kurtinys-pievu-ir-durpynu-karalius-ant-sakos","status":"publish","type":"product","link":"https:\/\/zamuletas.lt\/en\/produktas\/zalvarinis-zenkliukas-lietuvos-kurtinys-pievu-ir-durpynu-karalius-ant-sakos\/","title":{"rendered":"\u017dalvarinis \u017eenkliukas: Lietuvos kurtinys (piev\u0173 ir durpyn\u0173 &#8220;Karalius&#8221;) ant \u0161akos"},"content":{"rendered":"<h4 data-path-to-node=\"13\"><b>Gamtos retenyb\u0117: kurtinys \u2013 i\u0161didumo ir tylos simbolis<\/b><\/h4>\n<p data-path-to-node=\"14\">\u0160is \u017ealvario \u017eenkliukas \u2013 tai i\u0161rai\u0161kingas aksesuaras, skirtas pabr\u0117\u017eti i\u0161skirtin\u0105 d\u0117mes\u012f gamtai. Kurtiniai simbolizuoja <b>i\u0161didum\u0105, retum\u0105 ir didel\u0119 gamtos j\u0117g\u0105<\/b>. <span class=\"T286Pc\" data-sfc-cp=\"\" data-complete=\"true\">\u0160is did\u017eiausias vi\u0161tini\u0173 \u0161eimos mi\u0161ko pauk\u0161tis yra \u012fra\u0161ytas \u012f Lietuvos raudon\u0105j\u0105 knyg\u0105 ir simbolizuoja b\u016btinyb\u0119 i\u0161saugoti didelius, senus mi\u0161k\u0173 plotus bei biologin\u0119 \u012fvairov\u0119. <\/span>Nepaisant dideli\u0173 matmen\u0173 (<b>21 mm auk\u0161\u010dio ir 22 mm plo\u010dio<\/b>), jis yra lengvas, tod\u0117l tinka ne\u0161ioti ant \u012fvairi\u0173 audini\u0173. \u017dalvarinis \u017eenkliukas: Lietuvos kurtinys (piev\u0173 ir durpyn\u0173 &#8220;Karalius&#8221;) ant \u0161akos.<\/p>\n<h4 data-path-to-node=\"15\"><b>Detal\u0117s ir patogumas<\/b><\/h4>\n<ul data-path-to-node=\"16\">\n<li>\n<p data-path-to-node=\"16,0,0\"><b>I\u0161rai\u0161kingumas:<\/b> d\u0117l <b>21 mm auk\u0161\u010dio<\/b> \u017eenkliukas yra matomas ir puikiai tinka atkreipti d\u0117mes\u012f.<\/p>\n<\/li>\n<li>\n<p data-path-to-node=\"16,1,0\"><b>Patikimas u\u017esegimas:<\/b> <strong>t<\/strong><b>virtai u\u017esukamas u\u017esegimas<\/b> u\u017etikrina patikim\u0105 tvirtinim\u0105 be dideli\u0173 pastang\u0173.<\/p>\n<\/li>\n<li>\n<p data-path-to-node=\"16,2,0\"><b>Svoris:<\/b> <b>5 g svoris<\/b> leid\u017eia ne\u0161ioti \u017eenkliuk\u0105 ant \u0161varko, megztinio, kepur\u0117s ar net palto.<\/p>\n<\/li>\n<li>\n<p data-path-to-node=\"16,3,0\"><b>Med\u017eiaga:<\/b> pagamintas i\u0161 autenti\u0161ko <b>\u017ealvario<\/b>.<\/p>\n<\/li>\n<\/ul>\n","protected":false},"excerpt":{"rendered":"<p>Rank\u0173 darbo \u017ealvario \u017eenkliukas, \u012fam\u017einantis diding\u0105 <b>Kurtin\u012f<\/b> \u2013 Lietuvos piev\u0173 ir durpyn\u0173 \u201eKarali\u0173\u201c. Simbolizuoja <b>i\u0161didum\u0105, retum\u0105 ir didel\u0119 gamtos j\u0117g\u0105<\/b>. D\u0117l <strong>22<\/strong> <b>mm plo\u010dio<\/b> ir <b>5 g svorio<\/b> yra puikiai matomas. U\u017esegimas tvirtai u\u017esukamas. \u017dalvarinis \u017eenkliukas: Lietuvos kurtinys (piev\u0173 ir durpyn\u0173 &#8220;Karalius&#8221;) ant \u0161akos.<img loading=\"lazy\" decoding=\"async\" class=\"aligncenter wp-image-29601 size-full\" src=\"https:\/\/zamuletas.lt\/wp-content\/uploads\/2025\/12\/Pagaminta-Lietuvoje-2.png\" alt=\"\" width=\"600\" height=\"200\" srcset=\"https:\/\/zamuletas.lt\/wp-content\/uploads\/2025\/12\/Pagaminta-Lietuvoje-2.png 600w, https:\/\/zamuletas.lt\/wp-content\/uploads\/2025\/12\/Pagaminta-Lietuvoje-2-430x143.png 430w, https:\/\/zamuletas.lt\/wp-content\/uploads\/2025\/12\/Pagaminta-Lietuvoje-2-150x50.png 150w, https:\/\/zamuletas.lt\/wp-content\/uploads\/2025\/12\/Pagaminta-Lietuvoje-2-400x133.png 400w\" sizes=\"auto, (max-width: 600px) 100vw, 600px\" \/><\/p>\n","protected":false},"featured_media":30605,"comment_status":"open","ping_status":"closed","template":"","meta":[],"product_brand":[],"product_cat":[81],"product_tag":[],"class_list":{"0":"post-30603","1":"product","2":"type-product","3":"status-publish","4":"has-post-thumbnail","6":"product_cat-zenkliukai","8":"first","9":"instock","10":"taxable","11":"shipping-taxable","12":"purchasable","13":"product-type-simple"},"_links":{"self":[{"href":"https:\/\/zamuletas.lt\/en\/wp-json\/wp\/v2\/product\/30603","targetHints":{"allow":["GET"]}}],"collection":[{"href":"https:\/\/zamuletas.lt\/en\/wp-json\/wp\/v2\/product"}],"about":[{"href":"https:\/\/zamuletas.lt\/en\/wp-json\/wp\/v2\/types\/product"}],"replies":[{"embeddable":true,"href":"https:\/\/zamuletas.lt\/en\/wp-json\/wp\/v2\/comments?post=30603"}],"version-history":[{"count":3,"href":"https:\/\/zamuletas.lt\/en\/wp-json\/wp\/v2\/product\/30603\/revisions"}],"predecessor-version":[{"id":30680,"href":"https:\/\/zamuletas.lt\/en\/wp-json\/wp\/v2\/product\/30603\/revisions\/30680"}],"wp:featuredmedia":[{"embeddable":true,"href":"https:\/\/zamuletas.lt\/en\/wp-json\/wp\/v2\/media\/30605"}],"wp:attachment":[{"href":"https:\/\/zamuletas.lt\/en\/wp-json\/wp\/v2\/media?parent=30603"}],"wp:term":[{"taxonomy":"product_brand","embeddable":true,"href":"https:\/\/zamuletas.lt\/en\/wp-json\/wp\/v2\/product_brand?post=30603"},{"taxonomy":"product_cat","embeddable":true,"href":"https:\/\/zamuletas.lt\/en\/wp-json\/wp\/v2\/product_cat?post=30603"},{"taxonomy":"product_tag","embeddable":true,"href":"https:\/\/zamuletas.lt\/en\/wp-json\/wp\/v2\/product_tag?post=30603"}],"curies":[{"name":"wp","href":"https:\/\/api.w.org\/{rel}","templated":true}]}}