{"id":30629,"date":"2026-02-22T09:50:32","date_gmt":"2026-02-22T07:50:32","guid":{"rendered":"https:\/\/zamuletas.lt\/?post_type=product&#038;p=30629"},"modified":"2026-02-24T13:32:18","modified_gmt":"2026-02-24T11:32:18","slug":"ranku-darbo-lietuviskas-odinis-tarpukario-lietuvos-karininko-dirzas","status":"publish","type":"product","link":"https:\/\/zamuletas.lt\/en\/produktas\/ranku-darbo-lietuviskas-odinis-tarpukario-lietuvos-karininko-dirzas\/","title":{"rendered":"Rank\u0173 darbo lietuvi\u0161kas odinis Tarpukario Lietuvos karininko dir\u017eas"},"content":{"rendered":"<h3 data-start=\"149\" data-end=\"230\">Rank\u0173 darbo lietuvi\u0161kas odinis dir\u017eas su istorin\u0117s karininko sagties motyvais<\/h3>\n<p data-start=\"232\" data-end=\"501\">Tai i\u0161skirtinis, <strong data-start=\"249\" data-end=\"290\">rank\u0173 darbo lietuvi\u0161kas odinis dir\u017eas<\/strong>, sukurtas su pagarba Lietuvos istorijai ir meistryst\u0117s tradicijoms. Kiekviena detal\u0117 apgalvota ir pagaminta rankomis, tod\u0117l \u0161is dir\u017eas \u2013 ne masin\u0117s gamybos aksesuaras, o ilgaam\u017eis, charakter\u012f turintis dirbinys.<\/p>\n<p data-start=\"503\" data-end=\"807\"><strong data-start=\"503\" data-end=\"513\">Sagtis<\/strong> pagaminta i\u0161 \u017ealvario ir <strong data-start=\"539\" data-end=\"605\">atkartoja autenti\u0161k\u0105 Tarpukario Lietuvos karininko dir\u017eo sagt\u012f<\/strong>. Jos centre ry\u0161kiai i\u0161kaltas <strong data-start=\"635\" data-end=\"653\">Lietuvos Vytis<\/strong>, apa\u010dioje \u2013 <strong data-start=\"666\" data-end=\"690\">Gediminai\u010di\u0173 stulpai<\/strong>, o vis\u0105 kompozicij\u0105 juosia <strong data-start=\"718\" data-end=\"753\">lietuvi\u0161ko \u0105\u017euolo lap\u0173 vainikas<\/strong> \u2013 stipryb\u0117s, ilgaam\u017ei\u0161kumo ir valstybingumo simbolis.<\/p>\n<p data-start=\"809\" data-end=\"1025\"><strong data-start=\"809\" data-end=\"819\">Dir\u017eas<\/strong> pagamintas i\u0161 nat\u016bralios, storos <strong data-start=\"853\" data-end=\"868\">jau\u010dio odos<\/strong>, pasi\u017eymin\u010dios ypatingu tvirtumu ir atsparumu d\u0117v\u0117jimuisi. Laikui b\u0117gant oda \u012fgauna dar gra\u017eesn\u012f charakter\u012f, tod\u0117l dir\u017eas tik stipr\u0117ja ir gra\u017e\u0117ja su metais.<\/p>\n<p data-start=\"1027\" data-end=\"1240\">Tai ne tik prakti\u0161kas aksesuaras, bet ir <strong data-start=\"1068\" data-end=\"1132\">lietuvi\u0161kos tapatyb\u0117s, istorijos bei pasidid\u017eiavimo simbolis<\/strong> \u2013 puikiai tinkantis kasdieniam ne\u0161iojimui, tautiniam kostiumui, rekonstrukcijoms ar kaip i\u0161skirtin\u0117 dovana.<\/p>\n<hr data-start=\"1242\" data-end=\"1245\" \/>\n<h4 data-start=\"1247\" data-end=\"1272\">Techniniai duomenys:<\/h4>\n<ul data-start=\"1273\" data-end=\"1510\">\n<li data-start=\"1273\" data-end=\"1300\">\n<p data-start=\"1275\" data-end=\"1300\">Dir\u017eo ilgis: <strong data-start=\"1288\" data-end=\"1298\">128 cm<\/strong><\/p>\n<\/li>\n<li data-start=\"1301\" data-end=\"1328\">\n<p data-start=\"1303\" data-end=\"1328\">Dir\u017eo plotis: <strong data-start=\"1317\" data-end=\"1326\">45 mm<\/strong><\/p>\n<\/li>\n<li data-start=\"1329\" data-end=\"1355\">\n<p data-start=\"1331\" data-end=\"1355\">Dir\u017eo storis: <strong data-start=\"1345\" data-end=\"1353\">3 mm<\/strong><\/p>\n<\/li>\n<li data-start=\"1356\" data-end=\"1387\">\n<p data-start=\"1358\" data-end=\"1387\">Sagties skersmuo: <strong data-start=\"1376\" data-end=\"1385\">57 mm<\/strong><\/p>\n<\/li>\n<li data-start=\"1388\" data-end=\"1427\">\n<p data-start=\"1390\" data-end=\"1427\">Med\u017eiagos: <strong data-start=\"1401\" data-end=\"1425\">jau\u010dio oda, \u017ealvaris<\/strong><\/p>\n<\/li>\n<li data-start=\"1428\" data-end=\"1457\">\n<p data-start=\"1430\" data-end=\"1457\">Bendras svoris: <strong data-start=\"1446\" data-end=\"1455\">232 g<\/strong><\/p>\n<\/li>\n<li data-start=\"1458\" data-end=\"1510\">\n<p data-start=\"1460\" data-end=\"1510\">Gamyba: <strong data-start=\"1468\" data-end=\"1510\">100 % rank\u0173 darbo, pagaminta Lietuvoje<\/strong><\/p>\n<\/li>\n<\/ul>\n","protected":false},"excerpt":{"rendered":"<p>\u0160is dir\u017eas &#8211; tai pagarba Lietuvai ir jos istorijai. \u017dalvarin\u0117 sagtis \u2013 <strong data-start=\"116\" data-end=\"125\">Vytis<\/strong>, <strong data-start=\"127\" data-end=\"151\">Gediminai\u010di\u0173 stulpai<\/strong> ir <strong data-start=\"155\" data-end=\"171\" data-is-only-node=\"\">\u0105\u017euolo lapai<\/strong>, \u017eenklai t\u0173, kurie stov\u0117jo tvirtai, kai Lietuvai to labiausiai reik\u0117jo.<br data-start=\"243\" data-end=\"246\" \/>Rank\u0173 darbo odinis dir\u017eas. Kruop\u0161\u010diai i\u0161dirbta jau\u010dio oda, ir autenti\u0161kai atkartota Tarpukario Lietuvos karinink\u0173 simbolika \u2013 laikotarpio, kai valstyb\u0117 buvo jauna, bet stipri, o garb\u0117, pareiga ir atsakomyb\u0117 tur\u0117jo tikr\u0105 svor\u012f. Jis skirtas ne\u0161ti ne tik daikt\u0105, bet ir atmint\u012f \u2013 tyl\u0173 pasidid\u017eiavim\u0105 savo \u017eeme. I\u0161kaltas <strong data-start=\"425\" data-end=\"434\">Vytis<\/strong> \u2013 dr\u0105sos ir laisv\u0117s \u017eenklas, <strong data-start=\"464\" data-end=\"488\">Gediminai\u010di\u0173 stulpai<\/strong> \u2013 valstyb\u0117s t\u0119stinumo simbolis, o <strong data-start=\"523\" data-end=\"547\">\u0105\u017euolo lap\u0173 vainikas<\/strong> kalba apie tvirtum\u0105, i\u0161tverm\u0119 ir ilgaam\u017ei\u0161kum\u0105.\u00a0 Rank\u0173 darbo lietuvi\u0161kas odinis Tarpukario Lietuvos karininko dir\u017eas.<img loading=\"lazy\" decoding=\"async\" class=\"aligncenter wp-image-29601 size-full\" src=\"https:\/\/zamuletas.lt\/wp-content\/uploads\/2025\/12\/Pagaminta-Lietuvoje-2.png\" alt=\"\" width=\"600\" height=\"200\" srcset=\"https:\/\/zamuletas.lt\/wp-content\/uploads\/2025\/12\/Pagaminta-Lietuvoje-2.png 600w, https:\/\/zamuletas.lt\/wp-content\/uploads\/2025\/12\/Pagaminta-Lietuvoje-2-430x143.png 430w, https:\/\/zamuletas.lt\/wp-content\/uploads\/2025\/12\/Pagaminta-Lietuvoje-2-150x50.png 150w, https:\/\/zamuletas.lt\/wp-content\/uploads\/2025\/12\/Pagaminta-Lietuvoje-2-400x133.png 400w\" sizes=\"auto, (max-width: 600px) 100vw, 600px\" \/><\/p>\n","protected":false},"featured_media":30630,"comment_status":"open","ping_status":"closed","template":"","meta":[],"product_brand":[],"product_cat":[83],"product_tag":[],"class_list":{"0":"post-30629","1":"product","2":"type-product","3":"status-publish","4":"has-post-thumbnail","6":"product_cat-suvenyrai","8":"first","9":"instock","10":"taxable","11":"shipping-taxable","12":"purchasable","13":"product-type-simple"},"_links":{"self":[{"href":"https:\/\/zamuletas.lt\/en\/wp-json\/wp\/v2\/product\/30629","targetHints":{"allow":["GET"]}}],"collection":[{"href":"https:\/\/zamuletas.lt\/en\/wp-json\/wp\/v2\/product"}],"about":[{"href":"https:\/\/zamuletas.lt\/en\/wp-json\/wp\/v2\/types\/product"}],"replies":[{"embeddable":true,"href":"https:\/\/zamuletas.lt\/en\/wp-json\/wp\/v2\/comments?post=30629"}],"version-history":[{"count":3,"href":"https:\/\/zamuletas.lt\/en\/wp-json\/wp\/v2\/product\/30629\/revisions"}],"predecessor-version":[{"id":30676,"href":"https:\/\/zamuletas.lt\/en\/wp-json\/wp\/v2\/product\/30629\/revisions\/30676"}],"wp:featuredmedia":[{"embeddable":true,"href":"https:\/\/zamuletas.lt\/en\/wp-json\/wp\/v2\/media\/30630"}],"wp:attachment":[{"href":"https:\/\/zamuletas.lt\/en\/wp-json\/wp\/v2\/media?parent=30629"}],"wp:term":[{"taxonomy":"product_brand","embeddable":true,"href":"https:\/\/zamuletas.lt\/en\/wp-json\/wp\/v2\/product_brand?post=30629"},{"taxonomy":"product_cat","embeddable":true,"href":"https:\/\/zamuletas.lt\/en\/wp-json\/wp\/v2\/product_cat?post=30629"},{"taxonomy":"product_tag","embeddable":true,"href":"https:\/\/zamuletas.lt\/en\/wp-json\/wp\/v2\/product_tag?post=30629"}],"curies":[{"name":"wp","href":"https:\/\/api.w.org\/{rel}","templated":true}]}}