{"id":30802,"date":"2026-03-04T17:31:28","date_gmt":"2026-03-04T15:31:28","guid":{"rendered":"https:\/\/zamuletas.lt\/?post_type=product&#038;p=30802"},"modified":"2026-03-04T17:48:26","modified_gmt":"2026-03-04T15:48:26","slug":"senovinis-baltu-spirales-amuletas","status":"publish","type":"product","link":"https:\/\/zamuletas.lt\/en\/produktas\/senovinis-baltu-spirales-amuletas\/","title":{"rendered":"Senovinis Balt\u0173 spiral\u0117s amuletas"},"content":{"rendered":"<p data-start=\"136\" data-end=\"396\">Autenti\u0161kas Balt\u0173 simbolikos amuletas, \u012fkv\u0117ptas sen\u0173j\u0173 \u017eenkl\u0173, rank\u0173 darbo gaminys pagamintas Lietuvoje. \u0160is dirbinys atkartoja archaji\u0161k\u0105 spiral\u0117s motyv\u0105 \u2013 vien\u0105 seniausi\u0173 Balt\u0173 ornament\u0173, simbolizuojant\u012f gyvyb\u0117s rat\u0105, saul\u0117s jud\u0117jim\u0105 ir nenutr\u016bkstam\u0105 energijos t\u0117km\u0119.<\/p>\n<p data-start=\"398\" data-end=\"434\">Spiral\u0117 Balt\u0173 pasaul\u0117\u017ei\u016broje rei\u0161k\u0117:<\/p>\n<ul data-start=\"435\" data-end=\"543\">\n<li data-start=\"435\" data-end=\"469\">\n<p data-start=\"437\" data-end=\"469\">Gyvyb\u0117s cikl\u0105 ir atsinaujinim\u0105<\/p>\n<\/li>\n<li data-start=\"470\" data-end=\"481\">\n<p data-start=\"472\" data-end=\"481\">Apsaug\u0105<\/p>\n<\/li>\n<li data-start=\"482\" data-end=\"510\">\n<p data-start=\"484\" data-end=\"510\">Stipryb\u0119 ir vidin\u0119 darn\u0105<\/p>\n<\/li>\n<li data-start=\"511\" data-end=\"543\">\n<p data-start=\"513\" data-end=\"543\">Ry\u0161\u012f su gamta bei prot\u0117viais<\/p>\n<\/li>\n<\/ul>\n<p data-start=\"545\" data-end=\"728\">Amuletas pagamintas i\u0161 \u017ealvario \u2013 metalo, nuo seno naudoto Balt\u0173 papuo\u0161aluose ir apeiginiuose dirbiniuose. \u0160iltas \u017ealvario atspalvis suteikia gaminiui archaji\u0161kumo ir tvirtumo poj\u016bt\u012f.<\/p>\n<h3 data-start=\"852\" data-end=\"877\">Technin\u0117 informacija:<\/h3>\n<ul data-start=\"878\" data-end=\"961\">\n<li data-start=\"878\" data-end=\"900\">\n<p data-start=\"880\" data-end=\"900\">Med\u017eiaga: \u017ealvaris<\/p>\n<\/li>\n<li data-start=\"901\" data-end=\"920\">\n<p data-start=\"903\" data-end=\"920\">Skersmuo: 50 mm<\/p>\n<\/li>\n<li data-start=\"921\" data-end=\"937\">\n<p data-start=\"923\" data-end=\"937\">Svoris: 25 g<\/p>\n<\/li>\n<li data-start=\"938\" data-end=\"961\">\n<p data-start=\"940\" data-end=\"961\">Rank\u0173 darbo gaminys<\/p>\n<\/li>\n<\/ul>\n<p data-start=\"963\" data-end=\"1147\">Amuletas pakabinamas ant tvirtos va\u0161kuotos medvilnin\u0117s virvut\u0117s su reguliuojamu mazgu. Virvut\u0117 patvari, patogi kasdieniam ne\u0161iojimui ir leid\u017eia lengvai prisitaikyti ilg\u012f pagal poreik\u012f. Tinka ne\u0161ioti ir vyrams, ir moterims.<\/p>\n","protected":false},"excerpt":{"rendered":"<p data-start=\"1218\" data-end=\"1292\">Gyvyb\u0117 prasideda centre. I\u0161 ten ji ple\u010diasi, stipr\u0117ja ir gr\u012f\u017eta atgal.\u00a0 \u0160i Balt\u0173 spiral\u0117 \u2013 tai Tavo vidin\u0117s j\u0117gos, apsaugos ir ry\u0161io su prot\u0117viais simbolis. Ne\u0161iok tai, kas primena: Tavo \u0161irdyje slypi visas pasaulis. Ne\u0161iodamas \u0161\u012f \u017eenkl\u0105, \u017emogus tarsi sujungia save su prot\u0117vi\u0173 i\u0161mintimi, su \u017deme, su Saule ir su am\u017einu gyvyb\u0117s ratu.<\/p>\n<p><img loading=\"lazy\" decoding=\"async\" class=\"aligncenter wp-image-29601 size-full\" src=\"https:\/\/zamuletas.lt\/wp-content\/uploads\/2025\/12\/Pagaminta-Lietuvoje-2.png\" alt=\"\" width=\"600\" height=\"200\" srcset=\"https:\/\/zamuletas.lt\/wp-content\/uploads\/2025\/12\/Pagaminta-Lietuvoje-2.png 600w, https:\/\/zamuletas.lt\/wp-content\/uploads\/2025\/12\/Pagaminta-Lietuvoje-2-430x143.png 430w, https:\/\/zamuletas.lt\/wp-content\/uploads\/2025\/12\/Pagaminta-Lietuvoje-2-150x50.png 150w, https:\/\/zamuletas.lt\/wp-content\/uploads\/2025\/12\/Pagaminta-Lietuvoje-2-400x133.png 400w\" sizes=\"auto, (max-width: 600px) 100vw, 600px\" \/><\/p>\n","protected":false},"featured_media":30804,"comment_status":"open","ping_status":"closed","template":"","meta":[],"product_brand":[],"product_cat":[23],"product_tag":[],"class_list":{"0":"post-30802","1":"product","2":"type-product","3":"status-publish","4":"has-post-thumbnail","6":"product_cat-amuletai-ir-kaklo-papuosalai","8":"first","9":"instock","10":"taxable","11":"shipping-taxable","12":"purchasable","13":"product-type-simple"},"_links":{"self":[{"href":"https:\/\/zamuletas.lt\/en\/wp-json\/wp\/v2\/product\/30802","targetHints":{"allow":["GET"]}}],"collection":[{"href":"https:\/\/zamuletas.lt\/en\/wp-json\/wp\/v2\/product"}],"about":[{"href":"https:\/\/zamuletas.lt\/en\/wp-json\/wp\/v2\/types\/product"}],"replies":[{"embeddable":true,"href":"https:\/\/zamuletas.lt\/en\/wp-json\/wp\/v2\/comments?post=30802"}],"version-history":[{"count":1,"href":"https:\/\/zamuletas.lt\/en\/wp-json\/wp\/v2\/product\/30802\/revisions"}],"predecessor-version":[{"id":30806,"href":"https:\/\/zamuletas.lt\/en\/wp-json\/wp\/v2\/product\/30802\/revisions\/30806"}],"wp:featuredmedia":[{"embeddable":true,"href":"https:\/\/zamuletas.lt\/en\/wp-json\/wp\/v2\/media\/30804"}],"wp:attachment":[{"href":"https:\/\/zamuletas.lt\/en\/wp-json\/wp\/v2\/media?parent=30802"}],"wp:term":[{"taxonomy":"product_brand","embeddable":true,"href":"https:\/\/zamuletas.lt\/en\/wp-json\/wp\/v2\/product_brand?post=30802"},{"taxonomy":"product_cat","embeddable":true,"href":"https:\/\/zamuletas.lt\/en\/wp-json\/wp\/v2\/product_cat?post=30802"},{"taxonomy":"product_tag","embeddable":true,"href":"https:\/\/zamuletas.lt\/en\/wp-json\/wp\/v2\/product_tag?post=30802"}],"curies":[{"name":"wp","href":"https:\/\/api.w.org\/{rel}","templated":true}]}}